{"id":2206,"date":"2013-08-13T16:26:34","date_gmt":"2013-08-13T16:26:34","guid":{"rendered":"http:\/\/tatianaleal.com.br\/decoracao\/?page_id=2206"},"modified":"2024-05-29T17:48:40","modified_gmt":"2024-05-29T20:48:40","slug":"quem-sou","status":"publish","type":"page","link":"https:\/\/tatianaleal.com.br\/decoracao\/quem-sou\/","title":{"rendered":"Quem Sou"},"content":{"rendered":"<h1>Seja muito bem-vindo!<\/h1>\n<div class=\"group\/conversation-turn relative flex w-full min-w-0 flex-col agent-turn\">\n<div class=\"flex-col gap-1 md:gap-3\">\n<div class=\"flex flex-grow flex-col max-w-full\">\n<div class=\"min-h-[20px] text-message flex flex-col items-start whitespace-pre-wrap break-words [.text-message+&amp;]:mt-5 juice:w-full juice:items-end overflow-x-auto gap-3\" dir=\"auto\" data-message-author-role=\"assistant\" data-message-id=\"62f9ed9a-0f54-4163-ab25-09547f9bad30\">\n<div class=\"markdown prose w-full break-words dark:prose-invert light\">\n<p>Sou Tatiana Leal, uma artista pl\u00e1stica e restauradora de antiguidades com uma paix\u00e3o duradoura pela arte e pelo restauro. Com mais de uma d\u00e9cada de experi\u00eancia, mergulho no mundo do restauro desde 2005, aprimorando minhas habilidades como autodidata nas artes pl\u00e1sticas.<\/p>\n<p>Minha miss\u00e3o \u00e9 intrinsecamente ligada \u00e0 preserva\u00e7\u00e3o e \u00e0 exalta\u00e7\u00e3o da arte em todos os seus aspectos, desde os projetos mais simples at\u00e9 os mais complexos. Meu compromisso \u00e9 manter o foco artesanal em cada trabalho, garantindo resultados que transcendem o meramente est\u00e9tico, proporcionando uma experi\u00eancia aut\u00eantica e duradoura.<\/p>\n<p>&nbsp;<\/p>\n<\/div>\n<\/div>\n<\/div>\n<\/div>\n<\/div>\n<p style=\"text-align: center;\"><a href=\"http:\/\/tatianaleal.com.br\/decoracao\/wp-content\/uploads\/2013\/08\/revistatela.jpg\" rel=\"attachment wp-att-2537\"><img  title=\"\" fetchpriority=\"high\" decoding=\"async\" class=\"aligncenter size-medium wp-image-2537\" src=\"http:\/\/tatianaleal.com.br\/decoracao\/wp-content\/uploads\/2013\/08\/revistatela-300x225.jpg\"  alt=\"revistatela-300x225 Quem Sou\"  width=\"300\" height=\"225\" srcset=\"https:\/\/tatianaleal.com.br\/decoracao\/wp-content\/uploads\/2013\/08\/revistatela-300x225.jpg 300w, https:\/\/tatianaleal.com.br\/decoracao\/wp-content\/uploads\/2013\/08\/revistatela.jpg 960w\" sizes=\"(max-width: 300px) 100vw, 300px\" \/><\/a><\/p>\n<p>\u00a0 \u00a0 \u00a0 \u00a0 \u00a0 \u00a0 \u00a0 \u00a0 \u00a0 \u00a0 \u00a0 \u00a0 \u00a0 \u00a0 \u00a0 \u00a0 \u00a0 \u00a0 \u00a0 \u00a0 \u00a0 \u00a0 \u00a0 \u00a0 \u00a0 \u00a0 \u00a0 \u00a0 \u00a0 \u00a0 \u00a0 \u00a0 \u00a0 \u00a0 \u00a0 \u00a0 \u00a0 \u00a0 \u00a0 \u00a0 \u00a0 \u00a0 \u00a0 \u00a0 \u00a0 \u00a0 \u00a0 \u00a0 \u00a0 \u00a0 \u00a0 \u00a0 \u00a0 \u00a0Mat\u00e9ria na Revista Tela \u00a0em 2012<\/p>\n","protected":false},"excerpt":{"rendered":"<p>Seja muito bem-vindo! Sou Tatiana Leal, uma artista pl\u00e1stica e restauradora de antiguidades com uma paix\u00e3o duradoura pela arte e pelo restauro. Com mais de uma d\u00e9cada de experi\u00eancia, mergulho no mundo do restauro desde 2005, aprimorando minhas habilidades como autodidata nas artes pl\u00e1sticas. Minha miss\u00e3o \u00e9 intrinsecamente ligada \u00e0 preserva\u00e7\u00e3o e \u00e0 exalta\u00e7\u00e3o da arte em todos os seus aspectos, desde os projetos mais simples at\u00e9 os mais complexos. Meu compromisso \u00e9 manter o foco artesanal em cada trabalho, garantindo resultados que transcendem o <a href=\"https:\/\/tatianaleal.com.br\/decoracao\/quem-sou\/\" class=\"more-link\"><span>Continue<\/span>\u2192<\/a><\/p>\n","protected":false},"author":1,"featured_media":0,"parent":0,"menu_order":0,"comment_status":"open","ping_status":"open","template":"","meta":{"_monsterinsights_skip_tracking":false,"_monsterinsights_sitenote_active":false,"_monsterinsights_sitenote_note":"","_monsterinsights_sitenote_category":0,"_joinchat":[],"footnotes":"","_links_to":"","_links_to_target":""},"class_list":["entry","page","publish","author-admin","post-2206"],"yoast_head":"<!-- This site is optimized with the Yoast SEO plugin v27.2 - https:\/\/yoast.com\/product\/yoast-seo-wordpress\/ -->\n<title>Quem Sou - Pinturas especiais<\/title>\n<meta name=\"description\" content=\"Sou Tatiana Leal, uma artista pl\u00e1stica e restauradora de antiguidades com uma paix\u00e3o duradoura pela arte e pelo restauro.\" \/>\n<meta name=\"robots\" content=\"index, follow, max-snippet:-1, max-image-preview:large, max-video-preview:-1\" \/>\n<link rel=\"canonical\" href=\"http:\/\/tatianaleal.com.br\/decoracao\/quem-sou\/\" \/>\n<meta property=\"og:locale\" content=\"pt_BR\" \/>\n<meta property=\"og:type\" content=\"article\" \/>\n<meta property=\"og:title\" content=\"Quem Sou - Pinturas especiais\" \/>\n<meta property=\"og:description\" content=\"Sou Tatiana Leal, uma artista pl\u00e1stica e restauradora de antiguidades com uma paix\u00e3o duradoura pela arte e pelo restauro.\" \/>\n<meta property=\"og:url\" content=\"http:\/\/tatianaleal.com.br\/decoracao\/quem-sou\/\" \/>\n<meta property=\"og:site_name\" content=\"Pinturas especiais\" \/>\n<meta property=\"article:modified_time\" content=\"2024-05-29T20:48:40+00:00\" \/>\n<meta property=\"og:image\" content=\"http:\/\/tatianaleal.com.br\/decoracao\/wp-content\/uploads\/2013\/08\/revistatela-300x225.jpg\" \/>\n<meta name=\"twitter:label1\" content=\"Est. tempo de leitura\" \/>\n\t<meta name=\"twitter:data1\" content=\"1 minuto\" \/>\n<script type=\"application\/ld+json\" class=\"yoast-schema-graph\">{\"@context\":\"https:\/\/schema.org\",\"@graph\":[{\"@type\":\"WebPage\",\"@id\":\"http:\/\/tatianaleal.com.br\/decoracao\/quem-sou\/\",\"url\":\"http:\/\/tatianaleal.com.br\/decoracao\/quem-sou\/\",\"name\":\"Quem Sou - Pinturas especiais\",\"isPartOf\":{\"@id\":\"https:\/\/tatianaleal.com.br\/decoracao\/#website\"},\"primaryImageOfPage\":{\"@id\":\"http:\/\/tatianaleal.com.br\/decoracao\/quem-sou\/#primaryimage\"},\"image\":{\"@id\":\"http:\/\/tatianaleal.com.br\/decoracao\/quem-sou\/#primaryimage\"},\"thumbnailUrl\":\"http:\/\/tatianaleal.com.br\/decoracao\/wp-content\/uploads\/2013\/08\/revistatela-300x225.jpg\",\"datePublished\":\"2013-08-13T16:26:34+00:00\",\"dateModified\":\"2024-05-29T20:48:40+00:00\",\"description\":\"Sou Tatiana Leal, uma artista pl\u00e1stica e restauradora de antiguidades com uma paix\u00e3o duradoura pela arte e pelo restauro.\",\"breadcrumb\":{\"@id\":\"http:\/\/tatianaleal.com.br\/decoracao\/quem-sou\/#breadcrumb\"},\"inLanguage\":\"pt-BR\",\"potentialAction\":[{\"@type\":\"ReadAction\",\"target\":[\"http:\/\/tatianaleal.com.br\/decoracao\/quem-sou\/\"]}]},{\"@type\":\"ImageObject\",\"inLanguage\":\"pt-BR\",\"@id\":\"http:\/\/tatianaleal.com.br\/decoracao\/quem-sou\/#primaryimage\",\"url\":\"https:\/\/tatianaleal.com.br\/decoracao\/wp-content\/uploads\/2013\/08\/revistatela.jpg\",\"contentUrl\":\"https:\/\/tatianaleal.com.br\/decoracao\/wp-content\/uploads\/2013\/08\/revistatela.jpg\",\"width\":960,\"height\":720},{\"@type\":\"BreadcrumbList\",\"@id\":\"http:\/\/tatianaleal.com.br\/decoracao\/quem-sou\/#breadcrumb\",\"itemListElement\":[{\"@type\":\"ListItem\",\"position\":1,\"name\":\"Home\",\"item\":\"https:\/\/tatianaleal.com.br\/decoracao\/\"},{\"@type\":\"ListItem\",\"position\":2,\"name\":\"Quem Sou\"}]},{\"@type\":\"WebSite\",\"@id\":\"https:\/\/tatianaleal.com.br\/decoracao\/#website\",\"url\":\"https:\/\/tatianaleal.com.br\/decoracao\/\",\"name\":\"Ateli\u00ea TL\",\"description\":\"Arte, restaura\u00e7\u00e3o de m\u00f3veis, decora\u00e7\u00e3o\",\"alternateName\":\"Pinturas decorativas\",\"potentialAction\":[{\"@type\":\"SearchAction\",\"target\":{\"@type\":\"EntryPoint\",\"urlTemplate\":\"https:\/\/tatianaleal.com.br\/decoracao\/?s={search_term_string}\"},\"query-input\":{\"@type\":\"PropertyValueSpecification\",\"valueRequired\":true,\"valueName\":\"search_term_string\"}}],\"inLanguage\":\"pt-BR\"}]}<\/script>\n<!-- \/ Yoast SEO plugin. -->","yoast_head_json":{"title":"Quem Sou - Pinturas especiais","description":"Sou Tatiana Leal, uma artista pl\u00e1stica e restauradora de antiguidades com uma paix\u00e3o duradoura pela arte e pelo restauro.","robots":{"index":"index","follow":"follow","max-snippet":"max-snippet:-1","max-image-preview":"max-image-preview:large","max-video-preview":"max-video-preview:-1"},"canonical":"http:\/\/tatianaleal.com.br\/decoracao\/quem-sou\/","og_locale":"pt_BR","og_type":"article","og_title":"Quem Sou - Pinturas especiais","og_description":"Sou Tatiana Leal, uma artista pl\u00e1stica e restauradora de antiguidades com uma paix\u00e3o duradoura pela arte e pelo restauro.","og_url":"http:\/\/tatianaleal.com.br\/decoracao\/quem-sou\/","og_site_name":"Pinturas especiais","article_modified_time":"2024-05-29T20:48:40+00:00","og_image":[{"url":"http:\/\/tatianaleal.com.br\/decoracao\/wp-content\/uploads\/2013\/08\/revistatela-300x225.jpg","type":"","width":"","height":""}],"twitter_misc":{"Est. tempo de leitura":"1 minuto"},"schema":{"@context":"https:\/\/schema.org","@graph":[{"@type":"WebPage","@id":"http:\/\/tatianaleal.com.br\/decoracao\/quem-sou\/","url":"http:\/\/tatianaleal.com.br\/decoracao\/quem-sou\/","name":"Quem Sou - Pinturas especiais","isPartOf":{"@id":"https:\/\/tatianaleal.com.br\/decoracao\/#website"},"primaryImageOfPage":{"@id":"http:\/\/tatianaleal.com.br\/decoracao\/quem-sou\/#primaryimage"},"image":{"@id":"http:\/\/tatianaleal.com.br\/decoracao\/quem-sou\/#primaryimage"},"thumbnailUrl":"http:\/\/tatianaleal.com.br\/decoracao\/wp-content\/uploads\/2013\/08\/revistatela-300x225.jpg","datePublished":"2013-08-13T16:26:34+00:00","dateModified":"2024-05-29T20:48:40+00:00","description":"Sou Tatiana Leal, uma artista pl\u00e1stica e restauradora de antiguidades com uma paix\u00e3o duradoura pela arte e pelo restauro.","breadcrumb":{"@id":"http:\/\/tatianaleal.com.br\/decoracao\/quem-sou\/#breadcrumb"},"inLanguage":"pt-BR","potentialAction":[{"@type":"ReadAction","target":["http:\/\/tatianaleal.com.br\/decoracao\/quem-sou\/"]}]},{"@type":"ImageObject","inLanguage":"pt-BR","@id":"http:\/\/tatianaleal.com.br\/decoracao\/quem-sou\/#primaryimage","url":"https:\/\/tatianaleal.com.br\/decoracao\/wp-content\/uploads\/2013\/08\/revistatela.jpg","contentUrl":"https:\/\/tatianaleal.com.br\/decoracao\/wp-content\/uploads\/2013\/08\/revistatela.jpg","width":960,"height":720},{"@type":"BreadcrumbList","@id":"http:\/\/tatianaleal.com.br\/decoracao\/quem-sou\/#breadcrumb","itemListElement":[{"@type":"ListItem","position":1,"name":"Home","item":"https:\/\/tatianaleal.com.br\/decoracao\/"},{"@type":"ListItem","position":2,"name":"Quem Sou"}]},{"@type":"WebSite","@id":"https:\/\/tatianaleal.com.br\/decoracao\/#website","url":"https:\/\/tatianaleal.com.br\/decoracao\/","name":"Ateli\u00ea TL","description":"Arte, restaura\u00e7\u00e3o de m\u00f3veis, decora\u00e7\u00e3o","alternateName":"Pinturas decorativas","potentialAction":[{"@type":"SearchAction","target":{"@type":"EntryPoint","urlTemplate":"https:\/\/tatianaleal.com.br\/decoracao\/?s={search_term_string}"},"query-input":{"@type":"PropertyValueSpecification","valueRequired":true,"valueName":"search_term_string"}}],"inLanguage":"pt-BR"}]}},"_links":{"self":[{"href":"https:\/\/tatianaleal.com.br\/decoracao\/wp-json\/wp\/v2\/pages\/2206","targetHints":{"allow":["GET"]}}],"collection":[{"href":"https:\/\/tatianaleal.com.br\/decoracao\/wp-json\/wp\/v2\/pages"}],"about":[{"href":"https:\/\/tatianaleal.com.br\/decoracao\/wp-json\/wp\/v2\/types\/page"}],"author":[{"embeddable":true,"href":"https:\/\/tatianaleal.com.br\/decoracao\/wp-json\/wp\/v2\/users\/1"}],"replies":[{"embeddable":true,"href":"https:\/\/tatianaleal.com.br\/decoracao\/wp-json\/wp\/v2\/comments?post=2206"}],"version-history":[{"count":9,"href":"https:\/\/tatianaleal.com.br\/decoracao\/wp-json\/wp\/v2\/pages\/2206\/revisions"}],"predecessor-version":[{"id":6703,"href":"https:\/\/tatianaleal.com.br\/decoracao\/wp-json\/wp\/v2\/pages\/2206\/revisions\/6703"}],"wp:attachment":[{"href":"https:\/\/tatianaleal.com.br\/decoracao\/wp-json\/wp\/v2\/media?parent=2206"}],"curies":[{"name":"wp","href":"https:\/\/api.w.org\/{rel}","templated":true}]}}