{"id":5560,"date":"2018-06-19T20:28:17","date_gmt":"2018-06-19T23:28:17","guid":{"rendered":"http:\/\/tatianaleal.com.br\/decoracao\/?page_id=5560"},"modified":"2023-10-23T22:02:57","modified_gmt":"2023-10-24T01:02:57","slug":"dicas-de-pintura-1","status":"publish","type":"page","link":"http:\/\/tatianaleal.com.br\/decoracao\/dicas-de-pintura-1\/","title":{"rendered":"Pense duas vezes antes de jogar mob\u00edlia fora&#8230;"},"content":{"rendered":"<p><a href=\"http:\/\/tatianaleal.com.br\/decoracao\/wp-content\/uploads\/2018\/06\/dica1.png\"><img  title=\"\" fetchpriority=\"high\" decoding=\"async\" class=\"aligncenter size-full wp-image-5561\" src=\"http:\/\/tatianaleal.com.br\/decoracao\/wp-content\/uploads\/2018\/06\/dica1.png\"  alt=\"dica1 Pense duas vezes antes de jogar mob\u00edlia fora...\"  width=\"862\" height=\"440\" srcset=\"http:\/\/tatianaleal.com.br\/decoracao\/wp-content\/uploads\/2018\/06\/dica1.png 862w, http:\/\/tatianaleal.com.br\/decoracao\/wp-content\/uploads\/2018\/06\/dica1-300x153.png 300w, http:\/\/tatianaleal.com.br\/decoracao\/wp-content\/uploads\/2018\/06\/dica1-768x392.png 768w\" sizes=\"(max-width: 862px) 100vw, 862px\" \/><\/a><\/p>\n<p>Ainda que o m\u00f3vel esteja feio, nem sempre a melhor sa\u00edda \u00e9 simplesmente descart\u00e1-lo. Afinal de contas, em tempos de sustentabilidade e consumo consciente, reaproveitar e transformar parecem solu\u00e7\u00f5es mais convenientes e at\u00e9 corretas, n\u00e3o \u00e9 mesmo? Al\u00e9m disso, os m\u00f3veis antigos costumam ter boas estruturas, design diferenciado e mat\u00e9rias-primas nobres. E n\u00e3o vale a pena se livrar de um m\u00f3vel dessa qualidade quando ainda h\u00e1 possibilidades de recupera\u00e7\u00e3o. Por isso, avalie o estado das suas pe\u00e7as de madeira e, antes de tomar qualquer decis\u00e3o, cogite a possibilidade de reform\u00e1-las!<\/p>\n<h2><strong>Prepare o m\u00f3vel para a transforma\u00e7\u00e3o&#8230;<\/strong><\/h2>\n<p>Para garantir um bom acabamento, \u00e9 crucial que o m\u00f3vel seja previamente limpo e lixado. Desse modo, a ades\u00e3o da tinta ser\u00e1 muito melhor, a cobertura ser\u00e1 mais uniforme e a apar\u00eancia ser\u00e1 infinitamente mais profissional. Outra medida importante para preparar o m\u00f3vel para receber a reforma \u00e9 remover acess\u00f3rios \u2014 como al\u00e7as e puxadores. Esses itens devem ser recolocados depois ou substitu\u00eddos por outros novinhos.<\/p>\n<h4>Quer saber mais na pr\u00e1tica como pintar um m\u00f3vel? Acesse j\u00e1 o mini-ebook as 7 dicas de pintura em m\u00f3veis, abaixo:<\/h4>\n<p><a href=\"http:\/\/tatianaleal.com.br\/decoracao\/receba-7-dicas-de-pintura\/\" target=\"_blank\" rel=\"noopener\"><img  title=\"\" decoding=\"async\" class=\"aligncenter wp-image-5565 size-full\" src=\"http:\/\/tatianaleal.com.br\/decoracao\/wp-content\/uploads\/2018\/06\/7-dicas-de-pintura.png\"  alt=\"7-dicas-de-pintura Pense duas vezes antes de jogar mob\u00edlia fora...\"  width=\"261\" height=\"367\" srcset=\"http:\/\/tatianaleal.com.br\/decoracao\/wp-content\/uploads\/2018\/06\/7-dicas-de-pintura.png 261w, http:\/\/tatianaleal.com.br\/decoracao\/wp-content\/uploads\/2018\/06\/7-dicas-de-pintura-213x300.png 213w\" sizes=\"(max-width: 261px) 100vw, 261px\" \/><\/a><\/p>\n<h4 style=\"text-align: center;\">Economize uma bela grana e fa\u00e7a voc\u00ea mesmo!<\/h4>\n<p>Aprenda a fazer uma pintura com fino acabamento\u00a0que se assemelha a laca. E tudo isso sem maquin\u00e1rios, sem gastar com m\u00e3o de obra de profissionais, fa\u00e7a voc\u00ea mesmo com o nosso curso online a <span style=\"color: #000080;\">Falsa Laca, saiba mais clicando na imagem abaixo!<\/span><a href=\"https:\/\/loja.pinturademoveis.com.br\/curso-de-pintura-online\/\" target=\"_blank\" rel=\"noopener\"><img  title=\"\" decoding=\"async\" class=\"aligncenter wp-image-5562 size-full\" src=\"http:\/\/tatianaleal.com.br\/decoracao\/wp-content\/uploads\/2018\/06\/curso-de-pintura.png\"  alt=\"curso-de-pintura Pense duas vezes antes de jogar mob\u00edlia fora...\"  width=\"514\" height=\"560\" srcset=\"http:\/\/tatianaleal.com.br\/decoracao\/wp-content\/uploads\/2018\/06\/curso-de-pintura.png 514w, http:\/\/tatianaleal.com.br\/decoracao\/wp-content\/uploads\/2018\/06\/curso-de-pintura-275x300.png 275w\" sizes=\"(max-width: 514px) 100vw, 514px\" \/><\/a><\/p>\n<p>&nbsp;<\/p>\n","protected":false},"excerpt":{"rendered":"<p>Ainda que o m\u00f3vel esteja feio, nem sempre a melhor sa\u00edda \u00e9 simplesmente descart\u00e1-lo. Afinal de contas, em tempos de sustentabilidade e consumo consciente, reaproveitar e transformar parecem solu\u00e7\u00f5es mais convenientes e at\u00e9 corretas, n\u00e3o \u00e9 mesmo? Al\u00e9m disso, os m\u00f3veis antigos costumam ter boas estruturas, design diferenciado e mat\u00e9rias-primas nobres. E n\u00e3o vale a pena se livrar de um m\u00f3vel dessa qualidade quando ainda h\u00e1 possibilidades de recupera\u00e7\u00e3o. Por isso, avalie o estado das suas pe\u00e7as de madeira e, antes de tomar qualquer decis\u00e3o, <a href=\"http:\/\/tatianaleal.com.br\/decoracao\/dicas-de-pintura-1\/\" class=\"more-link\"><span>Continue<\/span>\u2192<\/a><\/p>\n","protected":false},"author":1,"featured_media":0,"parent":0,"menu_order":0,"comment_status":"closed","ping_status":"closed","template":"","meta":{"_monsterinsights_skip_tracking":false,"_monsterinsights_sitenote_active":false,"_monsterinsights_sitenote_note":"","_monsterinsights_sitenote_category":0,"_joinchat":[],"footnotes":"","_links_to":"","_links_to_target":""},"class_list":["entry","page","publish","author-admin","post-5560"],"yoast_head":"<!-- This site is optimized with the Yoast SEO plugin v27.2 - https:\/\/yoast.com\/product\/yoast-seo-wordpress\/ -->\n<title>Pense duas vezes antes de jogar mob\u00edlia fora... - Pinturas especiais<\/title>\n<meta name=\"robots\" content=\"index, follow, max-snippet:-1, max-image-preview:large, max-video-preview:-1\" \/>\n<link rel=\"canonical\" href=\"http:\/\/tatianaleal.com.br\/decoracao\/dicas-de-pintura-1\/\" \/>\n<meta property=\"og:locale\" content=\"pt_BR\" \/>\n<meta property=\"og:type\" content=\"article\" \/>\n<meta property=\"og:title\" content=\"Pense duas vezes antes de jogar mob\u00edlia fora... - Pinturas especiais\" \/>\n<meta property=\"og:description\" content=\"Ainda que o m\u00f3vel esteja feio, nem sempre a melhor sa\u00edda \u00e9 simplesmente descart\u00e1-lo. Afinal de contas, em tempos de sustentabilidade e consumo consciente, reaproveitar e transformar parecem solu\u00e7\u00f5es mais convenientes e at\u00e9 corretas, n\u00e3o \u00e9 mesmo? Al\u00e9m disso, os m\u00f3veis antigos costumam ter boas estruturas, design diferenciado e mat\u00e9rias-primas nobres. E n\u00e3o vale a pena se livrar de um m\u00f3vel dessa qualidade quando ainda h\u00e1 possibilidades de recupera\u00e7\u00e3o. Por isso, avalie o estado das suas pe\u00e7as de madeira e, antes de tomar qualquer decis\u00e3o, Continue\u2192\" \/>\n<meta property=\"og:url\" content=\"http:\/\/tatianaleal.com.br\/decoracao\/dicas-de-pintura-1\/\" \/>\n<meta property=\"og:site_name\" content=\"Pinturas especiais\" \/>\n<meta property=\"article:modified_time\" content=\"2023-10-24T01:02:57+00:00\" \/>\n<meta property=\"og:image\" content=\"http:\/\/tatianaleal.com.br\/decoracao\/wp-content\/uploads\/2018\/06\/dica1.png\" \/>\n<meta name=\"twitter:label1\" content=\"Est. tempo de leitura\" \/>\n\t<meta name=\"twitter:data1\" content=\"2 minutos\" \/>\n<script type=\"application\/ld+json\" class=\"yoast-schema-graph\">{\"@context\":\"https:\/\/schema.org\",\"@graph\":[{\"@type\":\"WebPage\",\"@id\":\"http:\/\/tatianaleal.com.br\/decoracao\/dicas-de-pintura-1\/\",\"url\":\"http:\/\/tatianaleal.com.br\/decoracao\/dicas-de-pintura-1\/\",\"name\":\"Pense duas vezes antes de jogar mob\u00edlia fora... - Pinturas especiais\",\"isPartOf\":{\"@id\":\"https:\/\/tatianaleal.com.br\/decoracao\/#website\"},\"primaryImageOfPage\":{\"@id\":\"http:\/\/tatianaleal.com.br\/decoracao\/dicas-de-pintura-1\/#primaryimage\"},\"image\":{\"@id\":\"http:\/\/tatianaleal.com.br\/decoracao\/dicas-de-pintura-1\/#primaryimage\"},\"thumbnailUrl\":\"http:\/\/tatianaleal.com.br\/decoracao\/wp-content\/uploads\/2018\/06\/dica1.png\",\"datePublished\":\"2018-06-19T23:28:17+00:00\",\"dateModified\":\"2023-10-24T01:02:57+00:00\",\"breadcrumb\":{\"@id\":\"http:\/\/tatianaleal.com.br\/decoracao\/dicas-de-pintura-1\/#breadcrumb\"},\"inLanguage\":\"pt-BR\",\"potentialAction\":[{\"@type\":\"ReadAction\",\"target\":[\"http:\/\/tatianaleal.com.br\/decoracao\/dicas-de-pintura-1\/\"]}]},{\"@type\":\"ImageObject\",\"inLanguage\":\"pt-BR\",\"@id\":\"http:\/\/tatianaleal.com.br\/decoracao\/dicas-de-pintura-1\/#primaryimage\",\"url\":\"http:\/\/tatianaleal.com.br\/decoracao\/wp-content\/uploads\/2018\/06\/dica1.png\",\"contentUrl\":\"http:\/\/tatianaleal.com.br\/decoracao\/wp-content\/uploads\/2018\/06\/dica1.png\",\"width\":862,\"height\":440},{\"@type\":\"BreadcrumbList\",\"@id\":\"http:\/\/tatianaleal.com.br\/decoracao\/dicas-de-pintura-1\/#breadcrumb\",\"itemListElement\":[{\"@type\":\"ListItem\",\"position\":1,\"name\":\"Home\",\"item\":\"https:\/\/tatianaleal.com.br\/decoracao\/\"},{\"@type\":\"ListItem\",\"position\":2,\"name\":\"Pense duas vezes antes de jogar mob\u00edlia fora&#8230;\"}]},{\"@type\":\"WebSite\",\"@id\":\"https:\/\/tatianaleal.com.br\/decoracao\/#website\",\"url\":\"https:\/\/tatianaleal.com.br\/decoracao\/\",\"name\":\"Ateli\u00ea TL\",\"description\":\"Arte, restaura\u00e7\u00e3o de m\u00f3veis, decora\u00e7\u00e3o\",\"alternateName\":\"Pinturas decorativas\",\"potentialAction\":[{\"@type\":\"SearchAction\",\"target\":{\"@type\":\"EntryPoint\",\"urlTemplate\":\"https:\/\/tatianaleal.com.br\/decoracao\/?s={search_term_string}\"},\"query-input\":{\"@type\":\"PropertyValueSpecification\",\"valueRequired\":true,\"valueName\":\"search_term_string\"}}],\"inLanguage\":\"pt-BR\"}]}<\/script>\n<!-- \/ Yoast SEO plugin. -->","yoast_head_json":{"title":"Pense duas vezes antes de jogar mob\u00edlia fora... - Pinturas especiais","robots":{"index":"index","follow":"follow","max-snippet":"max-snippet:-1","max-image-preview":"max-image-preview:large","max-video-preview":"max-video-preview:-1"},"canonical":"http:\/\/tatianaleal.com.br\/decoracao\/dicas-de-pintura-1\/","og_locale":"pt_BR","og_type":"article","og_title":"Pense duas vezes antes de jogar mob\u00edlia fora... - Pinturas especiais","og_description":"Ainda que o m\u00f3vel esteja feio, nem sempre a melhor sa\u00edda \u00e9 simplesmente descart\u00e1-lo. Afinal de contas, em tempos de sustentabilidade e consumo consciente, reaproveitar e transformar parecem solu\u00e7\u00f5es mais convenientes e at\u00e9 corretas, n\u00e3o \u00e9 mesmo? Al\u00e9m disso, os m\u00f3veis antigos costumam ter boas estruturas, design diferenciado e mat\u00e9rias-primas nobres. E n\u00e3o vale a pena se livrar de um m\u00f3vel dessa qualidade quando ainda h\u00e1 possibilidades de recupera\u00e7\u00e3o. Por isso, avalie o estado das suas pe\u00e7as de madeira e, antes de tomar qualquer decis\u00e3o, Continue\u2192","og_url":"http:\/\/tatianaleal.com.br\/decoracao\/dicas-de-pintura-1\/","og_site_name":"Pinturas especiais","article_modified_time":"2023-10-24T01:02:57+00:00","og_image":[{"url":"http:\/\/tatianaleal.com.br\/decoracao\/wp-content\/uploads\/2018\/06\/dica1.png","type":"","width":"","height":""}],"twitter_misc":{"Est. tempo de leitura":"2 minutos"},"schema":{"@context":"https:\/\/schema.org","@graph":[{"@type":"WebPage","@id":"http:\/\/tatianaleal.com.br\/decoracao\/dicas-de-pintura-1\/","url":"http:\/\/tatianaleal.com.br\/decoracao\/dicas-de-pintura-1\/","name":"Pense duas vezes antes de jogar mob\u00edlia fora... - Pinturas especiais","isPartOf":{"@id":"https:\/\/tatianaleal.com.br\/decoracao\/#website"},"primaryImageOfPage":{"@id":"http:\/\/tatianaleal.com.br\/decoracao\/dicas-de-pintura-1\/#primaryimage"},"image":{"@id":"http:\/\/tatianaleal.com.br\/decoracao\/dicas-de-pintura-1\/#primaryimage"},"thumbnailUrl":"http:\/\/tatianaleal.com.br\/decoracao\/wp-content\/uploads\/2018\/06\/dica1.png","datePublished":"2018-06-19T23:28:17+00:00","dateModified":"2023-10-24T01:02:57+00:00","breadcrumb":{"@id":"http:\/\/tatianaleal.com.br\/decoracao\/dicas-de-pintura-1\/#breadcrumb"},"inLanguage":"pt-BR","potentialAction":[{"@type":"ReadAction","target":["http:\/\/tatianaleal.com.br\/decoracao\/dicas-de-pintura-1\/"]}]},{"@type":"ImageObject","inLanguage":"pt-BR","@id":"http:\/\/tatianaleal.com.br\/decoracao\/dicas-de-pintura-1\/#primaryimage","url":"http:\/\/tatianaleal.com.br\/decoracao\/wp-content\/uploads\/2018\/06\/dica1.png","contentUrl":"http:\/\/tatianaleal.com.br\/decoracao\/wp-content\/uploads\/2018\/06\/dica1.png","width":862,"height":440},{"@type":"BreadcrumbList","@id":"http:\/\/tatianaleal.com.br\/decoracao\/dicas-de-pintura-1\/#breadcrumb","itemListElement":[{"@type":"ListItem","position":1,"name":"Home","item":"https:\/\/tatianaleal.com.br\/decoracao\/"},{"@type":"ListItem","position":2,"name":"Pense duas vezes antes de jogar mob\u00edlia fora&#8230;"}]},{"@type":"WebSite","@id":"https:\/\/tatianaleal.com.br\/decoracao\/#website","url":"https:\/\/tatianaleal.com.br\/decoracao\/","name":"Ateli\u00ea TL","description":"Arte, restaura\u00e7\u00e3o de m\u00f3veis, decora\u00e7\u00e3o","alternateName":"Pinturas decorativas","potentialAction":[{"@type":"SearchAction","target":{"@type":"EntryPoint","urlTemplate":"https:\/\/tatianaleal.com.br\/decoracao\/?s={search_term_string}"},"query-input":{"@type":"PropertyValueSpecification","valueRequired":true,"valueName":"search_term_string"}}],"inLanguage":"pt-BR"}]}},"_links":{"self":[{"href":"http:\/\/tatianaleal.com.br\/decoracao\/wp-json\/wp\/v2\/pages\/5560","targetHints":{"allow":["GET"]}}],"collection":[{"href":"http:\/\/tatianaleal.com.br\/decoracao\/wp-json\/wp\/v2\/pages"}],"about":[{"href":"http:\/\/tatianaleal.com.br\/decoracao\/wp-json\/wp\/v2\/types\/page"}],"author":[{"embeddable":true,"href":"http:\/\/tatianaleal.com.br\/decoracao\/wp-json\/wp\/v2\/users\/1"}],"replies":[{"embeddable":true,"href":"http:\/\/tatianaleal.com.br\/decoracao\/wp-json\/wp\/v2\/comments?post=5560"}],"version-history":[{"count":8,"href":"http:\/\/tatianaleal.com.br\/decoracao\/wp-json\/wp\/v2\/pages\/5560\/revisions"}],"predecessor-version":[{"id":6649,"href":"http:\/\/tatianaleal.com.br\/decoracao\/wp-json\/wp\/v2\/pages\/5560\/revisions\/6649"}],"wp:attachment":[{"href":"http:\/\/tatianaleal.com.br\/decoracao\/wp-json\/wp\/v2\/media?parent=5560"}],"curies":[{"name":"wp","href":"https:\/\/api.w.org\/{rel}","templated":true}]}}