{"id":5022,"date":"2018-04-24T01:37:26","date_gmt":"2018-04-24T04:37:26","guid":{"rendered":"http:\/\/tatianaleal.com.br\/decoracao\/?page_id=5022"},"modified":"2019-01-06T10:54:00","modified_gmt":"2019-01-06T12:54:00","slug":"receba-7-dicas-de-pintura","status":"publish","type":"page","link":"http:\/\/tatianaleal.com.br\/decoracao\/receba-7-dicas-de-pintura\/","title":{"rendered":"Escreva o seu e-mail abaixo:"},"content":{"rendered":"<p>\u00a0<\/p>\n<!--Paste this code on the bottom of your page-->\n<p><script id=\"script_1e2e1Hase3zLQAPAvQe9-ac-243\" type=\"text\/javascript\">\n            var _egoiLoaderMulti = _egoiLoaderMulti || [];\n            var _egoiLoaderValues = [];\n            _egoiLoaderValues.push([\"_setForm\", \"1e2e1Hase3zLQAPAvQe9-ac-243\"]);\n            _egoiLoaderValues.push([\"_setResource\", \"3e108b7e8f059d7f2727d0bf852561a5\"]);\n            _egoiLoaderValues.push([\"_setUrl\", \"https:\/\/28.e-goi.com\/\"]);\n            _egoiLoaderValues.push([\"_setType\", \"normal\"]);\n            _egoiLoaderValues.push([\"_setWidth\", \"350\"]);\n            _egoiLoaderValues.push([\"_setHeight\", \"658\"]);\n             _egoiLoaderMulti.push(_egoiLoaderValues);\n            (function() {\n            var egoi = document.createElement(\"script\"); egoi.type = \"text\/javascript\"; egoi.async = true;\n            egoi.src = \"https:\/\/28.e-goi.com\/include\/javascript\/egoi.js\";\n            var e = document.getElementById(\"script_1e2e1Hase3zLQAPAvQe9-ac-243\"); e.parentNode.insertBefore(egoi, e);\n            })();\n            <\/script><\/p>\n<p>\u00a0<\/p>\n<!--Paste this code where you want the form to appear-->\n<div id=\"a1e2e1Hase3zLQAPAvQe9-ac-243\">\u00a0<\/div>\n\n\n<p><\/p>\n","protected":false},"excerpt":{"rendered":"<p>\u00a0 var _egoiLoaderMulti = _egoiLoaderMulti || []; var _egoiLoaderValues = []; _egoiLoaderValues.push([&#8220;_setForm&#8221;, &#8220;1e2e1Hase3zLQAPAvQe9-ac-243&#8221;]); _egoiLoaderValues.push([&#8220;_setResource&#8221;, &#8220;3e108b7e8f059d7f2727d0bf852561a5&#8221;]); _egoiLoaderValues.push([&#8220;_setUrl&#8221;, &#8220;https:\/\/28.e-goi.com\/&#8221;]); _egoiLoaderValues.push([&#8220;_setType&#8221;, &#8220;normal&#8221;]); _egoiLoaderValues.push([&#8220;_setWidth&#8221;, &#8220;350&#8221;]); _egoiLoaderValues.push([&#8220;_setHeight&#8221;, &#8220;658&#8221;]); _egoiLoaderMulti.push(_egoiLoaderValues); (function() { var egoi = document.createElement(&#8220;script&#8221;); egoi.type = &#8220;text\/javascript&#8221;; egoi.async = true; egoi.src = &#8220;https:\/\/28.e-goi.com\/include\/javascript\/egoi.js&#8221;; var e = document.getElementById(&#8220;script_1e2e1Hase3zLQAPAvQe9-ac-243&#8221;); e.parentNode.insertBefore(egoi, e); })(); \u00a0 \u00a0<\/p>\n","protected":false},"author":1,"featured_media":5565,"parent":0,"menu_order":0,"comment_status":"closed","ping_status":"closed","template":"","meta":{"_monsterinsights_skip_tracking":false,"_monsterinsights_sitenote_active":false,"_monsterinsights_sitenote_note":"","_monsterinsights_sitenote_category":0,"_joinchat":[],"footnotes":"","_links_to":"","_links_to_target":""},"class_list":{"0":"entry","1":"page","2":"publish","3":"author-admin","4":"post-5022","6":"has-post-thumbnail"},"yoast_head":"<!-- This site is optimized with the Yoast SEO plugin v27.2 - https:\/\/yoast.com\/product\/yoast-seo-wordpress\/ -->\n<title>Veja essas dicas para pintura em m\u00f3veis!<\/title>\n<meta name=\"description\" content=\"Veja as 7 dicas de pintura em m\u00f3veis, fazer qualquer trabalho com pintura \u00e9 como uma terapia, onde voc\u00ea usa a sua criatividade e ainda restaura algo que estava ali no cantinho da sua casa sem destaque. Veja essas dicas para pintura em m\u00f3veis!\" \/>\n<meta name=\"robots\" content=\"index, follow, max-snippet:-1, max-image-preview:large, max-video-preview:-1\" \/>\n<link rel=\"canonical\" href=\"http:\/\/tatianaleal.com.br\/decoracao\/receba-7-dicas-de-pintura\/\" \/>\n<meta property=\"og:locale\" content=\"pt_BR\" \/>\n<meta property=\"og:type\" content=\"article\" \/>\n<meta property=\"og:title\" content=\"Veja essas dicas para pintura em m\u00f3veis!\" \/>\n<meta property=\"og:description\" content=\"Veja as 7 dicas de pintura em m\u00f3veis, fazer qualquer trabalho com pintura \u00e9 como uma terapia, onde voc\u00ea usa a sua criatividade e ainda restaura algo que estava ali no cantinho da sua casa sem destaque. Veja essas dicas para pintura em m\u00f3veis!\" \/>\n<meta property=\"og:url\" content=\"http:\/\/tatianaleal.com.br\/decoracao\/receba-7-dicas-de-pintura\/\" \/>\n<meta property=\"og:site_name\" content=\"Pinturas especiais\" \/>\n<meta property=\"article:modified_time\" content=\"2019-01-06T12:54:00+00:00\" \/>\n<meta property=\"og:image\" content=\"http:\/\/tatianaleal.com.br\/decoracao\/wp-content\/uploads\/2018\/06\/7-dicas-de-pintura.png\" \/>\n\t<meta property=\"og:image:width\" content=\"261\" \/>\n\t<meta property=\"og:image:height\" content=\"367\" \/>\n\t<meta property=\"og:image:type\" content=\"image\/png\" \/>\n<script type=\"application\/ld+json\" class=\"yoast-schema-graph\">{\"@context\":\"https:\/\/schema.org\",\"@graph\":[{\"@type\":\"WebPage\",\"@id\":\"http:\/\/tatianaleal.com.br\/decoracao\/receba-7-dicas-de-pintura\/\",\"url\":\"http:\/\/tatianaleal.com.br\/decoracao\/receba-7-dicas-de-pintura\/\",\"name\":\"Veja essas dicas para pintura em m\u00f3veis!\",\"isPartOf\":{\"@id\":\"https:\/\/tatianaleal.com.br\/decoracao\/#website\"},\"primaryImageOfPage\":{\"@id\":\"http:\/\/tatianaleal.com.br\/decoracao\/receba-7-dicas-de-pintura\/#primaryimage\"},\"image\":{\"@id\":\"http:\/\/tatianaleal.com.br\/decoracao\/receba-7-dicas-de-pintura\/#primaryimage\"},\"thumbnailUrl\":\"http:\/\/tatianaleal.com.br\/decoracao\/wp-content\/uploads\/2018\/06\/7-dicas-de-pintura.png\",\"datePublished\":\"2018-04-24T04:37:26+00:00\",\"dateModified\":\"2019-01-06T12:54:00+00:00\",\"description\":\"Veja as 7 dicas de pintura em m\u00f3veis, fazer qualquer trabalho com pintura \u00e9 como uma terapia, onde voc\u00ea usa a sua criatividade e ainda restaura algo que estava ali no cantinho da sua casa sem destaque. Veja essas dicas para pintura em m\u00f3veis!\",\"breadcrumb\":{\"@id\":\"http:\/\/tatianaleal.com.br\/decoracao\/receba-7-dicas-de-pintura\/#breadcrumb\"},\"inLanguage\":\"pt-BR\",\"potentialAction\":[{\"@type\":\"ReadAction\",\"target\":[\"http:\/\/tatianaleal.com.br\/decoracao\/receba-7-dicas-de-pintura\/\"]}]},{\"@type\":\"ImageObject\",\"inLanguage\":\"pt-BR\",\"@id\":\"http:\/\/tatianaleal.com.br\/decoracao\/receba-7-dicas-de-pintura\/#primaryimage\",\"url\":\"http:\/\/tatianaleal.com.br\/decoracao\/wp-content\/uploads\/2018\/06\/7-dicas-de-pintura.png\",\"contentUrl\":\"http:\/\/tatianaleal.com.br\/decoracao\/wp-content\/uploads\/2018\/06\/7-dicas-de-pintura.png\",\"width\":261,\"height\":367},{\"@type\":\"BreadcrumbList\",\"@id\":\"http:\/\/tatianaleal.com.br\/decoracao\/receba-7-dicas-de-pintura\/#breadcrumb\",\"itemListElement\":[{\"@type\":\"ListItem\",\"position\":1,\"name\":\"Home\",\"item\":\"https:\/\/tatianaleal.com.br\/decoracao\/\"},{\"@type\":\"ListItem\",\"position\":2,\"name\":\"Escreva o seu e-mail abaixo:\"}]},{\"@type\":\"WebSite\",\"@id\":\"https:\/\/tatianaleal.com.br\/decoracao\/#website\",\"url\":\"https:\/\/tatianaleal.com.br\/decoracao\/\",\"name\":\"Ateli\u00ea TL\",\"description\":\"Arte, restaura\u00e7\u00e3o de m\u00f3veis, decora\u00e7\u00e3o\",\"alternateName\":\"Pinturas decorativas\",\"potentialAction\":[{\"@type\":\"SearchAction\",\"target\":{\"@type\":\"EntryPoint\",\"urlTemplate\":\"https:\/\/tatianaleal.com.br\/decoracao\/?s={search_term_string}\"},\"query-input\":{\"@type\":\"PropertyValueSpecification\",\"valueRequired\":true,\"valueName\":\"search_term_string\"}}],\"inLanguage\":\"pt-BR\"}]}<\/script>\n<!-- \/ Yoast SEO plugin. -->","yoast_head_json":{"title":"Veja essas dicas para pintura em m\u00f3veis!","description":"Veja as 7 dicas de pintura em m\u00f3veis, fazer qualquer trabalho com pintura \u00e9 como uma terapia, onde voc\u00ea usa a sua criatividade e ainda restaura algo que estava ali no cantinho da sua casa sem destaque. Veja essas dicas para pintura em m\u00f3veis!","robots":{"index":"index","follow":"follow","max-snippet":"max-snippet:-1","max-image-preview":"max-image-preview:large","max-video-preview":"max-video-preview:-1"},"canonical":"http:\/\/tatianaleal.com.br\/decoracao\/receba-7-dicas-de-pintura\/","og_locale":"pt_BR","og_type":"article","og_title":"Veja essas dicas para pintura em m\u00f3veis!","og_description":"Veja as 7 dicas de pintura em m\u00f3veis, fazer qualquer trabalho com pintura \u00e9 como uma terapia, onde voc\u00ea usa a sua criatividade e ainda restaura algo que estava ali no cantinho da sua casa sem destaque. Veja essas dicas para pintura em m\u00f3veis!","og_url":"http:\/\/tatianaleal.com.br\/decoracao\/receba-7-dicas-de-pintura\/","og_site_name":"Pinturas especiais","article_modified_time":"2019-01-06T12:54:00+00:00","og_image":[{"width":261,"height":367,"url":"http:\/\/tatianaleal.com.br\/decoracao\/wp-content\/uploads\/2018\/06\/7-dicas-de-pintura.png","type":"image\/png"}],"schema":{"@context":"https:\/\/schema.org","@graph":[{"@type":"WebPage","@id":"http:\/\/tatianaleal.com.br\/decoracao\/receba-7-dicas-de-pintura\/","url":"http:\/\/tatianaleal.com.br\/decoracao\/receba-7-dicas-de-pintura\/","name":"Veja essas dicas para pintura em m\u00f3veis!","isPartOf":{"@id":"https:\/\/tatianaleal.com.br\/decoracao\/#website"},"primaryImageOfPage":{"@id":"http:\/\/tatianaleal.com.br\/decoracao\/receba-7-dicas-de-pintura\/#primaryimage"},"image":{"@id":"http:\/\/tatianaleal.com.br\/decoracao\/receba-7-dicas-de-pintura\/#primaryimage"},"thumbnailUrl":"http:\/\/tatianaleal.com.br\/decoracao\/wp-content\/uploads\/2018\/06\/7-dicas-de-pintura.png","datePublished":"2018-04-24T04:37:26+00:00","dateModified":"2019-01-06T12:54:00+00:00","description":"Veja as 7 dicas de pintura em m\u00f3veis, fazer qualquer trabalho com pintura \u00e9 como uma terapia, onde voc\u00ea usa a sua criatividade e ainda restaura algo que estava ali no cantinho da sua casa sem destaque. Veja essas dicas para pintura em m\u00f3veis!","breadcrumb":{"@id":"http:\/\/tatianaleal.com.br\/decoracao\/receba-7-dicas-de-pintura\/#breadcrumb"},"inLanguage":"pt-BR","potentialAction":[{"@type":"ReadAction","target":["http:\/\/tatianaleal.com.br\/decoracao\/receba-7-dicas-de-pintura\/"]}]},{"@type":"ImageObject","inLanguage":"pt-BR","@id":"http:\/\/tatianaleal.com.br\/decoracao\/receba-7-dicas-de-pintura\/#primaryimage","url":"http:\/\/tatianaleal.com.br\/decoracao\/wp-content\/uploads\/2018\/06\/7-dicas-de-pintura.png","contentUrl":"http:\/\/tatianaleal.com.br\/decoracao\/wp-content\/uploads\/2018\/06\/7-dicas-de-pintura.png","width":261,"height":367},{"@type":"BreadcrumbList","@id":"http:\/\/tatianaleal.com.br\/decoracao\/receba-7-dicas-de-pintura\/#breadcrumb","itemListElement":[{"@type":"ListItem","position":1,"name":"Home","item":"https:\/\/tatianaleal.com.br\/decoracao\/"},{"@type":"ListItem","position":2,"name":"Escreva o seu e-mail abaixo:"}]},{"@type":"WebSite","@id":"https:\/\/tatianaleal.com.br\/decoracao\/#website","url":"https:\/\/tatianaleal.com.br\/decoracao\/","name":"Ateli\u00ea TL","description":"Arte, restaura\u00e7\u00e3o de m\u00f3veis, decora\u00e7\u00e3o","alternateName":"Pinturas decorativas","potentialAction":[{"@type":"SearchAction","target":{"@type":"EntryPoint","urlTemplate":"https:\/\/tatianaleal.com.br\/decoracao\/?s={search_term_string}"},"query-input":{"@type":"PropertyValueSpecification","valueRequired":true,"valueName":"search_term_string"}}],"inLanguage":"pt-BR"}]}},"_links":{"self":[{"href":"http:\/\/tatianaleal.com.br\/decoracao\/wp-json\/wp\/v2\/pages\/5022","targetHints":{"allow":["GET"]}}],"collection":[{"href":"http:\/\/tatianaleal.com.br\/decoracao\/wp-json\/wp\/v2\/pages"}],"about":[{"href":"http:\/\/tatianaleal.com.br\/decoracao\/wp-json\/wp\/v2\/types\/page"}],"author":[{"embeddable":true,"href":"http:\/\/tatianaleal.com.br\/decoracao\/wp-json\/wp\/v2\/users\/1"}],"replies":[{"embeddable":true,"href":"http:\/\/tatianaleal.com.br\/decoracao\/wp-json\/wp\/v2\/comments?post=5022"}],"version-history":[{"count":12,"href":"http:\/\/tatianaleal.com.br\/decoracao\/wp-json\/wp\/v2\/pages\/5022\/revisions"}],"predecessor-version":[{"id":5818,"href":"http:\/\/tatianaleal.com.br\/decoracao\/wp-json\/wp\/v2\/pages\/5022\/revisions\/5818"}],"wp:featuredmedia":[{"embeddable":true,"href":"http:\/\/tatianaleal.com.br\/decoracao\/wp-json\/wp\/v2\/media\/5565"}],"wp:attachment":[{"href":"http:\/\/tatianaleal.com.br\/decoracao\/wp-json\/wp\/v2\/media?parent=5022"}],"curies":[{"name":"wp","href":"https:\/\/api.w.org\/{rel}","templated":true}]}}