{"id":3905,"date":"2016-01-09T10:18:07","date_gmt":"2016-01-09T12:18:07","guid":{"rendered":"http:\/\/tatianaleal.com.br\/decoracao\/captura-falsa\/"},"modified":"2019-02-16T11:40:51","modified_gmt":"2019-02-16T13:40:51","slug":"receba-as-7-dicas-de-pintura","status":"publish","type":"page","link":"http:\/\/tatianaleal.com.br\/decoracao\/receba-as-7-dicas-de-pintura\/","title":{"rendered":"Receba as 7 dicas de pintura"},"content":{"rendered":"","protected":false},"excerpt":{"rendered":"","protected":false},"author":1,"featured_media":3892,"parent":0,"menu_order":0,"comment_status":"open","ping_status":"closed","template":"","meta":{"_monsterinsights_skip_tracking":false,"_monsterinsights_sitenote_active":false,"_monsterinsights_sitenote_note":"","_monsterinsights_sitenote_category":0,"_joinchat":[],"footnotes":"","_links_to":"","_links_to_target":""},"class_list":{"0":"entry","1":"page","2":"publish","3":"author-admin","4":"post-3905","6":"has-post-thumbnail"},"yoast_head":"<!-- This site is optimized with the Yoast SEO plugin v27.2 - https:\/\/yoast.com\/product\/yoast-seo-wordpress\/ -->\n<title>Receba as 7 dicas de pintura - Pinturas especiais<\/title>\n<meta name=\"robots\" content=\"index, follow, max-snippet:-1, max-image-preview:large, max-video-preview:-1\" \/>\n<link rel=\"canonical\" href=\"http:\/\/tatianaleal.com.br\/decoracao\/receba-as-7-dicas-de-pintura\/\" \/>\n<meta property=\"og:locale\" content=\"pt_BR\" \/>\n<meta property=\"og:type\" content=\"article\" \/>\n<meta property=\"og:title\" content=\"Receba as 7 dicas de pintura - Pinturas especiais\" \/>\n<meta property=\"og:url\" content=\"http:\/\/tatianaleal.com.br\/decoracao\/receba-as-7-dicas-de-pintura\/\" \/>\n<meta property=\"og:site_name\" content=\"Pinturas especiais\" \/>\n<meta property=\"article:modified_time\" content=\"2019-02-16T13:40:51+00:00\" \/>\n<meta property=\"og:image\" content=\"http:\/\/tatianaleal.com.br\/decoracao\/wp-content\/uploads\/2016\/01\/capa-falsa.jpg\" \/>\n\t<meta property=\"og:image:width\" content=\"193\" \/>\n\t<meta property=\"og:image:height\" content=\"250\" \/>\n\t<meta property=\"og:image:type\" content=\"image\/jpeg\" \/>\n<script type=\"application\/ld+json\" class=\"yoast-schema-graph\">{\"@context\":\"https:\/\/schema.org\",\"@graph\":[{\"@type\":\"WebPage\",\"@id\":\"http:\/\/tatianaleal.com.br\/decoracao\/receba-as-7-dicas-de-pintura\/\",\"url\":\"http:\/\/tatianaleal.com.br\/decoracao\/receba-as-7-dicas-de-pintura\/\",\"name\":\"Receba as 7 dicas de pintura - Pinturas especiais\",\"isPartOf\":{\"@id\":\"https:\/\/tatianaleal.com.br\/decoracao\/#website\"},\"primaryImageOfPage\":{\"@id\":\"http:\/\/tatianaleal.com.br\/decoracao\/receba-as-7-dicas-de-pintura\/#primaryimage\"},\"image\":{\"@id\":\"http:\/\/tatianaleal.com.br\/decoracao\/receba-as-7-dicas-de-pintura\/#primaryimage\"},\"thumbnailUrl\":\"http:\/\/tatianaleal.com.br\/decoracao\/wp-content\/uploads\/2016\/01\/capa-falsa.jpg\",\"datePublished\":\"2016-01-09T12:18:07+00:00\",\"dateModified\":\"2019-02-16T13:40:51+00:00\",\"breadcrumb\":{\"@id\":\"http:\/\/tatianaleal.com.br\/decoracao\/receba-as-7-dicas-de-pintura\/#breadcrumb\"},\"inLanguage\":\"pt-BR\",\"potentialAction\":[{\"@type\":\"ReadAction\",\"target\":[\"http:\/\/tatianaleal.com.br\/decoracao\/receba-as-7-dicas-de-pintura\/\"]}]},{\"@type\":\"ImageObject\",\"inLanguage\":\"pt-BR\",\"@id\":\"http:\/\/tatianaleal.com.br\/decoracao\/receba-as-7-dicas-de-pintura\/#primaryimage\",\"url\":\"http:\/\/tatianaleal.com.br\/decoracao\/wp-content\/uploads\/2016\/01\/capa-falsa.jpg\",\"contentUrl\":\"http:\/\/tatianaleal.com.br\/decoracao\/wp-content\/uploads\/2016\/01\/capa-falsa.jpg\",\"width\":193,\"height\":250},{\"@type\":\"BreadcrumbList\",\"@id\":\"http:\/\/tatianaleal.com.br\/decoracao\/receba-as-7-dicas-de-pintura\/#breadcrumb\",\"itemListElement\":[{\"@type\":\"ListItem\",\"position\":1,\"name\":\"Home\",\"item\":\"https:\/\/tatianaleal.com.br\/decoracao\/\"},{\"@type\":\"ListItem\",\"position\":2,\"name\":\"Receba as 7 dicas de pintura\"}]},{\"@type\":\"WebSite\",\"@id\":\"https:\/\/tatianaleal.com.br\/decoracao\/#website\",\"url\":\"https:\/\/tatianaleal.com.br\/decoracao\/\",\"name\":\"Ateli\u00ea TL\",\"description\":\"Arte, restaura\u00e7\u00e3o de m\u00f3veis, decora\u00e7\u00e3o\",\"alternateName\":\"Pinturas decorativas\",\"potentialAction\":[{\"@type\":\"SearchAction\",\"target\":{\"@type\":\"EntryPoint\",\"urlTemplate\":\"https:\/\/tatianaleal.com.br\/decoracao\/?s={search_term_string}\"},\"query-input\":{\"@type\":\"PropertyValueSpecification\",\"valueRequired\":true,\"valueName\":\"search_term_string\"}}],\"inLanguage\":\"pt-BR\"}]}<\/script>\n<!-- \/ Yoast SEO plugin. -->","yoast_head_json":{"title":"Receba as 7 dicas de pintura - Pinturas especiais","robots":{"index":"index","follow":"follow","max-snippet":"max-snippet:-1","max-image-preview":"max-image-preview:large","max-video-preview":"max-video-preview:-1"},"canonical":"http:\/\/tatianaleal.com.br\/decoracao\/receba-as-7-dicas-de-pintura\/","og_locale":"pt_BR","og_type":"article","og_title":"Receba as 7 dicas de pintura - Pinturas especiais","og_url":"http:\/\/tatianaleal.com.br\/decoracao\/receba-as-7-dicas-de-pintura\/","og_site_name":"Pinturas especiais","article_modified_time":"2019-02-16T13:40:51+00:00","og_image":[{"width":193,"height":250,"url":"http:\/\/tatianaleal.com.br\/decoracao\/wp-content\/uploads\/2016\/01\/capa-falsa.jpg","type":"image\/jpeg"}],"schema":{"@context":"https:\/\/schema.org","@graph":[{"@type":"WebPage","@id":"http:\/\/tatianaleal.com.br\/decoracao\/receba-as-7-dicas-de-pintura\/","url":"http:\/\/tatianaleal.com.br\/decoracao\/receba-as-7-dicas-de-pintura\/","name":"Receba as 7 dicas de pintura - Pinturas especiais","isPartOf":{"@id":"https:\/\/tatianaleal.com.br\/decoracao\/#website"},"primaryImageOfPage":{"@id":"http:\/\/tatianaleal.com.br\/decoracao\/receba-as-7-dicas-de-pintura\/#primaryimage"},"image":{"@id":"http:\/\/tatianaleal.com.br\/decoracao\/receba-as-7-dicas-de-pintura\/#primaryimage"},"thumbnailUrl":"http:\/\/tatianaleal.com.br\/decoracao\/wp-content\/uploads\/2016\/01\/capa-falsa.jpg","datePublished":"2016-01-09T12:18:07+00:00","dateModified":"2019-02-16T13:40:51+00:00","breadcrumb":{"@id":"http:\/\/tatianaleal.com.br\/decoracao\/receba-as-7-dicas-de-pintura\/#breadcrumb"},"inLanguage":"pt-BR","potentialAction":[{"@type":"ReadAction","target":["http:\/\/tatianaleal.com.br\/decoracao\/receba-as-7-dicas-de-pintura\/"]}]},{"@type":"ImageObject","inLanguage":"pt-BR","@id":"http:\/\/tatianaleal.com.br\/decoracao\/receba-as-7-dicas-de-pintura\/#primaryimage","url":"http:\/\/tatianaleal.com.br\/decoracao\/wp-content\/uploads\/2016\/01\/capa-falsa.jpg","contentUrl":"http:\/\/tatianaleal.com.br\/decoracao\/wp-content\/uploads\/2016\/01\/capa-falsa.jpg","width":193,"height":250},{"@type":"BreadcrumbList","@id":"http:\/\/tatianaleal.com.br\/decoracao\/receba-as-7-dicas-de-pintura\/#breadcrumb","itemListElement":[{"@type":"ListItem","position":1,"name":"Home","item":"https:\/\/tatianaleal.com.br\/decoracao\/"},{"@type":"ListItem","position":2,"name":"Receba as 7 dicas de pintura"}]},{"@type":"WebSite","@id":"https:\/\/tatianaleal.com.br\/decoracao\/#website","url":"https:\/\/tatianaleal.com.br\/decoracao\/","name":"Ateli\u00ea TL","description":"Arte, restaura\u00e7\u00e3o de m\u00f3veis, decora\u00e7\u00e3o","alternateName":"Pinturas decorativas","potentialAction":[{"@type":"SearchAction","target":{"@type":"EntryPoint","urlTemplate":"https:\/\/tatianaleal.com.br\/decoracao\/?s={search_term_string}"},"query-input":{"@type":"PropertyValueSpecification","valueRequired":true,"valueName":"search_term_string"}}],"inLanguage":"pt-BR"}]}},"_links":{"self":[{"href":"http:\/\/tatianaleal.com.br\/decoracao\/wp-json\/wp\/v2\/pages\/3905","targetHints":{"allow":["GET"]}}],"collection":[{"href":"http:\/\/tatianaleal.com.br\/decoracao\/wp-json\/wp\/v2\/pages"}],"about":[{"href":"http:\/\/tatianaleal.com.br\/decoracao\/wp-json\/wp\/v2\/types\/page"}],"author":[{"embeddable":true,"href":"http:\/\/tatianaleal.com.br\/decoracao\/wp-json\/wp\/v2\/users\/1"}],"replies":[{"embeddable":true,"href":"http:\/\/tatianaleal.com.br\/decoracao\/wp-json\/wp\/v2\/comments?post=3905"}],"version-history":[{"count":4,"href":"http:\/\/tatianaleal.com.br\/decoracao\/wp-json\/wp\/v2\/pages\/3905\/revisions"}],"predecessor-version":[{"id":4100,"href":"http:\/\/tatianaleal.com.br\/decoracao\/wp-json\/wp\/v2\/pages\/3905\/revisions\/4100"}],"wp:featuredmedia":[{"embeddable":true,"href":"http:\/\/tatianaleal.com.br\/decoracao\/wp-json\/wp\/v2\/media\/3892"}],"wp:attachment":[{"href":"http:\/\/tatianaleal.com.br\/decoracao\/wp-json\/wp\/v2\/media?parent=3905"}],"curies":[{"name":"wp","href":"https:\/\/api.w.org\/{rel}","templated":true}]}}