{"id":3888,"date":"2016-01-09T13:36:34","date_gmt":"2016-01-09T15:36:34","guid":{"rendered":"http:\/\/tatianaleal.com.br\/decoracao\/?page_id=3888"},"modified":"2016-02-26T19:43:39","modified_gmt":"2016-02-26T22:43:39","slug":"falsalaca","status":"publish","type":"page","link":"http:\/\/tatianaleal.com.br\/decoracao\/receba-as-7-dicas-de-pintura\/falsalaca\/","title":{"rendered":"GRATID\u00c3O PELO SEU INTERESSE!!"},"content":{"rendered":"<h1><\/h1>\n<div class=\"entry-content\">\n<p><strong><span style=\"color: #ff0000;\">GMAIL<\/span>\u00a0 \u00a0 \u00a0 \u00a0 \u00a0 \u00a0 \u00a0 \u00a0 \u00a0 \u00a0 \u00a0<span style=\"color: #333399;\">YAHOO \u00a0 \u00a0<\/span>\u00a0 \u00a0 \u00a0 \u00a0 \u00a0 \u00a0 \u00a0 \u00a0 \u00a0 \u00a0\u00a0HOTMAIL \/ OUTLOOK<\/strong><\/p>\n<p><strong>Passo 1&gt;&gt;&gt;<\/strong>Verifique a sua caixa de entrada caso n\u00e3o encontre, veja tamb\u00e9m na pasta de spam e lixo eletr\u00f4nico<\/p>\n<p><strong>Passo 2&gt;&gt;&gt;<\/strong>Encontre a mensagem enviada por mim<\/p>\n<p><strong>Passo 3&gt;&gt;&gt;<\/strong>Clique no link de confirma\u00e7\u00e3o<\/p>\n<p>&nbsp;<\/p>\n<p><span style=\"color: #ff6600;\">\u201cA luz da fonte maior jamais se apagar\u00e1\u201d<\/span><\/p>\n<\/div>\n<h1 style=\"text-align: center;\">APRENDA A FAZER VOC\u00ca MESMO A T\u00c9CNICA A FALSA LACA!<\/h1>\n<p>&nbsp;<\/p>\n<table>\n<tbody>\n<tr>\n<td style=\"text-align: center;\" colspan=\"2\"><img  title=\"\" fetchpriority=\"high\" decoding=\"async\" class=\" size-medium wp-image-3564 alignleft\" src=\"http:\/\/tatianaleal.com.br\/decoracao\/wp-content\/uploads\/2015\/08\/capa-falsa-232x300.png\"  alt=\"capa-falsa-232x300 GRATID\u00c3O PELO SEU INTERESSE!!\"  width=\"232\" height=\"300\" srcset=\"http:\/\/tatianaleal.com.br\/decoracao\/wp-content\/uploads\/2015\/08\/capa-falsa-232x300.png 232w, http:\/\/tatianaleal.com.br\/decoracao\/wp-content\/uploads\/2015\/08\/capa-falsa.png 448w\" sizes=\"(max-width: 232px) 100vw, 232px\" \/>H\u00c1 MAIS DE DEZ ANOS TRABALHANDO\u00a0\u00a0NA \u00c1REA DE REPAGINA\u00c7\u00c3O DE M\u00d3VEIS EM S\u00c3O PAULO, COM V\u00c1RIAS T\u00c9CNICAS DE PINTURAS ESPECIAIS EM V\u00c1RIOS OBJETOS\u00a0\u00a0COMO IMAGENS SACRAS AT\u00c9 EM SUPERF\u00cdCIES COMO PAREDES, PE\u00c7AS EM GESSO, COLUNAS, AT\u00c9 EM PISOS&#8230;CRIEI OS EBOOKS\u00a0\u00a0(EM PDF) QUE ENSINA O PASSO-A-PASSO DE COMO EU FA\u00c7O NOS MEUS TRABALHOS.CADA PROFISSIONAL TEM SEU M\u00c9TODO INDIVIDUAL DE FAZER SUAS OBRAS E NOS EBOOKS COMPARTILHO<br \/>\nCOM VOC\u00ca AS T\u00c9CNICAS, COM PASSO A PASSO ILUSTRADO, COM DICAS E SEGREDOS PARA VOC\u00ca TER UM BOM ACABAMENTO NA SUA ARTE FINAL.NO EBOOK \u00a0<span style=\"color: #0000ff;\">A FALSA LACA<\/span> VOC\u00ca VAI APRENDER A FAZER UMA PINTURA COM FINO ACABAMENTO.<br \/>\nMATERIAL COMPLETAMENTE ILUSTRADO, COM PASSO-A-PASSO , DICAS E SEGREDOS QUE USO NOS MEUS TRABALHOS (INCLUSO 3 VIDEOS MOSTRANDO AS ETAPAS PRINCIPAIS).<\/p>\n<p style=\"text-align: center;\"><span style=\"color: #ff0000;\">ADQUIRE J\u00c1 O SEU EBOOK FALSA LACA POR APENAS : R$49,00<\/span><\/p>\n<p style=\"text-align: center;\"><span style=\"line-height: 1.5;\"><a href=\"http:\/\/hotmart.net.br\/show.html?a=H3497835U \" rel=\"attachment wp-att-3881\"><img  title=\"\" decoding=\"async\" class=\"aligncenter size-full wp-image-3881\" src=\"http:\/\/tatianaleal.com.br\/decoracao\/wp-content\/uploads\/2016\/01\/comprar.png\"  alt=\"comprar GRATID\u00c3O PELO SEU INTERESSE!!\"  width=\"286\" height=\"75\" \/><\/a>\u00a0\u00a0<\/span><\/p>\n<p>Saiba mais sobre <strong>O MANUAL P\u00c1TINA E CIA E CURSO DE MARMORIZA\u00c7\u00c3O<a href=\"http:\/\/tatianaleal.com.br\/decoracao\/cursos-de-pintura\/\" target=\"_blank\"><span style=\"color: #ff0000;\"> CLICANDO QUI!<\/span><\/a><\/strong><\/p>\n<p><a href=\"http:\/\/tatianaleal.com.br\/decoracao\/cursos-de-pintura\/\" rel=\"attachment wp-att-3764\"><img  title=\"\" decoding=\"async\" class=\"aligncenter wp-image-3764 size-medium\" src=\"http:\/\/tatianaleal.com.br\/decoracao\/wp-content\/uploads\/2015\/11\/3-ebook-300x119.jpg\"  alt=\"3-ebook-300x119 GRATID\u00c3O PELO SEU INTERESSE!!\"  width=\"300\" height=\"119\" srcset=\"http:\/\/tatianaleal.com.br\/decoracao\/wp-content\/uploads\/2015\/11\/3-ebook-300x119.jpg 300w, http:\/\/tatianaleal.com.br\/decoracao\/wp-content\/uploads\/2015\/11\/3-ebook.jpg 578w\" sizes=\"(max-width: 300px) 100vw, 300px\" \/><\/a><\/p>\n<p>&nbsp;<\/td>\n<\/tr>\n<\/tbody>\n<\/table>\n<p><strong>\u00a0 \u00a0 \u00a0\u00a0<\/strong><strong>Veja mais artigos:<\/strong><\/p>\n<ul>\n<li><strong><a title=\"Link permanente para Por qu\u00ea restaurar um m\u00f3vel usado?\" href=\"http:\/\/tatianaleal.com.br\/decoracao\/restaurar-movel-usado\/\" rel=\"bookmark\">Por qu\u00ea restaurar um m\u00f3vel usado?<\/a><\/strong><\/li>\n<li><strong><a title=\"Link permanente para Decora\u00e7\u00e3o em quarto de beb\u00ea.\" href=\"http:\/\/tatianaleal.com.br\/decoracao\/decoracao-quarto-bebe\/\" rel=\"bookmark\">Decora\u00e7\u00e3o em quarto de beb\u00ea<\/a><\/strong><\/li>\n<li><strong><a title=\"Link permanente para Dicas de decora\u00e7\u00e3o\" href=\"http:\/\/tatianaleal.com.br\/decoracao\/dicas-decoracao\/\" rel=\"bookmark\">Dicas de decora\u00e7\u00e3o<\/a>\u00a0<\/strong><\/li>\n<li><a href=\"http:\/\/tatianaleal.com.br\/decoracao\/laqueacao\/\" target=\"_blank\"><strong>Como fazer a laquea\u00e7\u00e3o<\/strong><\/a><\/li>\n<li><strong><a title=\"Link permanente para Decora\u00e7\u00e3o branca\" href=\"http:\/\/tatianaleal.com.br\/decoracao\/linha-branca\/\" rel=\"bookmark\">Decora\u00e7\u00e3o branca<\/a><\/strong><\/li>\n<li><strong><a href=\"http:\/\/tatianaleal.com.br\/decoracao\/moveis-coloridos\/\" target=\"_blank\">M\u00f3veis coloridos<\/a><\/strong><\/li>\n<li><a title=\"Link permanente para P\u00e1tina colorida em mesinha de madeira m\u00f3gno, veja a transforma\u00e7\u00e3o.\" href=\"http:\/\/tatianaleal.com.br\/decoracao\/patina-colorida\/\" rel=\"bookmark\"><strong>P\u00e1tina colorida veja a transforma\u00e7\u00e3o<\/strong><\/a><\/li>\n<li><strong><a title=\"Limpeza em m\u00f3veis\" href=\"http:\/\/tatianaleal.com.br\/decoracao\/limpeza-moveis\/\" target=\"_blank\">Limpeza em m\u00f3veis<\/a><\/strong><\/li>\n<li><strong><a title=\"Link permanente para Quadrinhos proven\u00e7ais\" href=\"http:\/\/tatianaleal.com.br\/decoracao\/quadrinhos-provencais-de-parede\/\" rel=\"bookmark\">Quadrinhos proven\u00e7ais<\/a><\/strong><\/li>\n<li><strong><a title=\"Pop art\" href=\"http:\/\/tatianaleal.com.br\/decoracao\/arte-esoterica-pop-art\/\">Arte esot\u00e9rica \u2013 Pop art<\/a><\/strong><\/li>\n<li><strong><a title=\"P\u00e1tina proven\u00e7al\" href=\"http:\/\/tatianaleal.com.br\/decoracao\/patina-pronvencal\/\" target=\"_blank\">P\u00e1tina proven\u00e7al, o que \u00e9?<\/a><\/strong><\/li>\n<li><strong><a href=\"http:\/\/hotmart.net.br\/show.html?a=A2606768T\" rel=\"attachment wp-att-3034\">Curso Decora\u00e7\u00e3o Interiores<\/a><\/strong><\/li>\n<li><strong><a title=\"Link permanente para P\u00e1tina em mdf veja o antes e depois \u2013 P\u00e1tina colorida\" href=\"http:\/\/tatianaleal.com.br\/decoracao\/patina-em-mdf\/\" rel=\"bookmark\">P\u00e1tina em mdf veja o antes e depois \u2013 P\u00e1tina colorida<\/a><\/strong><\/li>\n<li><strong><a title=\"Link permanente para Arquitetura moderna e a import\u00e2ncia da arquitetura\" href=\"http:\/\/tatianaleal.com.br\/decoracao\/arquitetura-moderna\/\" rel=\"bookmark\">Arquitetura moderna e a sua import\u00e2ncia\u00a0<\/a><\/strong><\/li>\n<li><strong><a href=\"http:\/\/tatianaleal.com.br\/decoracao\/mandala\/\" target=\"_blank\">Painel Mandala dos sinais (veja como esta o seu humor)<\/a><\/strong><\/li>\n<li><strong><a title=\"Link permanente para Harmoniza\u00e7\u00e3o de ambientes \u2013 Feng Shui. Organizar \u00e9 fluir melhor!\" href=\"http:\/\/tatianaleal.com.br\/decoracao\/harmonizacao-de-ambientes\/\" rel=\"bookmark\">Harmoniza\u00e7\u00e3o de ambientes \u2013 Feng Shui.\u00a0<\/a><\/strong><\/li>\n<li><strong><a title=\"Link permanente para Que falta de valor\u2026\u00f3h sina de ser artista pl\u00e1stico!\" href=\"http:\/\/tatianaleal.com.br\/decoracao\/artista-plastico-so-so-alem\/\" rel=\"bookmark\">Que falta de valor\u2026\u00f3h sina de ser artista pl\u00e1stico!<\/a><\/strong><\/li>\n<li><strong><a href=\"http:\/\/tatianaleal.com.br\/decoracao\/dicas\/\" target=\"_blank\">Veja todos os artigos no menu do blog\u00a0<\/a><\/strong><\/li>\n<li><strong><a href=\"http:\/\/tatianaleal.com.br\/decoracaoloja\/\" target=\"_blank\">Loja virtual<\/a><\/strong><\/li>\n<\/ul>\n<p>&nbsp;<\/p>\n<h3>\u00a0Seja o primeiro a receber\u00a0novos artigos de dicas de\u00a0decora\u00e7\u00e3o e pintura.<a href=\"http:\/\/tatianaleal.com.br\/decoracao\/wp-content\/uploads\/2015\/02\/setas.jpg\" rel=\"attachment wp-att-3285\"><img  title=\"\" loading=\"lazy\" decoding=\"async\" class=\" wp-image-3285 alignleft\" src=\"http:\/\/tatianaleal.com.br\/decoracao\/wp-content\/uploads\/2015\/02\/setas.jpg\"  alt=\"setas GRATID\u00c3O PELO SEU INTERESSE!!\"  width=\"70\" height=\"51\" \/><\/a><\/h3>\n<h6><a href=\"http:\/\/tatianaleal.com.br\/decoracao\/dicas-de-pintura\/\" target=\"_blank\" rel=\"attachment wp-att-3300\"><img  title=\"\" loading=\"lazy\" decoding=\"async\" class=\"aligncenter wp-image-3300\" src=\"http:\/\/tatianaleal.com.br\/decoracao\/wp-content\/uploads\/2015\/03\/recebaposta-300x109.jpg\"  alt=\"recebaposta-300x109 GRATID\u00c3O PELO SEU INTERESSE!!\"  width=\"261\" height=\"95\" srcset=\"http:\/\/tatianaleal.com.br\/decoracao\/wp-content\/uploads\/2015\/03\/recebaposta-300x109.jpg 300w, http:\/\/tatianaleal.com.br\/decoracao\/wp-content\/uploads\/2015\/03\/recebaposta.jpg 835w\" sizes=\"(max-width: 261px) 100vw, 261px\" \/><\/a><\/h6>\n<p>&nbsp;<\/p>\n","protected":false},"excerpt":{"rendered":"<p>GMAIL\u00a0 \u00a0 \u00a0 \u00a0 \u00a0 \u00a0 \u00a0 \u00a0 \u00a0 \u00a0 \u00a0YAHOO \u00a0 \u00a0\u00a0 \u00a0 \u00a0 \u00a0 \u00a0 \u00a0 \u00a0 \u00a0 \u00a0 \u00a0\u00a0HOTMAIL \/ OUTLOOK Passo 1&gt;&gt;&gt;Verifique a sua caixa de entrada caso n\u00e3o encontre, veja tamb\u00e9m na pasta de spam e lixo eletr\u00f4nico Passo 2&gt;&gt;&gt;Encontre a mensagem enviada por mim Passo 3&gt;&gt;&gt;Clique no link de confirma\u00e7\u00e3o &nbsp; \u201cA luz da fonte maior jamais se apagar\u00e1\u201d APRENDA A FAZER VOC\u00ca MESMO A T\u00c9CNICA A FALSA LACA! &nbsp; H\u00c1 MAIS DE DEZ ANOS TRABALHANDO\u00a0\u00a0NA \u00c1REA DE REPAGINA\u00c7\u00c3O <a href=\"http:\/\/tatianaleal.com.br\/decoracao\/receba-as-7-dicas-de-pintura\/falsalaca\/\" class=\"more-link\"><span>Continue<\/span>\u2192<\/a><\/p>\n","protected":false},"author":1,"featured_media":0,"parent":3905,"menu_order":0,"comment_status":"open","ping_status":"closed","template":"","meta":{"_monsterinsights_skip_tracking":false,"_monsterinsights_sitenote_active":false,"_monsterinsights_sitenote_note":"","_monsterinsights_sitenote_category":0,"_joinchat":[],"footnotes":"","_links_to":"","_links_to_target":""},"class_list":["entry","page","publish","author-admin","post-3888"],"yoast_head":"<!-- This site is optimized with the Yoast SEO plugin v27.2 - https:\/\/yoast.com\/product\/yoast-seo-wordpress\/ -->\n<title>falsa laca<\/title>\n<meta name=\"description\" content=\"Curso de pintura, falsa laca, aprenda t\u00e9cnicas de pinturas, ebook- curso online\" \/>\n<meta name=\"robots\" content=\"index, follow, max-snippet:-1, max-image-preview:large, max-video-preview:-1\" \/>\n<link rel=\"canonical\" href=\"http:\/\/tatianaleal.com.br\/decoracao\/receba-as-7-dicas-de-pintura\/falsalaca\/\" \/>\n<meta property=\"og:locale\" content=\"pt_BR\" \/>\n<meta property=\"og:type\" content=\"article\" \/>\n<meta property=\"og:title\" content=\"falsa laca\" \/>\n<meta property=\"og:description\" content=\"Curso de pintura, falsa laca, aprenda t\u00e9cnicas de pinturas, ebook- curso online\" \/>\n<meta property=\"og:url\" content=\"http:\/\/tatianaleal.com.br\/decoracao\/receba-as-7-dicas-de-pintura\/falsalaca\/\" \/>\n<meta property=\"og:site_name\" content=\"Pinturas especiais\" \/>\n<meta property=\"article:modified_time\" content=\"2016-02-26T22:43:39+00:00\" \/>\n<meta property=\"og:image\" content=\"http:\/\/tatianaleal.com.br\/decoracao\/wp-content\/uploads\/2015\/08\/capa-falsa-232x300.png\" \/>\n<meta name=\"twitter:label1\" content=\"Est. tempo de leitura\" \/>\n\t<meta name=\"twitter:data1\" content=\"2 minutos\" \/>\n<script type=\"application\/ld+json\" class=\"yoast-schema-graph\">{\"@context\":\"https:\/\/schema.org\",\"@graph\":[{\"@type\":\"WebPage\",\"@id\":\"http:\/\/tatianaleal.com.br\/decoracao\/receba-as-7-dicas-de-pintura\/falsalaca\/\",\"url\":\"http:\/\/tatianaleal.com.br\/decoracao\/receba-as-7-dicas-de-pintura\/falsalaca\/\",\"name\":\"falsa laca\",\"isPartOf\":{\"@id\":\"https:\/\/tatianaleal.com.br\/decoracao\/#website\"},\"primaryImageOfPage\":{\"@id\":\"http:\/\/tatianaleal.com.br\/decoracao\/receba-as-7-dicas-de-pintura\/falsalaca\/#primaryimage\"},\"image\":{\"@id\":\"http:\/\/tatianaleal.com.br\/decoracao\/receba-as-7-dicas-de-pintura\/falsalaca\/#primaryimage\"},\"thumbnailUrl\":\"http:\/\/tatianaleal.com.br\/decoracao\/wp-content\/uploads\/2015\/08\/capa-falsa-232x300.png\",\"datePublished\":\"2016-01-09T15:36:34+00:00\",\"dateModified\":\"2016-02-26T22:43:39+00:00\",\"description\":\"Curso de pintura, falsa laca, aprenda t\u00e9cnicas de pinturas, ebook- curso online\",\"breadcrumb\":{\"@id\":\"http:\/\/tatianaleal.com.br\/decoracao\/receba-as-7-dicas-de-pintura\/falsalaca\/#breadcrumb\"},\"inLanguage\":\"pt-BR\",\"potentialAction\":[{\"@type\":\"ReadAction\",\"target\":[\"http:\/\/tatianaleal.com.br\/decoracao\/receba-as-7-dicas-de-pintura\/falsalaca\/\"]}]},{\"@type\":\"ImageObject\",\"inLanguage\":\"pt-BR\",\"@id\":\"http:\/\/tatianaleal.com.br\/decoracao\/receba-as-7-dicas-de-pintura\/falsalaca\/#primaryimage\",\"url\":\"http:\/\/tatianaleal.com.br\/decoracao\/wp-content\/uploads\/2015\/08\/capa-falsa.png\",\"contentUrl\":\"http:\/\/tatianaleal.com.br\/decoracao\/wp-content\/uploads\/2015\/08\/capa-falsa.png\",\"width\":448,\"height\":580},{\"@type\":\"BreadcrumbList\",\"@id\":\"http:\/\/tatianaleal.com.br\/decoracao\/receba-as-7-dicas-de-pintura\/falsalaca\/#breadcrumb\",\"itemListElement\":[{\"@type\":\"ListItem\",\"position\":1,\"name\":\"Home\",\"item\":\"https:\/\/tatianaleal.com.br\/decoracao\/\"},{\"@type\":\"ListItem\",\"position\":2,\"name\":\"Receba as 7 dicas de pintura\",\"item\":\"http:\/\/tatianaleal.com.br\/decoracao\/receba-as-7-dicas-de-pintura\/\"},{\"@type\":\"ListItem\",\"position\":3,\"name\":\"GRATID\u00c3O PELO SEU INTERESSE!!\"}]},{\"@type\":\"WebSite\",\"@id\":\"https:\/\/tatianaleal.com.br\/decoracao\/#website\",\"url\":\"https:\/\/tatianaleal.com.br\/decoracao\/\",\"name\":\"Ateli\u00ea TL\",\"description\":\"Arte, restaura\u00e7\u00e3o de m\u00f3veis, decora\u00e7\u00e3o\",\"alternateName\":\"Pinturas decorativas\",\"potentialAction\":[{\"@type\":\"SearchAction\",\"target\":{\"@type\":\"EntryPoint\",\"urlTemplate\":\"https:\/\/tatianaleal.com.br\/decoracao\/?s={search_term_string}\"},\"query-input\":{\"@type\":\"PropertyValueSpecification\",\"valueRequired\":true,\"valueName\":\"search_term_string\"}}],\"inLanguage\":\"pt-BR\"}]}<\/script>\n<!-- \/ Yoast SEO plugin. -->","yoast_head_json":{"title":"falsa laca","description":"Curso de pintura, falsa laca, aprenda t\u00e9cnicas de pinturas, ebook- curso online","robots":{"index":"index","follow":"follow","max-snippet":"max-snippet:-1","max-image-preview":"max-image-preview:large","max-video-preview":"max-video-preview:-1"},"canonical":"http:\/\/tatianaleal.com.br\/decoracao\/receba-as-7-dicas-de-pintura\/falsalaca\/","og_locale":"pt_BR","og_type":"article","og_title":"falsa laca","og_description":"Curso de pintura, falsa laca, aprenda t\u00e9cnicas de pinturas, ebook- curso online","og_url":"http:\/\/tatianaleal.com.br\/decoracao\/receba-as-7-dicas-de-pintura\/falsalaca\/","og_site_name":"Pinturas especiais","article_modified_time":"2016-02-26T22:43:39+00:00","og_image":[{"url":"http:\/\/tatianaleal.com.br\/decoracao\/wp-content\/uploads\/2015\/08\/capa-falsa-232x300.png","type":"","width":"","height":""}],"twitter_misc":{"Est. tempo de leitura":"2 minutos"},"schema":{"@context":"https:\/\/schema.org","@graph":[{"@type":"WebPage","@id":"http:\/\/tatianaleal.com.br\/decoracao\/receba-as-7-dicas-de-pintura\/falsalaca\/","url":"http:\/\/tatianaleal.com.br\/decoracao\/receba-as-7-dicas-de-pintura\/falsalaca\/","name":"falsa laca","isPartOf":{"@id":"https:\/\/tatianaleal.com.br\/decoracao\/#website"},"primaryImageOfPage":{"@id":"http:\/\/tatianaleal.com.br\/decoracao\/receba-as-7-dicas-de-pintura\/falsalaca\/#primaryimage"},"image":{"@id":"http:\/\/tatianaleal.com.br\/decoracao\/receba-as-7-dicas-de-pintura\/falsalaca\/#primaryimage"},"thumbnailUrl":"http:\/\/tatianaleal.com.br\/decoracao\/wp-content\/uploads\/2015\/08\/capa-falsa-232x300.png","datePublished":"2016-01-09T15:36:34+00:00","dateModified":"2016-02-26T22:43:39+00:00","description":"Curso de pintura, falsa laca, aprenda t\u00e9cnicas de pinturas, ebook- curso online","breadcrumb":{"@id":"http:\/\/tatianaleal.com.br\/decoracao\/receba-as-7-dicas-de-pintura\/falsalaca\/#breadcrumb"},"inLanguage":"pt-BR","potentialAction":[{"@type":"ReadAction","target":["http:\/\/tatianaleal.com.br\/decoracao\/receba-as-7-dicas-de-pintura\/falsalaca\/"]}]},{"@type":"ImageObject","inLanguage":"pt-BR","@id":"http:\/\/tatianaleal.com.br\/decoracao\/receba-as-7-dicas-de-pintura\/falsalaca\/#primaryimage","url":"http:\/\/tatianaleal.com.br\/decoracao\/wp-content\/uploads\/2015\/08\/capa-falsa.png","contentUrl":"http:\/\/tatianaleal.com.br\/decoracao\/wp-content\/uploads\/2015\/08\/capa-falsa.png","width":448,"height":580},{"@type":"BreadcrumbList","@id":"http:\/\/tatianaleal.com.br\/decoracao\/receba-as-7-dicas-de-pintura\/falsalaca\/#breadcrumb","itemListElement":[{"@type":"ListItem","position":1,"name":"Home","item":"https:\/\/tatianaleal.com.br\/decoracao\/"},{"@type":"ListItem","position":2,"name":"Receba as 7 dicas de pintura","item":"http:\/\/tatianaleal.com.br\/decoracao\/receba-as-7-dicas-de-pintura\/"},{"@type":"ListItem","position":3,"name":"GRATID\u00c3O PELO SEU INTERESSE!!"}]},{"@type":"WebSite","@id":"https:\/\/tatianaleal.com.br\/decoracao\/#website","url":"https:\/\/tatianaleal.com.br\/decoracao\/","name":"Ateli\u00ea TL","description":"Arte, restaura\u00e7\u00e3o de m\u00f3veis, decora\u00e7\u00e3o","alternateName":"Pinturas decorativas","potentialAction":[{"@type":"SearchAction","target":{"@type":"EntryPoint","urlTemplate":"https:\/\/tatianaleal.com.br\/decoracao\/?s={search_term_string}"},"query-input":{"@type":"PropertyValueSpecification","valueRequired":true,"valueName":"search_term_string"}}],"inLanguage":"pt-BR"}]}},"_links":{"self":[{"href":"http:\/\/tatianaleal.com.br\/decoracao\/wp-json\/wp\/v2\/pages\/3888","targetHints":{"allow":["GET"]}}],"collection":[{"href":"http:\/\/tatianaleal.com.br\/decoracao\/wp-json\/wp\/v2\/pages"}],"about":[{"href":"http:\/\/tatianaleal.com.br\/decoracao\/wp-json\/wp\/v2\/types\/page"}],"author":[{"embeddable":true,"href":"http:\/\/tatianaleal.com.br\/decoracao\/wp-json\/wp\/v2\/users\/1"}],"replies":[{"embeddable":true,"href":"http:\/\/tatianaleal.com.br\/decoracao\/wp-json\/wp\/v2\/comments?post=3888"}],"version-history":[{"count":21,"href":"http:\/\/tatianaleal.com.br\/decoracao\/wp-json\/wp\/v2\/pages\/3888\/revisions"}],"predecessor-version":[{"id":4205,"href":"http:\/\/tatianaleal.com.br\/decoracao\/wp-json\/wp\/v2\/pages\/3888\/revisions\/4205"}],"up":[{"embeddable":true,"href":"http:\/\/tatianaleal.com.br\/decoracao\/wp-json\/wp\/v2\/pages\/3905"}],"wp:attachment":[{"href":"http:\/\/tatianaleal.com.br\/decoracao\/wp-json\/wp\/v2\/media?parent=3888"}],"curies":[{"name":"wp","href":"https:\/\/api.w.org\/{rel}","templated":true}]}}