{"id":3403,"date":"2015-04-16T16:41:26","date_gmt":"2015-04-16T19:41:26","guid":{"rendered":"http:\/\/tatianaleal.com.br\/decoracao\/?page_id=3403"},"modified":"2016-01-13T00:51:11","modified_gmt":"2016-01-13T02:51:11","slug":"como-cuidar-orquideas","status":"publish","type":"page","link":"http:\/\/tatianaleal.com.br\/decoracao\/receba-as-7-dicas-de-pintura\/falsalaca\/como-cuidar-orquideas\/","title":{"rendered":"Como cuidar das orqu\u00eddeas"},"content":{"rendered":"<p>&nbsp;<\/p>\n<h1><strong>Aprenda a cuidar das orquideas\u00a0e como cultiva-las, facilmente com explica\u00e7\u00f5es passo a passo! Fa\u00e7a das orqu\u00eddeas a personagem principal do seu jardim!<\/strong><\/h1>\n<p>&nbsp;<\/p>\n<h3><strong><em>M\u00e9todo passo a passo para saber quando regar, qual o tipo de luz, umidade \u00a0e tudo sobre o cuidado de cada tipo de orqu\u00eddea.<\/em><\/strong><\/h3>\n<p>&nbsp;<\/p>\n<p><a href=\"http:\/\/tatianaleal.com.br\/decoracao\/wp-content\/uploads\/2015\/12\/orquidea-3.jpg\" rel=\"attachment wp-att-3396\"><img  title=\"\" fetchpriority=\"high\" decoding=\"async\" class=\"aligncenter wp-image-3396 size-large\" src=\"http:\/\/tatianaleal.com.br\/decoracao\/wp-content\/uploads\/2015\/12\/orquidea-3-1024x768.jpg\"  alt=\"orquidea-3-1024x768 Como cuidar das orqu\u00eddeas\"  width=\"620\" height=\"465\" srcset=\"http:\/\/tatianaleal.com.br\/decoracao\/wp-content\/uploads\/2015\/12\/orquidea-3-1024x768.jpg 1024w, http:\/\/tatianaleal.com.br\/decoracao\/wp-content\/uploads\/2015\/12\/orquidea-3-300x225.jpg 300w\" sizes=\"(max-width: 620px) 100vw, 620px\" \/><\/a><\/p>\n<p>&nbsp;<\/p>\n<h2>Voc\u00ea vai saber:<\/h2>\n<ul class=\"arrow\">\n<li><strong>Cuidar de orqu\u00eddeas \u00e9 f\u00e1cil e prazeroso, basta ter acesso \u00e0s informa\u00e7\u00f5es corretas<br \/>\n<\/strong><\/li>\n<li>A maior parte das orqu\u00eddeas acaba morrendo ou n\u00e3o dando flores por causa de erros bastante simples que cultivadores cometem. Estes erros podem ser evitados facilmente.<\/li>\n<li><strong>Para saber cuidar de orqu\u00eddeas \u00e9 preciso entender os sinais que a plantinha lhe fornece e voc\u00ea pode aprender a identificar o que precisa ser feito antes da planta sofrer<br \/>\n<\/strong><\/li>\n<li>Existem m\u00e9todos comprovados e que funcionam sempre para cuidar desta linda flor. Estes m\u00e9todos podem ser utilizados por quem est\u00e1 come\u00e7ando agora ou mesmo por aqueles que j\u00e1 possuem algumas orqu\u00eddeas!<\/li>\n<\/ul>\n<p style=\"text-align: center;\"><a href=\"http:\/\/tatianaleal.com.br\/decoracao\/wp-content\/uploads\/2015\/04\/orquidea.jpg\" rel=\"attachment wp-att-3417\"><img  title=\"\" decoding=\"async\" class=\"aligncenter wp-image-3417 size-large\" src=\"http:\/\/tatianaleal.com.br\/decoracao\/wp-content\/uploads\/2015\/04\/orquidea-1024x768.jpg\"  alt=\"orquidea-1024x768 Como cuidar das orqu\u00eddeas\"  width=\"620\" height=\"465\" srcset=\"http:\/\/tatianaleal.com.br\/decoracao\/wp-content\/uploads\/2015\/04\/orquidea.jpg 1024w, http:\/\/tatianaleal.com.br\/decoracao\/wp-content\/uploads\/2015\/04\/orquidea-300x225.jpg 300w\" sizes=\"(max-width: 620px) 100vw, 620px\" \/><\/a><\/p>\n<p>&nbsp;<\/p>\n<p>&nbsp;<\/p>\n<p><b><i>VEJA TUDO QUE VOC\u00ca VAI ENCONTRAR NO MAIS COMPLETO MANUAL PARA CUIDAR DE ORQU\u00cdDEAS!<\/i><\/b><\/p>\n<p>&nbsp;<\/p>\n<ul>\n<li>Quais os 3 tipos de orqu\u00eddeas e as diferen\u00e7as essenciais de cuidados entre elas<\/li>\n<li>Descubra os 4 fatores que voc\u00ea precisa conhecer para cultivar orqu\u00eddeas<\/li>\n<li>Qual a luminosidade correta<\/li>\n<li>Quais as orqu\u00eddeas que gostam de Luz<\/li>\n<li>Quais as orqu\u00eddeas que preferem pouca ou meia luz<\/li>\n<li>Tudo que voc\u00ea precisa saber sobre ventila\u00e7\u00e3o<\/li>\n<li>Descubra detalhes sobre a umidade correta<\/li>\n<li>Qual a temperatura apropriada para cada tipo de orqu\u00eddea<\/li>\n<li>Localiza\u00e7\u00e3o das Orqu\u00eddeas pelo mundo<\/li>\n<li>Quais as orqu\u00eddeas que s\u00e3o boas para ter dentro de casa ou apartamento<\/li>\n<li>Quais orqu\u00eddeas preferem crescer \u00a0ao ar livre?<\/li>\n<li>Como cultivar orqu\u00eddeas em estufas<\/li>\n<li>Quais as diferen\u00e7as de tipos de crescimento e porqu\u00ea voc\u00ea precisa saber disto<\/li>\n<li>Qual o habitat da orqu\u00eddea e como reproduzir as condi\u00e7\u00f5es ideais<\/li>\n<li>Qual a diferen\u00e7a entre proporcionar Luz Natural e Luz Artificial?<\/li>\n<li>Como usar a luz artificial em ambientes internos<\/li>\n<li>Conhe\u00e7a o Fotoper\u00edodo<\/li>\n<li>Quais s\u00e3o as 3 classes de temperatura e como influenciam as orqu\u00eddeas<\/li>\n<li>Conselhos \u00fateis para lidar com temperatura elevada ou baixa<\/li>\n<li>Como diminuir a polui\u00e7\u00e3o do ar das orqu\u00eddeas<\/li>\n<li>Como saber quando a orqu\u00eddea precisa de \u00e1gua<\/li>\n<li>Necessidade correta de \u00e1gua por cada tipo de orqu\u00eddea<\/li>\n<li>Conhe\u00e7a \u00a0os erros mais comuns no momento da Rega em vasos<\/li>\n<li>Quando aumentar ou diminuir as regas<\/li>\n<li>Leia mais<a href=\"http:\/\/comocuidardeorquideas.com\/dicas\/?ref=C2772331T\">\u00a0<strong>clicando aqui<\/strong><\/a><\/li>\n<\/ul>\n<h1 style=\"text-align: center;\"><span style=\"color: #ff0000;\">Por apenas: R$ 39,90<\/span><\/h1>\n<p style=\"text-align: center;\"><strong>Clique na imagem abaixo para mais informa\u00e7\u00f5es<\/strong><\/p>\n<p>&nbsp;<br \/>\n<a href=\"http:\/\/comocuidardeorquideas.com\/dicas\/?ref=C2772331T\" rel=\"attachment wp-att-3400\"><img  title=\"\" decoding=\"async\" class=\"aligncenter wp-image-3400 size-full\" src=\"http:\/\/tatianaleal.com.br\/decoracao\/wp-content\/uploads\/2015\/12\/capaorquidea.jpg\"  alt=\"capaorquidea Como cuidar das orqu\u00eddeas\"  width=\"250\" height=\"250\" srcset=\"http:\/\/tatianaleal.com.br\/decoracao\/wp-content\/uploads\/2015\/12\/capaorquidea.jpg 250w, http:\/\/tatianaleal.com.br\/decoracao\/wp-content\/uploads\/2015\/12\/capaorquidea-150x150.jpg 150w, http:\/\/tatianaleal.com.br\/decoracao\/wp-content\/uploads\/2015\/12\/capaorquidea-55x55.jpg 55w\" sizes=\"(max-width: 250px) 100vw, 250px\" \/><\/a><\/p>\n<p>&nbsp;<\/p>\n<figure id=\"attachment_2814\" class=\"wp-caption aligncenter\" style=\"max-width: 208px\"><a class=\"galleryAndCaptionItem\" title=\"Mais informa\u00e7\u00f5es sobre servi\u00e7os de restaura\u00e7\u00e3o de m\u00f3veis\" href=\"http:\/\/tatianaleal.com.br\/decoracao\/contato\/\" target=\"_blank\" rel=\"nofollow\"><img  title=\"\" loading=\"lazy\" decoding=\"async\" class=\"wp-image-2814 \" src=\"http:\/\/tatianaleal.com.br\/decoracao\/wp-content\/uploads\/2015\/02\/banner-300x144.jpg\"  alt=\"banner-300x144 Como cuidar das orqu\u00eddeas\"  width=\"208\" height=\"100\" srcset=\"http:\/\/tatianaleal.com.br\/decoracao\/wp-content\/uploads\/2015\/02\/banner-300x144.jpg 300w, http:\/\/tatianaleal.com.br\/decoracao\/wp-content\/uploads\/2015\/02\/banner.jpg 423w\" sizes=\"(max-width: 208px) 100vw, 208px\" \/><\/a><figcaption class=\"wp-caption-text\">Mais informa\u00e7\u00f5es sobre servi\u00e7os de restaura\u00e7\u00e3o de m\u00f3veis<\/figcaption><\/figure>\n<p>&nbsp;<\/p>\n<p>Leia mais artigos em nosso site:<\/p>\n<p>&nbsp;<\/p>\n<ul>\n<li><strong><a title=\"Link permanente para Decora\u00e7\u00e3o em quarto de beb\u00ea.\" href=\"http:\/\/tatianaleal.com.br\/decoracao\/decoracao-quarto-bebe\/\" rel=\"bookmark\">Decora\u00e7\u00e3o em quarto de beb\u00ea<\/a><\/strong><\/li>\n<li><span style=\"text-decoration: underline;\"><strong><a href=\"http:\/\/tatianaleal.com.br\/decoracao\/curso-de-pintura\/\">Curso de pintura<\/a><\/strong><\/span><\/li>\n<li><span style=\"text-decoration: underline;\"><strong><a href=\"http:\/\/tatianaleal.com.br\/decoracao\/decoracao-interiores\/\">Curso de decora\u00e7\u00e3o<\/a><\/strong><\/span><\/li>\n<li><strong><a title=\"Link permanente para Por qu\u00ea restaurar um m\u00f3vel usado?\" href=\"http:\/\/tatianaleal.com.br\/decoracao\/restaurar-movel-usado\/\" rel=\"bookmark\">Por qu\u00ea restaurar um m\u00f3vel usado?<\/a><\/strong><\/li>\n<li><strong><a title=\"Link permanente para Decora\u00e7\u00e3o branca\" href=\"http:\/\/tatianaleal.com.br\/decoracao\/linha-branca\/\" rel=\"bookmark\">Decora\u00e7\u00e3o branca<\/a><\/strong><\/li>\n<li><strong><a title=\"Pop art\" href=\"http:\/\/tatianaleal.com.br\/decoracao\/arte-esoterica-pop-art\/\">Arte esot\u00e9rica \u2013 Pop art<\/a><\/strong><\/li>\n<li><strong><a title=\"Link permanente para Que falta de valor\u2026\u00f3h sina de ser artista pl\u00e1stico!\" href=\"http:\/\/tatianaleal.com.br\/decoracao\/artista-plastico-so-so-alem\/\" rel=\"bookmark\">Que falta de valor\u2026\u00f3h sina de ser artista pl\u00e1stico!<\/a><\/strong><\/li>\n<li><span style=\"text-decoration: underline; color: #800080;\"><strong>Arquitetura moderna e a import\u00e2ncia da arquitetura<\/strong><\/span><\/li>\n<\/ul>\n","protected":false},"excerpt":{"rendered":"<p>&nbsp; Aprenda a cuidar das orquideas\u00a0e como cultiva-las, facilmente com explica\u00e7\u00f5es passo a passo! Fa\u00e7a das orqu\u00eddeas a personagem principal do seu jardim! &nbsp; M\u00e9todo passo a passo para saber quando regar, qual o tipo de luz, umidade \u00a0e tudo sobre o cuidado de cada tipo de orqu\u00eddea. &nbsp; &nbsp; Voc\u00ea vai saber: Cuidar de orqu\u00eddeas \u00e9 f\u00e1cil e prazeroso, basta ter acesso \u00e0s informa\u00e7\u00f5es corretas A maior parte das orqu\u00eddeas acaba morrendo ou n\u00e3o dando flores por causa de erros bastante simples que cultivadores <a href=\"http:\/\/tatianaleal.com.br\/decoracao\/receba-as-7-dicas-de-pintura\/falsalaca\/como-cuidar-orquideas\/\" class=\"more-link\"><span>Continue<\/span>\u2192<\/a><\/p>\n","protected":false},"author":1,"featured_media":0,"parent":3888,"menu_order":0,"comment_status":"open","ping_status":"closed","template":"","meta":{"_monsterinsights_skip_tracking":false,"_monsterinsights_sitenote_active":false,"_monsterinsights_sitenote_note":"","_monsterinsights_sitenote_category":0,"_joinchat":[],"footnotes":"","_links_to":"","_links_to_target":""},"class_list":["entry","page","publish","author-admin","post-3403"],"yoast_head":"<!-- This site is optimized with the Yoast SEO plugin v27.2 - https:\/\/yoast.com\/product\/yoast-seo-wordpress\/ -->\n<title>Como cuidar das orqu\u00eddeas<\/title>\n<meta name=\"description\" content=\"M\u00e9todo passo a passo para saber quando regar, qual o tipo de luz, umidade e tudo sobre o cuidado de cada tipo de orqu\u00eddea.\" \/>\n<meta name=\"robots\" content=\"index, follow, max-snippet:-1, max-image-preview:large, max-video-preview:-1\" \/>\n<link rel=\"canonical\" href=\"http:\/\/tatianaleal.com.br\/decoracao\/receba-as-7-dicas-de-pintura\/falsalaca\/como-cuidar-orquideas\/\" \/>\n<meta property=\"og:locale\" content=\"pt_BR\" \/>\n<meta property=\"og:type\" content=\"article\" \/>\n<meta property=\"og:title\" content=\"Como cuidar das orqu\u00eddeas\" \/>\n<meta property=\"og:description\" content=\"M\u00e9todo passo a passo para saber quando regar, qual o tipo de luz, umidade e tudo sobre o cuidado de cada tipo de orqu\u00eddea.\" \/>\n<meta property=\"og:url\" content=\"http:\/\/tatianaleal.com.br\/decoracao\/receba-as-7-dicas-de-pintura\/falsalaca\/como-cuidar-orquideas\/\" \/>\n<meta property=\"og:site_name\" content=\"Pinturas especiais\" \/>\n<meta property=\"article:modified_time\" content=\"2016-01-13T02:51:11+00:00\" \/>\n<meta property=\"og:image\" content=\"http:\/\/tatianaleal.com.br\/decoracao\/wp-content\/uploads\/2015\/12\/orquidea-3-1024x768.jpg\" \/>\n<meta name=\"twitter:label1\" content=\"Est. tempo de leitura\" \/>\n\t<meta name=\"twitter:data1\" content=\"3 minutos\" \/>\n<script type=\"application\/ld+json\" class=\"yoast-schema-graph\">{\"@context\":\"https:\/\/schema.org\",\"@graph\":[{\"@type\":\"WebPage\",\"@id\":\"http:\/\/tatianaleal.com.br\/decoracao\/receba-as-7-dicas-de-pintura\/falsalaca\/como-cuidar-orquideas\/\",\"url\":\"http:\/\/tatianaleal.com.br\/decoracao\/receba-as-7-dicas-de-pintura\/falsalaca\/como-cuidar-orquideas\/\",\"name\":\"Como cuidar das orqu\u00eddeas\",\"isPartOf\":{\"@id\":\"http:\/\/tatianaleal.com.br\/decoracao\/#website\"},\"primaryImageOfPage\":{\"@id\":\"http:\/\/tatianaleal.com.br\/decoracao\/receba-as-7-dicas-de-pintura\/falsalaca\/como-cuidar-orquideas\/#primaryimage\"},\"image\":{\"@id\":\"http:\/\/tatianaleal.com.br\/decoracao\/receba-as-7-dicas-de-pintura\/falsalaca\/como-cuidar-orquideas\/#primaryimage\"},\"thumbnailUrl\":\"http:\/\/tatianaleal.com.br\/decoracao\/wp-content\/uploads\/2015\/12\/orquidea-3-1024x768.jpg\",\"datePublished\":\"2015-04-16T19:41:26+00:00\",\"dateModified\":\"2016-01-13T02:51:11+00:00\",\"description\":\"M\u00e9todo passo a passo para saber quando regar, qual o tipo de luz, umidade e tudo sobre o cuidado de cada tipo de orqu\u00eddea.\",\"breadcrumb\":{\"@id\":\"http:\/\/tatianaleal.com.br\/decoracao\/receba-as-7-dicas-de-pintura\/falsalaca\/como-cuidar-orquideas\/#breadcrumb\"},\"inLanguage\":\"pt-BR\",\"potentialAction\":[{\"@type\":\"ReadAction\",\"target\":[\"http:\/\/tatianaleal.com.br\/decoracao\/receba-as-7-dicas-de-pintura\/falsalaca\/como-cuidar-orquideas\/\"]}]},{\"@type\":\"ImageObject\",\"inLanguage\":\"pt-BR\",\"@id\":\"http:\/\/tatianaleal.com.br\/decoracao\/receba-as-7-dicas-de-pintura\/falsalaca\/como-cuidar-orquideas\/#primaryimage\",\"url\":\"http:\/\/tatianaleal.com.br\/decoracao\/wp-content\/uploads\/2015\/12\/orquidea-3.jpg\",\"contentUrl\":\"http:\/\/tatianaleal.com.br\/decoracao\/wp-content\/uploads\/2015\/12\/orquidea-3.jpg\",\"width\":3264,\"height\":2448},{\"@type\":\"BreadcrumbList\",\"@id\":\"http:\/\/tatianaleal.com.br\/decoracao\/receba-as-7-dicas-de-pintura\/falsalaca\/como-cuidar-orquideas\/#breadcrumb\",\"itemListElement\":[{\"@type\":\"ListItem\",\"position\":1,\"name\":\"Home\",\"item\":\"http:\/\/tatianaleal.com.br\/decoracao\/\"},{\"@type\":\"ListItem\",\"position\":2,\"name\":\"Receba as 7 dicas de pintura\",\"item\":\"http:\/\/tatianaleal.com.br\/decoracao\/receba-as-7-dicas-de-pintura\/\"},{\"@type\":\"ListItem\",\"position\":3,\"name\":\"GRATID\u00c3O PELO SEU INTERESSE!!\",\"item\":\"http:\/\/tatianaleal.com.br\/decoracao\/receba-as-7-dicas-de-pintura\/falsalaca\/\"},{\"@type\":\"ListItem\",\"position\":4,\"name\":\"Como cuidar das orqu\u00eddeas\"}]},{\"@type\":\"WebSite\",\"@id\":\"http:\/\/tatianaleal.com.br\/decoracao\/#website\",\"url\":\"http:\/\/tatianaleal.com.br\/decoracao\/\",\"name\":\"Ateli\u00ea TL\",\"description\":\"Arte, restaura\u00e7\u00e3o de m\u00f3veis, decora\u00e7\u00e3o\",\"alternateName\":\"Pinturas decorativas\",\"potentialAction\":[{\"@type\":\"SearchAction\",\"target\":{\"@type\":\"EntryPoint\",\"urlTemplate\":\"http:\/\/tatianaleal.com.br\/decoracao\/?s={search_term_string}\"},\"query-input\":{\"@type\":\"PropertyValueSpecification\",\"valueRequired\":true,\"valueName\":\"search_term_string\"}}],\"inLanguage\":\"pt-BR\"}]}<\/script>\n<!-- \/ Yoast SEO plugin. -->","yoast_head_json":{"title":"Como cuidar das orqu\u00eddeas","description":"M\u00e9todo passo a passo para saber quando regar, qual o tipo de luz, umidade e tudo sobre o cuidado de cada tipo de orqu\u00eddea.","robots":{"index":"index","follow":"follow","max-snippet":"max-snippet:-1","max-image-preview":"max-image-preview:large","max-video-preview":"max-video-preview:-1"},"canonical":"http:\/\/tatianaleal.com.br\/decoracao\/receba-as-7-dicas-de-pintura\/falsalaca\/como-cuidar-orquideas\/","og_locale":"pt_BR","og_type":"article","og_title":"Como cuidar das orqu\u00eddeas","og_description":"M\u00e9todo passo a passo para saber quando regar, qual o tipo de luz, umidade e tudo sobre o cuidado de cada tipo de orqu\u00eddea.","og_url":"http:\/\/tatianaleal.com.br\/decoracao\/receba-as-7-dicas-de-pintura\/falsalaca\/como-cuidar-orquideas\/","og_site_name":"Pinturas especiais","article_modified_time":"2016-01-13T02:51:11+00:00","og_image":[{"url":"http:\/\/tatianaleal.com.br\/decoracao\/wp-content\/uploads\/2015\/12\/orquidea-3-1024x768.jpg","type":"","width":"","height":""}],"twitter_misc":{"Est. tempo de leitura":"3 minutos"},"schema":{"@context":"https:\/\/schema.org","@graph":[{"@type":"WebPage","@id":"http:\/\/tatianaleal.com.br\/decoracao\/receba-as-7-dicas-de-pintura\/falsalaca\/como-cuidar-orquideas\/","url":"http:\/\/tatianaleal.com.br\/decoracao\/receba-as-7-dicas-de-pintura\/falsalaca\/como-cuidar-orquideas\/","name":"Como cuidar das orqu\u00eddeas","isPartOf":{"@id":"http:\/\/tatianaleal.com.br\/decoracao\/#website"},"primaryImageOfPage":{"@id":"http:\/\/tatianaleal.com.br\/decoracao\/receba-as-7-dicas-de-pintura\/falsalaca\/como-cuidar-orquideas\/#primaryimage"},"image":{"@id":"http:\/\/tatianaleal.com.br\/decoracao\/receba-as-7-dicas-de-pintura\/falsalaca\/como-cuidar-orquideas\/#primaryimage"},"thumbnailUrl":"http:\/\/tatianaleal.com.br\/decoracao\/wp-content\/uploads\/2015\/12\/orquidea-3-1024x768.jpg","datePublished":"2015-04-16T19:41:26+00:00","dateModified":"2016-01-13T02:51:11+00:00","description":"M\u00e9todo passo a passo para saber quando regar, qual o tipo de luz, umidade e tudo sobre o cuidado de cada tipo de orqu\u00eddea.","breadcrumb":{"@id":"http:\/\/tatianaleal.com.br\/decoracao\/receba-as-7-dicas-de-pintura\/falsalaca\/como-cuidar-orquideas\/#breadcrumb"},"inLanguage":"pt-BR","potentialAction":[{"@type":"ReadAction","target":["http:\/\/tatianaleal.com.br\/decoracao\/receba-as-7-dicas-de-pintura\/falsalaca\/como-cuidar-orquideas\/"]}]},{"@type":"ImageObject","inLanguage":"pt-BR","@id":"http:\/\/tatianaleal.com.br\/decoracao\/receba-as-7-dicas-de-pintura\/falsalaca\/como-cuidar-orquideas\/#primaryimage","url":"http:\/\/tatianaleal.com.br\/decoracao\/wp-content\/uploads\/2015\/12\/orquidea-3.jpg","contentUrl":"http:\/\/tatianaleal.com.br\/decoracao\/wp-content\/uploads\/2015\/12\/orquidea-3.jpg","width":3264,"height":2448},{"@type":"BreadcrumbList","@id":"http:\/\/tatianaleal.com.br\/decoracao\/receba-as-7-dicas-de-pintura\/falsalaca\/como-cuidar-orquideas\/#breadcrumb","itemListElement":[{"@type":"ListItem","position":1,"name":"Home","item":"http:\/\/tatianaleal.com.br\/decoracao\/"},{"@type":"ListItem","position":2,"name":"Receba as 7 dicas de pintura","item":"http:\/\/tatianaleal.com.br\/decoracao\/receba-as-7-dicas-de-pintura\/"},{"@type":"ListItem","position":3,"name":"GRATID\u00c3O PELO SEU INTERESSE!!","item":"http:\/\/tatianaleal.com.br\/decoracao\/receba-as-7-dicas-de-pintura\/falsalaca\/"},{"@type":"ListItem","position":4,"name":"Como cuidar das orqu\u00eddeas"}]},{"@type":"WebSite","@id":"http:\/\/tatianaleal.com.br\/decoracao\/#website","url":"http:\/\/tatianaleal.com.br\/decoracao\/","name":"Ateli\u00ea TL","description":"Arte, restaura\u00e7\u00e3o de m\u00f3veis, decora\u00e7\u00e3o","alternateName":"Pinturas decorativas","potentialAction":[{"@type":"SearchAction","target":{"@type":"EntryPoint","urlTemplate":"http:\/\/tatianaleal.com.br\/decoracao\/?s={search_term_string}"},"query-input":{"@type":"PropertyValueSpecification","valueRequired":true,"valueName":"search_term_string"}}],"inLanguage":"pt-BR"}]}},"_links":{"self":[{"href":"http:\/\/tatianaleal.com.br\/decoracao\/wp-json\/wp\/v2\/pages\/3403","targetHints":{"allow":["GET"]}}],"collection":[{"href":"http:\/\/tatianaleal.com.br\/decoracao\/wp-json\/wp\/v2\/pages"}],"about":[{"href":"http:\/\/tatianaleal.com.br\/decoracao\/wp-json\/wp\/v2\/types\/page"}],"author":[{"embeddable":true,"href":"http:\/\/tatianaleal.com.br\/decoracao\/wp-json\/wp\/v2\/users\/1"}],"replies":[{"embeddable":true,"href":"http:\/\/tatianaleal.com.br\/decoracao\/wp-json\/wp\/v2\/comments?post=3403"}],"version-history":[{"count":16,"href":"http:\/\/tatianaleal.com.br\/decoracao\/wp-json\/wp\/v2\/pages\/3403\/revisions"}],"predecessor-version":[{"id":4060,"href":"http:\/\/tatianaleal.com.br\/decoracao\/wp-json\/wp\/v2\/pages\/3403\/revisions\/4060"}],"up":[{"embeddable":true,"href":"http:\/\/tatianaleal.com.br\/decoracao\/wp-json\/wp\/v2\/pages\/3888"}],"wp:attachment":[{"href":"http:\/\/tatianaleal.com.br\/decoracao\/wp-json\/wp\/v2\/media?parent=3403"}],"curies":[{"name":"wp","href":"https:\/\/api.w.org\/{rel}","templated":true}]}}