{"id":2226,"date":"2013-08-13T16:31:36","date_gmt":"2013-08-13T16:31:36","guid":{"rendered":"http:\/\/tatianaleal.com.br\/decoracao\/?page_id=2226"},"modified":"2016-03-22T03:47:00","modified_gmt":"2016-03-22T06:47:00","slug":"dicas","status":"publish","type":"page","link":"http:\/\/tatianaleal.com.br\/decoracao\/dicas\/","title":{"rendered":"Blog"},"content":{"rendered":"<h2>Ola, bem-vindo ao nosso blog!<\/h2>\n<h3>Aqui vamos abordar varios artigos relacionados a casa, arte e decora\u00e7\u00e3o. Segue\u00a0abaixo os artigos com temas e dicas, para voc\u00ea se manter informado no que acontece\u00a0nessa atmosfera.<\/h3>\n<h3><a href=\"http:\/\/tatianaleal.com.br\/decoracao\/wp-content\/uploads\/2015\/02\/banner.jpg\" rel=\"attachment wp-att-2814\"><img  title=\"\" decoding=\"async\" class=\"aligncenter size-medium wp-image-2814\" src=\"http:\/\/tatianaleal.com.br\/decoracao\/wp-content\/uploads\/2015\/02\/banner-300x144.jpg\"  alt=\"banner-300x144 Blog\"  width=\"300\" height=\"144\" srcset=\"http:\/\/tatianaleal.com.br\/decoracao\/wp-content\/uploads\/2015\/02\/banner-300x144.jpg 300w, http:\/\/tatianaleal.com.br\/decoracao\/wp-content\/uploads\/2015\/02\/banner.jpg 423w\" sizes=\"(max-width: 300px) 100vw, 300px\" \/><\/a><\/h3>\n<h3>\u00a0<strong>Veja os artigos abaixo:<\/strong><\/h3>\n<ul>\n<li><strong><a title=\"Link permanente para Por qu\u00ea restaurar um m\u00f3vel usado?\" href=\"http:\/\/tatianaleal.com.br\/decoracao\/restaurar-movel-usado\/\" rel=\"bookmark\">Por qu\u00ea restaurar um m\u00f3vel usado?<\/a><\/strong><\/li>\n<li><strong><a title=\"Link permanente para Decora\u00e7\u00e3o em quarto de beb\u00ea.\" href=\"http:\/\/tatianaleal.com.br\/decoracao\/decoracao-quarto-bebe\/\" rel=\"bookmark\">Decora\u00e7\u00e3o em quarto de beb\u00ea<\/a><\/strong><\/li>\n<li><strong><a title=\"Link permanente para Dicas de decora\u00e7\u00e3o\" href=\"http:\/\/tatianaleal.com.br\/decoracao\/dicas-decoracao\/\" rel=\"bookmark\">Dicas de decora\u00e7\u00e3o<\/a>\u00a0<\/strong><\/li>\n<li><a href=\"http:\/\/tatianaleal.com.br\/decoracao\/laqueacao\/\" target=\"_blank\"><strong>Como fazer a laquea\u00e7\u00e3o<\/strong><\/a><\/li>\n<li><strong><a title=\"Link permanente para Decora\u00e7\u00e3o branca\" href=\"http:\/\/tatianaleal.com.br\/decoracao\/linha-branca\/\" rel=\"bookmark\">Decora\u00e7\u00e3o branca<\/a><\/strong><\/li>\n<li><strong><a href=\"http:\/\/tatianaleal.com.br\/decoracao\/moveis-coloridos\/\" target=\"_blank\">M\u00f3veis coloridos<\/a><\/strong><\/li>\n<li><a title=\"Link permanente para P\u00e1tina colorida em mesinha de madeira m\u00f3gno, veja a transforma\u00e7\u00e3o.\" href=\"http:\/\/tatianaleal.com.br\/decoracao\/patina-colorida\/\" rel=\"bookmark\"><strong>P\u00e1tina colorida veja a transforma\u00e7\u00e3o<\/strong><\/a><\/li>\n<li><strong><a title=\"Limpeza em m\u00f3veis\" href=\"http:\/\/tatianaleal.com.br\/decoracao\/limpeza-moveis\/\" target=\"_blank\">Limpeza em m\u00f3veis<\/a><\/strong><\/li>\n<li><strong><a title=\"Link permanente para Quadrinhos proven\u00e7ais\" href=\"http:\/\/tatianaleal.com.br\/decoracao\/quadrinhos-provencais-de-parede\/\" rel=\"bookmark\">Quadrinhos proven\u00e7ais<\/a><\/strong><\/li>\n<li><strong><a title=\"Pop art\" href=\"http:\/\/tatianaleal.com.br\/decoracao\/arte-esoterica-pop-art\/\">Arte esot\u00e9rica \u2013 Pop art<\/a><\/strong><\/li>\n<li><strong><a title=\"P\u00e1tina proven\u00e7al\" href=\"http:\/\/tatianaleal.com.br\/decoracao\/patina-pronvencal\/\" target=\"_blank\">P\u00e1tina proven\u00e7al, o que \u00e9?<\/a><\/strong><\/li>\n<li><strong><a href=\"http:\/\/hotmart.net.br\/show.html?a=A2606768T\" rel=\"attachment wp-att-3034\">Curso Decora\u00e7\u00e3o Interiores<\/a><\/strong><\/li>\n<li><strong><a title=\"Link permanente para P\u00e1tina em mdf veja o antes e depois \u2013 P\u00e1tina colorida\" href=\"http:\/\/tatianaleal.com.br\/decoracao\/patina-em-mdf\/\" rel=\"bookmark\">P\u00e1tina em mdf veja o antes e depois \u2013 P\u00e1tina colorida<\/a><\/strong><\/li>\n<li><strong><a title=\"Link permanente para Arquitetura moderna e a import\u00e2ncia da arquitetura\" href=\"http:\/\/tatianaleal.com.br\/decoracao\/arquitetura-moderna\/\" rel=\"bookmark\">Arquitetura moderna e a sua import\u00e2ncia\u00a0<\/a><\/strong><\/li>\n<li><strong><a href=\"http:\/\/tatianaleal.com.br\/decoracao\/mandala\/\" target=\"_blank\">Painel Mandala dos sinais (veja como esta o seu humor)<\/a><\/strong><\/li>\n<li><strong><a title=\"Link permanente para Harmoniza\u00e7\u00e3o de ambientes \u2013 Feng Shui. Organizar \u00e9 fluir melhor!\" href=\"http:\/\/tatianaleal.com.br\/decoracao\/harmonizacao-de-ambientes\/\" rel=\"bookmark\">Harmoniza\u00e7\u00e3o de ambientes \u2013 Feng Shui.\u00a0<\/a><\/strong><\/li>\n<li><strong><a title=\"Link permanente para Que falta de valor\u2026\u00f3h sina de ser artista pl\u00e1stico!\" href=\"http:\/\/tatianaleal.com.br\/decoracao\/artista-plastico-so-so-alem\/\" rel=\"bookmark\">Que falta de valor\u2026\u00f3h sina de ser artista pl\u00e1stico!<\/a><\/strong><\/li>\n<li><strong><a href=\"http:\/\/tatianaleal.com.br\/decoracao\/dicas\/\" target=\"_blank\">Veja todos os artigos no menu do blog\u00a0<\/a><\/strong><\/li>\n<li><strong><a href=\"http:\/\/tatianaleal.com.br\/decoracaoloja\/\" target=\"_blank\">Loja virtual<\/a><\/strong><\/li>\n<\/ul>\n<figure id=\"attachment_4405\" class=\"wp-caption aligncenter\" style=\"max-width: 578px\"><a href=\"http:\/\/tatianaleal.com.br\/decoracao\/curso-pintura\/\" rel=\"attachment wp-att-4405\"><img  title=\"\" fetchpriority=\"high\" decoding=\"async\" class=\"wp-image-4405 size-full\" src=\"http:\/\/tatianaleal.com.br\/decoracao\/wp-content\/uploads\/2015\/08\/3-ebook.png\"  alt=\"3-ebook Blog\"  width=\"578\" height=\"230\" srcset=\"http:\/\/tatianaleal.com.br\/decoracao\/wp-content\/uploads\/2015\/08\/3-ebook.png 578w, http:\/\/tatianaleal.com.br\/decoracao\/wp-content\/uploads\/2015\/08\/3-ebook-300x119.png 300w\" sizes=\"(max-width: 578px) 100vw, 578px\" \/><\/a><figcaption class=\"wp-caption-text\">Aprenda novas t\u00e9cnicas de pintura. Saiba mais <a href=\"http:\/\/tatianaleal.com.br\/decoracao\/curso-pintura\/\" target=\"_blank\">clicando aqui!<\/a><\/figcaption><\/figure>\n","protected":false},"excerpt":{"rendered":"<p>Ola, bem-vindo ao nosso blog! Aqui vamos abordar varios artigos relacionados a casa, arte e decora\u00e7\u00e3o. Segue\u00a0abaixo os artigos com temas e dicas, para voc\u00ea se manter informado no que acontece\u00a0nessa atmosfera. \u00a0Veja os artigos abaixo: Por qu\u00ea restaurar um m\u00f3vel usado? Decora\u00e7\u00e3o em quarto de beb\u00ea Dicas de decora\u00e7\u00e3o\u00a0 Como fazer a laquea\u00e7\u00e3o Decora\u00e7\u00e3o branca M\u00f3veis coloridos P\u00e1tina colorida veja a transforma\u00e7\u00e3o Limpeza em m\u00f3veis Quadrinhos proven\u00e7ais Arte esot\u00e9rica \u2013 Pop art P\u00e1tina proven\u00e7al, o que \u00e9? Curso Decora\u00e7\u00e3o Interiores P\u00e1tina em mdf veja <a href=\"http:\/\/tatianaleal.com.br\/decoracao\/dicas\/\" class=\"more-link\"><span>Continue<\/span>\u2192<\/a><\/p>\n","protected":false},"author":1,"featured_media":0,"parent":0,"menu_order":0,"comment_status":"open","ping_status":"open","template":"","meta":{"_monsterinsights_skip_tracking":false,"_monsterinsights_sitenote_active":false,"_monsterinsights_sitenote_note":"","_monsterinsights_sitenote_category":0,"_joinchat":[],"footnotes":"","_links_to":"","_links_to_target":""},"class_list":["entry","page","publish","author-admin","post-2226"],"yoast_head":"<!-- This site is optimized with the Yoast SEO plugin v27.2 - https:\/\/yoast.com\/product\/yoast-seo-wordpress\/ -->\n<title>Dicas relacionadas a casa, arte e decora\u00e7\u00e3o<\/title>\n<meta name=\"description\" content=\"Aqui vamos abordar varios dicas e artigos relacionados a casa, arte e decora\u00e7\u00e3o, acesse o nosso site e fique informado no que acontece nessa atmosfera.\" \/>\n<meta name=\"robots\" content=\"index, follow, max-snippet:-1, max-image-preview:large, max-video-preview:-1\" \/>\n<link rel=\"canonical\" href=\"http:\/\/tatianaleal.com.br\/decoracao\/dicas\/\" \/>\n<meta property=\"og:locale\" content=\"pt_BR\" \/>\n<meta property=\"og:type\" content=\"article\" \/>\n<meta property=\"og:title\" content=\"Dicas relacionadas a casa, arte e decora\u00e7\u00e3o\" \/>\n<meta property=\"og:description\" content=\"Aqui vamos abordar varios dicas e artigos relacionados a casa, arte e decora\u00e7\u00e3o, acesse o nosso site e fique informado no que acontece nessa atmosfera.\" \/>\n<meta property=\"og:url\" content=\"http:\/\/tatianaleal.com.br\/decoracao\/dicas\/\" \/>\n<meta property=\"og:site_name\" content=\"Pinturas especiais\" \/>\n<meta property=\"article:modified_time\" content=\"2016-03-22T06:47:00+00:00\" \/>\n<meta property=\"og:image\" content=\"http:\/\/tatianaleal.com.br\/decoracao\/wp-content\/uploads\/2015\/02\/banner-300x144.jpg\" \/>\n<meta name=\"twitter:label1\" content=\"Est. tempo de leitura\" \/>\n\t<meta name=\"twitter:data1\" content=\"1 minuto\" \/>\n<script type=\"application\/ld+json\" class=\"yoast-schema-graph\">{\"@context\":\"https:\/\/schema.org\",\"@graph\":[{\"@type\":\"WebPage\",\"@id\":\"http:\/\/tatianaleal.com.br\/decoracao\/dicas\/\",\"url\":\"http:\/\/tatianaleal.com.br\/decoracao\/dicas\/\",\"name\":\"Dicas relacionadas a casa, arte e decora\u00e7\u00e3o\",\"isPartOf\":{\"@id\":\"https:\/\/tatianaleal.com.br\/decoracao\/#website\"},\"primaryImageOfPage\":{\"@id\":\"http:\/\/tatianaleal.com.br\/decoracao\/dicas\/#primaryimage\"},\"image\":{\"@id\":\"http:\/\/tatianaleal.com.br\/decoracao\/dicas\/#primaryimage\"},\"thumbnailUrl\":\"http:\/\/tatianaleal.com.br\/decoracao\/wp-content\/uploads\/2015\/02\/banner-300x144.jpg\",\"datePublished\":\"2013-08-13T16:31:36+00:00\",\"dateModified\":\"2016-03-22T06:47:00+00:00\",\"description\":\"Aqui vamos abordar varios dicas e artigos relacionados a casa, arte e decora\u00e7\u00e3o, acesse o nosso site e fique informado no que acontece nessa atmosfera.\",\"breadcrumb\":{\"@id\":\"http:\/\/tatianaleal.com.br\/decoracao\/dicas\/#breadcrumb\"},\"inLanguage\":\"pt-BR\",\"potentialAction\":[{\"@type\":\"ReadAction\",\"target\":[\"http:\/\/tatianaleal.com.br\/decoracao\/dicas\/\"]}]},{\"@type\":\"ImageObject\",\"inLanguage\":\"pt-BR\",\"@id\":\"http:\/\/tatianaleal.com.br\/decoracao\/dicas\/#primaryimage\",\"url\":\"http:\/\/tatianaleal.com.br\/decoracao\/wp-content\/uploads\/2015\/02\/banner.jpg\",\"contentUrl\":\"http:\/\/tatianaleal.com.br\/decoracao\/wp-content\/uploads\/2015\/02\/banner.jpg\",\"width\":423,\"height\":203},{\"@type\":\"BreadcrumbList\",\"@id\":\"http:\/\/tatianaleal.com.br\/decoracao\/dicas\/#breadcrumb\",\"itemListElement\":[{\"@type\":\"ListItem\",\"position\":1,\"name\":\"Home\",\"item\":\"https:\/\/tatianaleal.com.br\/decoracao\/\"},{\"@type\":\"ListItem\",\"position\":2,\"name\":\"Blog\"}]},{\"@type\":\"WebSite\",\"@id\":\"https:\/\/tatianaleal.com.br\/decoracao\/#website\",\"url\":\"https:\/\/tatianaleal.com.br\/decoracao\/\",\"name\":\"Ateli\u00ea TL\",\"description\":\"Arte, restaura\u00e7\u00e3o de m\u00f3veis, decora\u00e7\u00e3o\",\"alternateName\":\"Pinturas decorativas\",\"potentialAction\":[{\"@type\":\"SearchAction\",\"target\":{\"@type\":\"EntryPoint\",\"urlTemplate\":\"https:\/\/tatianaleal.com.br\/decoracao\/?s={search_term_string}\"},\"query-input\":{\"@type\":\"PropertyValueSpecification\",\"valueRequired\":true,\"valueName\":\"search_term_string\"}}],\"inLanguage\":\"pt-BR\"}]}<\/script>\n<!-- \/ Yoast SEO plugin. -->","yoast_head_json":{"title":"Dicas relacionadas a casa, arte e decora\u00e7\u00e3o","description":"Aqui vamos abordar varios dicas e artigos relacionados a casa, arte e decora\u00e7\u00e3o, acesse o nosso site e fique informado no que acontece nessa atmosfera.","robots":{"index":"index","follow":"follow","max-snippet":"max-snippet:-1","max-image-preview":"max-image-preview:large","max-video-preview":"max-video-preview:-1"},"canonical":"http:\/\/tatianaleal.com.br\/decoracao\/dicas\/","og_locale":"pt_BR","og_type":"article","og_title":"Dicas relacionadas a casa, arte e decora\u00e7\u00e3o","og_description":"Aqui vamos abordar varios dicas e artigos relacionados a casa, arte e decora\u00e7\u00e3o, acesse o nosso site e fique informado no que acontece nessa atmosfera.","og_url":"http:\/\/tatianaleal.com.br\/decoracao\/dicas\/","og_site_name":"Pinturas especiais","article_modified_time":"2016-03-22T06:47:00+00:00","og_image":[{"url":"http:\/\/tatianaleal.com.br\/decoracao\/wp-content\/uploads\/2015\/02\/banner-300x144.jpg","type":"","width":"","height":""}],"twitter_misc":{"Est. tempo de leitura":"1 minuto"},"schema":{"@context":"https:\/\/schema.org","@graph":[{"@type":"WebPage","@id":"http:\/\/tatianaleal.com.br\/decoracao\/dicas\/","url":"http:\/\/tatianaleal.com.br\/decoracao\/dicas\/","name":"Dicas relacionadas a casa, arte e decora\u00e7\u00e3o","isPartOf":{"@id":"https:\/\/tatianaleal.com.br\/decoracao\/#website"},"primaryImageOfPage":{"@id":"http:\/\/tatianaleal.com.br\/decoracao\/dicas\/#primaryimage"},"image":{"@id":"http:\/\/tatianaleal.com.br\/decoracao\/dicas\/#primaryimage"},"thumbnailUrl":"http:\/\/tatianaleal.com.br\/decoracao\/wp-content\/uploads\/2015\/02\/banner-300x144.jpg","datePublished":"2013-08-13T16:31:36+00:00","dateModified":"2016-03-22T06:47:00+00:00","description":"Aqui vamos abordar varios dicas e artigos relacionados a casa, arte e decora\u00e7\u00e3o, acesse o nosso site e fique informado no que acontece nessa atmosfera.","breadcrumb":{"@id":"http:\/\/tatianaleal.com.br\/decoracao\/dicas\/#breadcrumb"},"inLanguage":"pt-BR","potentialAction":[{"@type":"ReadAction","target":["http:\/\/tatianaleal.com.br\/decoracao\/dicas\/"]}]},{"@type":"ImageObject","inLanguage":"pt-BR","@id":"http:\/\/tatianaleal.com.br\/decoracao\/dicas\/#primaryimage","url":"http:\/\/tatianaleal.com.br\/decoracao\/wp-content\/uploads\/2015\/02\/banner.jpg","contentUrl":"http:\/\/tatianaleal.com.br\/decoracao\/wp-content\/uploads\/2015\/02\/banner.jpg","width":423,"height":203},{"@type":"BreadcrumbList","@id":"http:\/\/tatianaleal.com.br\/decoracao\/dicas\/#breadcrumb","itemListElement":[{"@type":"ListItem","position":1,"name":"Home","item":"https:\/\/tatianaleal.com.br\/decoracao\/"},{"@type":"ListItem","position":2,"name":"Blog"}]},{"@type":"WebSite","@id":"https:\/\/tatianaleal.com.br\/decoracao\/#website","url":"https:\/\/tatianaleal.com.br\/decoracao\/","name":"Ateli\u00ea TL","description":"Arte, restaura\u00e7\u00e3o de m\u00f3veis, decora\u00e7\u00e3o","alternateName":"Pinturas decorativas","potentialAction":[{"@type":"SearchAction","target":{"@type":"EntryPoint","urlTemplate":"https:\/\/tatianaleal.com.br\/decoracao\/?s={search_term_string}"},"query-input":{"@type":"PropertyValueSpecification","valueRequired":true,"valueName":"search_term_string"}}],"inLanguage":"pt-BR"}]}},"_links":{"self":[{"href":"http:\/\/tatianaleal.com.br\/decoracao\/wp-json\/wp\/v2\/pages\/2226","targetHints":{"allow":["GET"]}}],"collection":[{"href":"http:\/\/tatianaleal.com.br\/decoracao\/wp-json\/wp\/v2\/pages"}],"about":[{"href":"http:\/\/tatianaleal.com.br\/decoracao\/wp-json\/wp\/v2\/types\/page"}],"author":[{"embeddable":true,"href":"http:\/\/tatianaleal.com.br\/decoracao\/wp-json\/wp\/v2\/users\/1"}],"replies":[{"embeddable":true,"href":"http:\/\/tatianaleal.com.br\/decoracao\/wp-json\/wp\/v2\/comments?post=2226"}],"version-history":[{"count":35,"href":"http:\/\/tatianaleal.com.br\/decoracao\/wp-json\/wp\/v2\/pages\/2226\/revisions"}],"predecessor-version":[{"id":4407,"href":"http:\/\/tatianaleal.com.br\/decoracao\/wp-json\/wp\/v2\/pages\/2226\/revisions\/4407"}],"wp:attachment":[{"href":"http:\/\/tatianaleal.com.br\/decoracao\/wp-json\/wp\/v2\/media?parent=2226"}],"curies":[{"name":"wp","href":"https:\/\/api.w.org\/{rel}","templated":true}]}}