{"id":2214,"date":"2013-08-13T16:28:12","date_gmt":"2013-08-13T16:28:12","guid":{"rendered":"http:\/\/tatianaleal.com.br\/decoracao\/?page_id=2214"},"modified":"2018-04-13T02:12:00","modified_gmt":"2018-04-13T05:12:00","slug":"marmorizacao","status":"publish","type":"page","link":"http:\/\/tatianaleal.com.br\/decoracao\/servicos\/marmorizacao\/","title":{"rendered":"Marmoriza\u00e7\u00e3o"},"content":{"rendered":"<h1><\/h1>\n<h2><\/h2>\n<p>Prestamos servi\u00e7os de marmoriza\u00e7\u00e3o com v\u00e1rias op\u00e7\u00f5es de cores e para quem quer aprender a \u00a0t\u00e9cnica, disponibilizamos um ebook que ensina o passo-a-passo de como fazer a marmoriza\u00e7\u00e3o em nosso site (na loja virtual).\u00a0A marmoriza\u00e7\u00e3o pode ser aplicada em colunas de gesso lisas ou estriadas, em objetos, m\u00f3veis conforme as imagens abaixo.<\/p>\n<p><strong>Fa\u00e7a j\u00e1 o seu or\u00e7amento!<\/strong> Para a sua comodidade \u00e9 s\u00f3 enviar a foto da pe\u00e7a para o email contatoatelie@yahoo.com.br ou para o whasApp\u00a0(11) 95894-0246 e fazemos o or\u00e7amento pra voc\u00ea.<\/p>\n\n\t\t\t<div id='2214-1' class='gallery gallery-2214 gallery-columns-3 gallery-size-thumbnail' itemscope itemtype='http:\/\/schema.org\/ImageGallery'>\n\t\t\t\t<div class='gallery-row gallery-col-3 gallery-clear'>\n\t\t\t\t\t<figure class='gallery-item col-3' itemprop='associatedMedia' itemscope itemtype='http:\/\/schema.org\/ImageObject'>\n\t\t\t\t\t\t<div class='gallery-icon landscape'><a href='http:\/\/tatianaleal.com.br\/decoracao\/servicos\/marm4__08793_zoom-2\/' itemprop=\"contentURL\"><img  title=\"\" fetchpriority=\"high\" decoding=\"async\" width=\"350\" height=\"230\" src=\"http:\/\/tatianaleal.com.br\/decoracao\/wp-content\/uploads\/2018\/04\/marm4__08793_zoom-350x230.jpg\" class=\"attachment-thumbnail size-thumbnail\"  alt=\"marm4__08793_zoom-350x230 Marmoriza\u00e7\u00e3o\"  srcset=\"http:\/\/tatianaleal.com.br\/decoracao\/wp-content\/uploads\/2018\/04\/marm4__08793_zoom-350x230.jpg 350w, http:\/\/tatianaleal.com.br\/decoracao\/wp-content\/uploads\/2018\/04\/marm4__08793_zoom-380x249.jpg 380w\" sizes=\"(max-width: 350px) 100vw, 350px\" itemprop=\"thumbnail\" \/><\/a><\/div>\n\t\t\t\t\t<\/figure>\n\t\t\t\t\t<figure class='gallery-item col-3' itemprop='associatedMedia' itemscope itemtype='http:\/\/schema.org\/ImageObject'>\n\t\t\t\t\t\t<div class='gallery-icon landscape'><a href='http:\/\/tatianaleal.com.br\/decoracao\/servicos\/marmorizacao\/marmorizacao-em-cadeiras\/' itemprop=\"contentURL\"><img  title=\"\" decoding=\"async\" width=\"350\" height=\"230\" src=\"http:\/\/tatianaleal.com.br\/decoracao\/wp-content\/uploads\/2018\/04\/marmorizacao-em-cadeiras-350x230.jpg\" class=\"attachment-thumbnail size-thumbnail\"  alt=\"marmorizacao-em-cadeiras-350x230 Marmoriza\u00e7\u00e3o\"  srcset=\"http:\/\/tatianaleal.com.br\/decoracao\/wp-content\/uploads\/2018\/04\/marmorizacao-em-cadeiras-350x230.jpg 350w, http:\/\/tatianaleal.com.br\/decoracao\/wp-content\/uploads\/2018\/04\/marmorizacao-em-cadeiras-380x249.jpg 380w\" sizes=\"(max-width: 350px) 100vw, 350px\" itemprop=\"thumbnail\" \/><\/a><\/div>\n\t\t\t\t\t<\/figure>\n\t\t\t\t\t<figure class='gallery-item col-3' itemprop='associatedMedia' itemscope itemtype='http:\/\/schema.org\/ImageObject'>\n\t\t\t\t\t\t<div class='gallery-icon landscape'><a href='http:\/\/tatianaleal.com.br\/decoracao\/servicos\/marmorizacao\/10404093_478418308966422_4725222040765087417_n\/' itemprop=\"contentURL\"><img  title=\"\" decoding=\"async\" width=\"350\" height=\"230\" src=\"http:\/\/tatianaleal.com.br\/decoracao\/wp-content\/uploads\/2018\/04\/10404093_478418308966422_4725222040765087417_n-350x230.png\" class=\"attachment-thumbnail size-thumbnail\"  alt=\"10404093_478418308966422_4725222040765087417_n-350x230 Marmoriza\u00e7\u00e3o\"  srcset=\"http:\/\/tatianaleal.com.br\/decoracao\/wp-content\/uploads\/2018\/04\/10404093_478418308966422_4725222040765087417_n-350x230.png 350w, http:\/\/tatianaleal.com.br\/decoracao\/wp-content\/uploads\/2018\/04\/10404093_478418308966422_4725222040765087417_n-380x249.png 380w\" sizes=\"(max-width: 350px) 100vw, 350px\" itemprop=\"thumbnail\" \/><\/a><\/div>\n\t\t\t\t\t<\/figure>\n\t\t\t\t<\/div>\n\t\t\t\t<div class='gallery-row gallery-col-3 gallery-clear'>\n\t\t\t\t\t<figure class='gallery-item col-3' itemprop='associatedMedia' itemscope itemtype='http:\/\/schema.org\/ImageObject'>\n\t\t\t\t\t\t<div class='gallery-icon landscape'><a href='http:\/\/tatianaleal.com.br\/decoracao\/servicos\/marmorizacao\/marmore-colorido\/' itemprop=\"contentURL\"><img  title=\"\" loading=\"lazy\" decoding=\"async\" width=\"350\" height=\"230\" src=\"http:\/\/tatianaleal.com.br\/decoracao\/wp-content\/uploads\/2018\/04\/marmore-colorido-350x230.jpg\" class=\"attachment-thumbnail size-thumbnail\"  alt=\"marmore-colorido-350x230 Marmoriza\u00e7\u00e3o\"  srcset=\"http:\/\/tatianaleal.com.br\/decoracao\/wp-content\/uploads\/2018\/04\/marmore-colorido-350x230.jpg 350w, http:\/\/tatianaleal.com.br\/decoracao\/wp-content\/uploads\/2018\/04\/marmore-colorido-380x249.jpg 380w\" sizes=\"(max-width: 350px) 100vw, 350px\" itemprop=\"thumbnail\" \/><\/a><\/div>\n\t\t\t\t\t<\/figure>\n\t\t\t\t\t<figure class='gallery-item col-3' itemprop='associatedMedia' itemscope itemtype='http:\/\/schema.org\/ImageObject'>\n\t\t\t\t\t\t<div class='gallery-icon landscape'><a href='http:\/\/tatianaleal.com.br\/decoracao\/servicos\/marmorizacao\/marm14-2\/' itemprop=\"contentURL\"><img  title=\"\" loading=\"lazy\" decoding=\"async\" width=\"350\" height=\"230\" src=\"http:\/\/tatianaleal.com.br\/decoracao\/wp-content\/uploads\/2018\/04\/marm14-350x230.png\" class=\"attachment-thumbnail size-thumbnail\"  alt=\"marm14-350x230 Marmoriza\u00e7\u00e3o\"  srcset=\"http:\/\/tatianaleal.com.br\/decoracao\/wp-content\/uploads\/2018\/04\/marm14-350x230.png 350w, http:\/\/tatianaleal.com.br\/decoracao\/wp-content\/uploads\/2018\/04\/marm14-380x249.png 380w\" sizes=\"(max-width: 350px) 100vw, 350px\" itemprop=\"thumbnail\" \/><\/a><\/div>\n\t\t\t\t\t<\/figure>\n\t\t\t\t\t<figure class='gallery-item col-3' itemprop='associatedMedia' itemscope itemtype='http:\/\/schema.org\/ImageObject'>\n\t\t\t\t\t\t<div class='gallery-icon landscape'><a href='http:\/\/tatianaleal.com.br\/decoracao\/servicos\/marmorizacao\/coluna-marmorizada\/' itemprop=\"contentURL\"><img  title=\"\" loading=\"lazy\" decoding=\"async\" width=\"350\" height=\"230\" src=\"http:\/\/tatianaleal.com.br\/decoracao\/wp-content\/uploads\/2018\/04\/coluna-marmorizada-350x230.jpg\" class=\"attachment-thumbnail size-thumbnail\"  alt=\"coluna-marmorizada-350x230 Marmoriza\u00e7\u00e3o\"  srcset=\"http:\/\/tatianaleal.com.br\/decoracao\/wp-content\/uploads\/2018\/04\/coluna-marmorizada-350x230.jpg 350w, http:\/\/tatianaleal.com.br\/decoracao\/wp-content\/uploads\/2018\/04\/coluna-marmorizada-380x249.jpg 380w\" sizes=\"(max-width: 350px) 100vw, 350px\" itemprop=\"thumbnail\" \/><\/a><\/div>\n\t\t\t\t\t<\/figure>\n\t\t\t\t<\/div>\n\t\t\t\t<div class='gallery-row gallery-col-3 gallery-clear'>\n\t\t\t\t\t<figure class='gallery-item col-3' itemprop='associatedMedia' itemscope itemtype='http:\/\/schema.org\/ImageObject'>\n\t\t\t\t\t\t<div class='gallery-icon landscape'><a href='http:\/\/tatianaleal.com.br\/decoracao\/servicos\/marmorizacao\/movel-marmorizado\/' itemprop=\"contentURL\"><img  title=\"\" loading=\"lazy\" decoding=\"async\" width=\"350\" height=\"230\" src=\"http:\/\/tatianaleal.com.br\/decoracao\/wp-content\/uploads\/2018\/04\/m\u00f3vel-marmorizado-350x230.jpg\" class=\"attachment-thumbnail size-thumbnail\"  alt=\"m\u00f3vel-marmorizado-350x230 Marmoriza\u00e7\u00e3o\"  srcset=\"http:\/\/tatianaleal.com.br\/decoracao\/wp-content\/uploads\/2018\/04\/m\u00f3vel-marmorizado-350x230.jpg 350w, http:\/\/tatianaleal.com.br\/decoracao\/wp-content\/uploads\/2018\/04\/m\u00f3vel-marmorizado-380x249.jpg 380w\" sizes=\"(max-width: 350px) 100vw, 350px\" itemprop=\"thumbnail\" \/><\/a><\/div>\n\t\t\t\t\t<\/figure>\n\t\t\t\t\t<figure class='gallery-item col-3' itemprop='associatedMedia' itemscope itemtype='http:\/\/schema.org\/ImageObject'>\n\t\t\t\t\t\t<div class='gallery-icon landscape'><a href='http:\/\/tatianaleal.com.br\/decoracao\/servicos\/marmorizacao\/100_2329-3\/' itemprop=\"contentURL\"><img  title=\"\" loading=\"lazy\" decoding=\"async\" width=\"350\" height=\"230\" src=\"http:\/\/tatianaleal.com.br\/decoracao\/wp-content\/uploads\/2018\/04\/100_2329-350x230.jpg\" class=\"attachment-thumbnail size-thumbnail\"  alt=\"100_2329-350x230 Marmoriza\u00e7\u00e3o\"  srcset=\"http:\/\/tatianaleal.com.br\/decoracao\/wp-content\/uploads\/2018\/04\/100_2329-350x230.jpg 350w, http:\/\/tatianaleal.com.br\/decoracao\/wp-content\/uploads\/2018\/04\/100_2329-380x249.jpg 380w\" sizes=\"(max-width: 350px) 100vw, 350px\" itemprop=\"thumbnail\" \/><\/a><\/div>\n\t\t\t\t\t<\/figure>\n\t\t\t\t\t<figure class='gallery-item col-3' itemprop='associatedMedia' itemscope itemtype='http:\/\/schema.org\/ImageObject'>\n\t\t\t\t\t\t<div class='gallery-icon landscape'><a href='http:\/\/tatianaleal.com.br\/decoracao\/servicos\/marmorizacao\/522158_314184251986001_104061295_n\/' itemprop=\"contentURL\"><img  title=\"\" loading=\"lazy\" decoding=\"async\" width=\"350\" height=\"230\" src=\"http:\/\/tatianaleal.com.br\/decoracao\/wp-content\/uploads\/2018\/04\/522158_314184251986001_104061295_n-350x230.jpg\" class=\"attachment-thumbnail size-thumbnail\"  alt=\"522158_314184251986001_104061295_n-350x230 Marmoriza\u00e7\u00e3o\"  srcset=\"http:\/\/tatianaleal.com.br\/decoracao\/wp-content\/uploads\/2018\/04\/522158_314184251986001_104061295_n-350x230.jpg 350w, http:\/\/tatianaleal.com.br\/decoracao\/wp-content\/uploads\/2018\/04\/522158_314184251986001_104061295_n-380x249.jpg 380w\" sizes=\"(max-width: 350px) 100vw, 350px\" itemprop=\"thumbnail\" \/><\/a><\/div>\n\t\t\t\t\t<\/figure>\n\t\t\t\t<\/div>\n\t\t\t<\/div><!-- .gallery -->\n\n<p style=\"text-align: center;\"><span style=\"text-decoration: underline;\">\u00a0Quer aprender a t\u00e9cnica? Conhe\u00e7a o curso de MARMORIZA\u00c7\u00c3O ON-LINE<b>,<a href=\"https:\/\/pages.hotmart.com\/h4826745r\/marmorizacao-20\/?_ga=1.26468664.48634829.1487117766\" target=\"_blank\" rel=\"noopener\"> SAIBA MAIS&#8230;.<\/a><\/b><\/span><\/p>\n<p style=\"text-align: center;\"><a href=\"https:\/\/pages.hotmart.com\/h4826745r\/marmorizacao-20\/?_ga=1.26468664.48634829.1487117766\" target=\"_blank\" rel=\"noopener\"><img  title=\"\" loading=\"lazy\" decoding=\"async\" class=\"aligncenter wp-image-5093 size-full\" src=\"http:\/\/tatianaleal.com.br\/decoracao\/wp-content\/uploads\/2017\/04\/capa-curso-de-marmorizacao.jpg\"  alt=\"capa-curso-de-marmorizacao Marmoriza\u00e7\u00e3o\"  width=\"550\" height=\"498\" srcset=\"http:\/\/tatianaleal.com.br\/decoracao\/wp-content\/uploads\/2017\/04\/capa-curso-de-marmorizacao.jpg 550w, http:\/\/tatianaleal.com.br\/decoracao\/wp-content\/uploads\/2017\/04\/capa-curso-de-marmorizacao-300x272.jpg 300w\" sizes=\"(max-width: 550px) 100vw, 550px\" \/><\/a><\/p>\n<h4 style=\"text-align: center;\"><\/h4>\n<h4 style=\"text-align: center;\"><\/h4>\n","protected":false},"excerpt":{"rendered":"<p>Prestamos servi\u00e7os de marmoriza\u00e7\u00e3o com v\u00e1rias op\u00e7\u00f5es de cores e para quem quer aprender a \u00a0t\u00e9cnica, disponibilizamos um ebook que ensina o passo-a-passo de como fazer a marmoriza\u00e7\u00e3o em nosso site (na loja virtual).\u00a0A marmoriza\u00e7\u00e3o pode ser aplicada em colunas de gesso lisas ou estriadas, em objetos, m\u00f3veis conforme as imagens abaixo. Fa\u00e7a j\u00e1 o seu or\u00e7amento! Para a sua comodidade \u00e9 s\u00f3 enviar a foto da pe\u00e7a para o email contatoatelie@yahoo.com.br ou para o whasApp\u00a0(11) 95894-0246 e fazemos o or\u00e7amento pra voc\u00ea. \u00a0Quer aprender <a href=\"http:\/\/tatianaleal.com.br\/decoracao\/servicos\/marmorizacao\/\" class=\"more-link\"><span>Continue<\/span>\u2192<\/a><\/p>\n","protected":false},"author":1,"featured_media":2302,"parent":2208,"menu_order":0,"comment_status":"open","ping_status":"open","template":"","meta":{"_monsterinsights_skip_tracking":false,"_monsterinsights_sitenote_active":false,"_monsterinsights_sitenote_note":"","_monsterinsights_sitenote_category":0,"_joinchat":[],"footnotes":"","_links_to":"","_links_to_target":""},"class_list":{"0":"entry","1":"page","2":"publish","3":"author-admin","4":"post-2214","6":"has-post-thumbnail"},"yoast_head":"<!-- This site is optimized with the Yoast SEO plugin v27.2 - https:\/\/yoast.com\/product\/yoast-seo-wordpress\/ -->\n<title>Marmoriza\u00e7\u00e3o<\/title>\n<meta name=\"description\" content=\"A Marmoriza\u00e7\u00e3o \u00e9 uma t\u00e9cnica de pintura que proporciona um efeito m\u00e1rmore na pe\u00e7a. Servi\u00e7os de pintura e curso de marmoriza\u00e7\u00e3o online, saiba mais..\" \/>\n<meta name=\"robots\" content=\"index, follow, max-snippet:-1, max-image-preview:large, max-video-preview:-1\" \/>\n<link rel=\"canonical\" href=\"https:\/\/tatianaleal.com.br\/decoracao\/servicos\/marmorizacao\/\" \/>\n<meta property=\"og:locale\" content=\"pt_BR\" \/>\n<meta property=\"og:type\" content=\"article\" \/>\n<meta property=\"og:title\" content=\"Marmoriza\u00e7\u00e3o\" \/>\n<meta property=\"og:description\" content=\"A Marmoriza\u00e7\u00e3o \u00e9 uma t\u00e9cnica de pintura que proporciona um efeito m\u00e1rmore na pe\u00e7a. Servi\u00e7os de pintura e curso de marmoriza\u00e7\u00e3o online, saiba mais..\" \/>\n<meta property=\"og:url\" content=\"https:\/\/tatianaleal.com.br\/decoracao\/servicos\/marmorizacao\/\" \/>\n<meta property=\"og:site_name\" content=\"Pinturas especiais\" \/>\n<meta property=\"article:modified_time\" content=\"2018-04-13T05:12:00+00:00\" \/>\n<meta property=\"og:image\" content=\"https:\/\/tatianaleal.com.br\/decoracao\/wp-content\/uploads\/2013\/08\/marm14.png\" \/>\n\t<meta property=\"og:image:width\" content=\"566\" \/>\n\t<meta property=\"og:image:height\" content=\"572\" \/>\n\t<meta property=\"og:image:type\" content=\"image\/png\" \/>\n<meta name=\"twitter:label1\" content=\"Est. tempo de leitura\" \/>\n\t<meta name=\"twitter:data1\" content=\"1 minuto\" \/>\n<script type=\"application\/ld+json\" class=\"yoast-schema-graph\">{\"@context\":\"https:\/\/schema.org\",\"@graph\":[{\"@type\":\"WebPage\",\"@id\":\"https:\/\/tatianaleal.com.br\/decoracao\/servicos\/marmorizacao\/\",\"url\":\"https:\/\/tatianaleal.com.br\/decoracao\/servicos\/marmorizacao\/\",\"name\":\"Marmoriza\u00e7\u00e3o\",\"isPartOf\":{\"@id\":\"https:\/\/tatianaleal.com.br\/decoracao\/#website\"},\"primaryImageOfPage\":{\"@id\":\"https:\/\/tatianaleal.com.br\/decoracao\/servicos\/marmorizacao\/#primaryimage\"},\"image\":{\"@id\":\"https:\/\/tatianaleal.com.br\/decoracao\/servicos\/marmorizacao\/#primaryimage\"},\"thumbnailUrl\":\"http:\/\/tatianaleal.com.br\/decoracao\/wp-content\/uploads\/2013\/08\/marm14.png\",\"datePublished\":\"2013-08-13T16:28:12+00:00\",\"dateModified\":\"2018-04-13T05:12:00+00:00\",\"description\":\"A Marmoriza\u00e7\u00e3o \u00e9 uma t\u00e9cnica de pintura que proporciona um efeito m\u00e1rmore na pe\u00e7a. Servi\u00e7os de pintura e curso de marmoriza\u00e7\u00e3o online, saiba mais..\",\"breadcrumb\":{\"@id\":\"https:\/\/tatianaleal.com.br\/decoracao\/servicos\/marmorizacao\/#breadcrumb\"},\"inLanguage\":\"pt-BR\",\"potentialAction\":[{\"@type\":\"ReadAction\",\"target\":[\"https:\/\/tatianaleal.com.br\/decoracao\/servicos\/marmorizacao\/\"]}]},{\"@type\":\"ImageObject\",\"inLanguage\":\"pt-BR\",\"@id\":\"https:\/\/tatianaleal.com.br\/decoracao\/servicos\/marmorizacao\/#primaryimage\",\"url\":\"http:\/\/tatianaleal.com.br\/decoracao\/wp-content\/uploads\/2013\/08\/marm14.png\",\"contentUrl\":\"http:\/\/tatianaleal.com.br\/decoracao\/wp-content\/uploads\/2013\/08\/marm14.png\",\"width\":566,\"height\":572},{\"@type\":\"BreadcrumbList\",\"@id\":\"https:\/\/tatianaleal.com.br\/decoracao\/servicos\/marmorizacao\/#breadcrumb\",\"itemListElement\":[{\"@type\":\"ListItem\",\"position\":1,\"name\":\"Home\",\"item\":\"https:\/\/tatianaleal.com.br\/decoracao\/\"},{\"@type\":\"ListItem\",\"position\":2,\"name\":\"Nossos servi\u00e7os\",\"item\":\"https:\/\/tatianaleal.com.br\/decoracao\/servicos\/\"},{\"@type\":\"ListItem\",\"position\":3,\"name\":\"Marmoriza\u00e7\u00e3o\"}]},{\"@type\":\"WebSite\",\"@id\":\"https:\/\/tatianaleal.com.br\/decoracao\/#website\",\"url\":\"https:\/\/tatianaleal.com.br\/decoracao\/\",\"name\":\"Ateli\u00ea TL\",\"description\":\"Arte, restaura\u00e7\u00e3o de m\u00f3veis, decora\u00e7\u00e3o\",\"alternateName\":\"Pinturas decorativas\",\"potentialAction\":[{\"@type\":\"SearchAction\",\"target\":{\"@type\":\"EntryPoint\",\"urlTemplate\":\"https:\/\/tatianaleal.com.br\/decoracao\/?s={search_term_string}\"},\"query-input\":{\"@type\":\"PropertyValueSpecification\",\"valueRequired\":true,\"valueName\":\"search_term_string\"}}],\"inLanguage\":\"pt-BR\"}]}<\/script>\n<!-- \/ Yoast SEO plugin. -->","yoast_head_json":{"title":"Marmoriza\u00e7\u00e3o","description":"A Marmoriza\u00e7\u00e3o \u00e9 uma t\u00e9cnica de pintura que proporciona um efeito m\u00e1rmore na pe\u00e7a. Servi\u00e7os de pintura e curso de marmoriza\u00e7\u00e3o online, saiba mais..","robots":{"index":"index","follow":"follow","max-snippet":"max-snippet:-1","max-image-preview":"max-image-preview:large","max-video-preview":"max-video-preview:-1"},"canonical":"https:\/\/tatianaleal.com.br\/decoracao\/servicos\/marmorizacao\/","og_locale":"pt_BR","og_type":"article","og_title":"Marmoriza\u00e7\u00e3o","og_description":"A Marmoriza\u00e7\u00e3o \u00e9 uma t\u00e9cnica de pintura que proporciona um efeito m\u00e1rmore na pe\u00e7a. Servi\u00e7os de pintura e curso de marmoriza\u00e7\u00e3o online, saiba mais..","og_url":"https:\/\/tatianaleal.com.br\/decoracao\/servicos\/marmorizacao\/","og_site_name":"Pinturas especiais","article_modified_time":"2018-04-13T05:12:00+00:00","og_image":[{"width":566,"height":572,"url":"https:\/\/tatianaleal.com.br\/decoracao\/wp-content\/uploads\/2013\/08\/marm14.png","type":"image\/png"}],"twitter_misc":{"Est. tempo de leitura":"1 minuto"},"schema":{"@context":"https:\/\/schema.org","@graph":[{"@type":"WebPage","@id":"https:\/\/tatianaleal.com.br\/decoracao\/servicos\/marmorizacao\/","url":"https:\/\/tatianaleal.com.br\/decoracao\/servicos\/marmorizacao\/","name":"Marmoriza\u00e7\u00e3o","isPartOf":{"@id":"https:\/\/tatianaleal.com.br\/decoracao\/#website"},"primaryImageOfPage":{"@id":"https:\/\/tatianaleal.com.br\/decoracao\/servicos\/marmorizacao\/#primaryimage"},"image":{"@id":"https:\/\/tatianaleal.com.br\/decoracao\/servicos\/marmorizacao\/#primaryimage"},"thumbnailUrl":"http:\/\/tatianaleal.com.br\/decoracao\/wp-content\/uploads\/2013\/08\/marm14.png","datePublished":"2013-08-13T16:28:12+00:00","dateModified":"2018-04-13T05:12:00+00:00","description":"A Marmoriza\u00e7\u00e3o \u00e9 uma t\u00e9cnica de pintura que proporciona um efeito m\u00e1rmore na pe\u00e7a. Servi\u00e7os de pintura e curso de marmoriza\u00e7\u00e3o online, saiba mais..","breadcrumb":{"@id":"https:\/\/tatianaleal.com.br\/decoracao\/servicos\/marmorizacao\/#breadcrumb"},"inLanguage":"pt-BR","potentialAction":[{"@type":"ReadAction","target":["https:\/\/tatianaleal.com.br\/decoracao\/servicos\/marmorizacao\/"]}]},{"@type":"ImageObject","inLanguage":"pt-BR","@id":"https:\/\/tatianaleal.com.br\/decoracao\/servicos\/marmorizacao\/#primaryimage","url":"http:\/\/tatianaleal.com.br\/decoracao\/wp-content\/uploads\/2013\/08\/marm14.png","contentUrl":"http:\/\/tatianaleal.com.br\/decoracao\/wp-content\/uploads\/2013\/08\/marm14.png","width":566,"height":572},{"@type":"BreadcrumbList","@id":"https:\/\/tatianaleal.com.br\/decoracao\/servicos\/marmorizacao\/#breadcrumb","itemListElement":[{"@type":"ListItem","position":1,"name":"Home","item":"https:\/\/tatianaleal.com.br\/decoracao\/"},{"@type":"ListItem","position":2,"name":"Nossos servi\u00e7os","item":"https:\/\/tatianaleal.com.br\/decoracao\/servicos\/"},{"@type":"ListItem","position":3,"name":"Marmoriza\u00e7\u00e3o"}]},{"@type":"WebSite","@id":"https:\/\/tatianaleal.com.br\/decoracao\/#website","url":"https:\/\/tatianaleal.com.br\/decoracao\/","name":"Ateli\u00ea TL","description":"Arte, restaura\u00e7\u00e3o de m\u00f3veis, decora\u00e7\u00e3o","alternateName":"Pinturas decorativas","potentialAction":[{"@type":"SearchAction","target":{"@type":"EntryPoint","urlTemplate":"https:\/\/tatianaleal.com.br\/decoracao\/?s={search_term_string}"},"query-input":{"@type":"PropertyValueSpecification","valueRequired":true,"valueName":"search_term_string"}}],"inLanguage":"pt-BR"}]}},"_links":{"self":[{"href":"http:\/\/tatianaleal.com.br\/decoracao\/wp-json\/wp\/v2\/pages\/2214","targetHints":{"allow":["GET"]}}],"collection":[{"href":"http:\/\/tatianaleal.com.br\/decoracao\/wp-json\/wp\/v2\/pages"}],"about":[{"href":"http:\/\/tatianaleal.com.br\/decoracao\/wp-json\/wp\/v2\/types\/page"}],"author":[{"embeddable":true,"href":"http:\/\/tatianaleal.com.br\/decoracao\/wp-json\/wp\/v2\/users\/1"}],"replies":[{"embeddable":true,"href":"http:\/\/tatianaleal.com.br\/decoracao\/wp-json\/wp\/v2\/comments?post=2214"}],"version-history":[{"count":12,"href":"http:\/\/tatianaleal.com.br\/decoracao\/wp-json\/wp\/v2\/pages\/2214\/revisions"}],"predecessor-version":[{"id":5127,"href":"http:\/\/tatianaleal.com.br\/decoracao\/wp-json\/wp\/v2\/pages\/2214\/revisions\/5127"}],"up":[{"embeddable":true,"href":"http:\/\/tatianaleal.com.br\/decoracao\/wp-json\/wp\/v2\/pages\/2208"}],"wp:featuredmedia":[{"embeddable":true,"href":"http:\/\/tatianaleal.com.br\/decoracao\/wp-json\/wp\/v2\/media\/2302"}],"wp:attachment":[{"href":"http:\/\/tatianaleal.com.br\/decoracao\/wp-json\/wp\/v2\/media?parent=2214"}],"curies":[{"name":"wp","href":"https:\/\/api.w.org\/{rel}","templated":true}]}}