{"id":2212,"date":"2013-08-13T16:27:58","date_gmt":"2013-08-13T16:27:58","guid":{"rendered":"http:\/\/tatianaleal.com.br\/decoracao\/?page_id=2212"},"modified":"2018-05-03T20:01:55","modified_gmt":"2018-05-03T23:01:55","slug":"patina-em-madeira","status":"publish","type":"page","link":"http:\/\/tatianaleal.com.br\/decoracao\/servicos\/patina-em-madeira\/","title":{"rendered":"P\u00e1tina em madeira \u00e9 uma \u00f3tima t\u00e9cnica de pintura para o seu m\u00f3vel"},"content":{"rendered":"<p>A princ\u00edpio a p\u00e1tina em madeira tinha como objetivo imitar o <strong>m\u00f3vel antigo<\/strong>, valorizando alguns de seus aspectos caracter\u00edsticos, como o desgaste das cores e as lascas. Hoje, no entanto, a<strong> t\u00e9cnica<\/strong> conquista a admira\u00e7\u00e3o de quem gosta dos estilos mais modernos, com cores fortes na superf\u00edcie trabalhada. Em<strong> madeira, f\u00f3rmica, cer\u00e2mica ou ferro<\/strong>, o efeito pode ser surpreendente. A<strong> p\u00e1tina<\/strong>\u00a0<strong>em m\u00f3veis<\/strong> \u00e9 uma t\u00e9cnica excelente para recuperar pe\u00e7as\u00a0<strong>antigas,<\/strong> que est\u00e3o muito desgastados, com lascas ou buracos.Tamb\u00e9m \u00e9 poss\u00edvel fazer um m\u00f3vel sem adornos parecer mais sofisticado.<\/p>\n<p>Veja esse artigo completo sobre <a href=\"http:\/\/tatianaleal.com.br\/decoracao\/patina-2\/\" target=\"_blank\" rel=\"noopener\">P\u00e1tina (clique aqui)<\/a>, onde relato de onde surgiu, como \u00e9 feita essa t\u00e9cnica de pintura, fotos dos variados tipos de p\u00e1tina \u00a0e as mais requisitadas no meu trabalho.<\/p>\n<p><a title=\"P\u00e1tina em m\u00f3veis\" href=\"http:\/\/tatianaleal.com.br\/decoracao\/patina-em-moveis\/\" target=\"_blank\" rel=\"noopener\"><strong>\u00a0NA IMAGEM ABAIXO E VEJA \u00a0O MEU\u00a0\u00c1LBUM\u00a0DE P\u00c1TINA EM MADEIRA\u00a0<\/strong><\/a><\/p>\n<figure id=\"attachment_2690\" class=\"wp-caption aligncenter\" style=\"max-width: 524px\"><a title=\"P\u00e1tina em m\u00f3veis\" href=\"http:\/\/tatianaleal.com.br\/decoracao\/patina-em-moveis\/\" target=\"_blank\" rel=\"noopener\"><img  title=\"\" fetchpriority=\"high\" decoding=\"async\" class=\"wp-image-2690 size-full\" src=\"http:\/\/tatianaleal.com.br\/decoracao\/wp-content\/uploads\/2015\/02\/ane-d1.jpg\"  alt=\"ane-d1 P\u00e1tina em madeira \u00e9 uma \u00f3tima t\u00e9cnica de pintura para o seu m\u00f3vel\"  width=\"524\" height=\"195\" srcset=\"http:\/\/tatianaleal.com.br\/decoracao\/wp-content\/uploads\/2015\/02\/ane-d1.jpg 524w, http:\/\/tatianaleal.com.br\/decoracao\/wp-content\/uploads\/2015\/02\/ane-d1-300x112.jpg 300w\" sizes=\"(max-width: 524px) 100vw, 524px\" \/><\/a><figcaption class=\"wp-caption-text\">Existem v\u00e1rios tipos dessa t\u00e9cnica de pintura, muito utilizada nos dias de hoje, mesmo na decora\u00e7\u00e3o moderna, ela tem o seu lugar.Veja na imagem acima, esse m\u00f3vel antigo em mogno, foi renovado com a p\u00e1tina riscada no tom de areia e detalhes charmosos com arabescos na cor dourada, usando est\u00eancil.<\/figcaption><\/figure>\n<figure id=\"attachment_4263\" class=\"wp-caption aligncenter\" style=\"max-width: 590px\"><a href=\"http:\/\/tatianaleal.com.br\/decoracao\/wp-content\/uploads\/2016\/03\/patina-riscada.png\" rel=\"attachment wp-att-4263\"><img  title=\"\" decoding=\"async\" class=\"wp-image-4263 size-full\" src=\"http:\/\/tatianaleal.com.br\/decoracao\/wp-content\/uploads\/2016\/03\/patina-riscada.png\"  alt=\"patina-riscada P\u00e1tina em madeira \u00e9 uma \u00f3tima t\u00e9cnica de pintura para o seu m\u00f3vel\"  width=\"590\" height=\"366\" srcset=\"http:\/\/tatianaleal.com.br\/decoracao\/wp-content\/uploads\/2016\/03\/patina-riscada.png 590w, http:\/\/tatianaleal.com.br\/decoracao\/wp-content\/uploads\/2016\/03\/patina-riscada-300x186.png 300w\" sizes=\"(max-width: 590px) 100vw, 590px\" \/><\/a><figcaption class=\"wp-caption-text\">Nessa cadeira foi escolhida a t\u00e9cnica p\u00e1tina riscada na cor areia. Simplesmente essa cadeira n\u00e3o \u00e9 mais a mesma \u00a0n\u00e3o?<\/figcaption><\/figure>\n<h2>P\u00e1tina em madeira \u00e9 uma \u00f3tima op\u00e7\u00e3o para a pintura de m\u00f3veis!<\/h2>\n<p>Na repagina\u00e7\u00e3o de m\u00f3veis a p\u00e1tina em madeira \u00e9 muito requisitada por proporcionar v\u00e1rios efeitos de acabamentos. Al\u00e9m de ser um trabalho original, especifico de acordo com o gosto do cliente \u00e9 custo e beneficio! Por muitas vezes a pessoa tem uma pe\u00e7a de qualidade em casa e acaba desfazendo e comprando m\u00f3veis novos ou m\u00f3veis n\u00e3o t\u00e3o bons (esses vendidos em <a href=\"http:\/\/www.casasbahia.com.br\/\" target=\"_blank\" rel=\"noopener\">lojas populares<\/a>, por um pre\u00e7o muito baixo). Por isso a import\u00e2ncia de <a href=\"http:\/\/tatianaleal.com.br\/decoracao\/restaurar-movel\/\" target=\"_blank\" rel=\"noopener\">restaurar m\u00f3vel<\/a>, veja o artigo no blog referente a esse tema.<\/p>\n<p>Existem v\u00e1rios tipos de p\u00e1tina como por exemplo: <strong>p\u00e1tina riscada, p\u00e1tina mexicana, p\u00e1tina proven\u00e7al, p\u00e1tina marroquina, p\u00e1tina lavada, p\u00e1tina com cera, p\u00e1tina em demoli\u00e7\u00e3o<\/strong> entre outras. Podendo fazer essa t\u00e9cnica n\u00e3o s\u00f3 em m\u00f3veis, mas tamb\u00e9m em piso de madeira, veja abaixo essa foto de um trabalho em p\u00e1tina riscada na cor marfim. Renovou totalmente o ambiente!<\/p>\n<figure id=\"attachment_4303\" class=\"wp-caption aligncenter\" style=\"max-width: 600px\"><a href=\"http:\/\/tatianaleal.com.br\/decoracao\/wp-content\/uploads\/2016\/03\/patina-em-piso-1.jpg\" rel=\"attachment wp-att-4303\"><img  title=\"\" decoding=\"async\" class=\"wp-image-4303 size-full\" src=\"http:\/\/tatianaleal.com.br\/decoracao\/wp-content\/uploads\/2016\/03\/patina-em-piso-1.jpg\"  alt=\"patina-em-piso-1 P\u00e1tina em madeira \u00e9 uma \u00f3tima t\u00e9cnica de pintura para o seu m\u00f3vel\"  width=\"600\" height=\"450\" srcset=\"http:\/\/tatianaleal.com.br\/decoracao\/wp-content\/uploads\/2016\/03\/patina-em-piso-1.jpg 600w, http:\/\/tatianaleal.com.br\/decoracao\/wp-content\/uploads\/2016\/03\/patina-em-piso-1-300x225.jpg 300w\" sizes=\"(max-width: 600px) 100vw, 600px\" \/><\/a><figcaption class=\"wp-caption-text\">Nesse caso \u00e9 feito um trabalho com <a href=\"http:\/\/www.sayerlack.com.br\/categoria\/envernizar\/\" target=\"_blank\" rel=\"noopener\">vernizes <\/a>apropriados para alta abras\u00e3o como acabamento. N\u00e3o \u00e9 um servi\u00e7o f\u00e1cil para um artes\u00e3o, pois requer muita destreza e cuidados na hora de dar o acabamento final. Mas vale a pena o resultado fica assim maravilhoso!<\/figcaption><\/figure>\n<h3>Servi\u00e7os de pinturas especiais<\/h3>\n<p>Voc\u00ea quer <strong>repaginar<\/strong> a sua pe\u00e7a estimada com p\u00e1tina ou com outras t\u00e9cnicas como a <strong>laca, falsa laca, marmoriza\u00e7\u00e3o, decap\u00ea, satin\u00ea, dip dye<\/strong> ou outras t\u00e9cnicas mais especificas acesse o contato abaixo que fazemos o or\u00e7amento para voc\u00ea. Para mais praticidade \u00e9 s\u00f3 enviar a foto da sua pe\u00e7a que analisamos para voc\u00ea. Atendimento personalizado esse \u00e9 o nosso diferencial.<\/p>\n<figure id=\"attachment_4320\" class=\"wp-caption aligncenter\" style=\"max-width: 640px\"><a href=\"http:\/\/tatianaleal.com.br\/decoracao\/contato\/\" rel=\"attachment wp-att-4320\"><img  title=\"\" loading=\"lazy\" decoding=\"async\" class=\"wp-image-4320 size-full\" src=\"http:\/\/tatianaleal.com.br\/decoracao\/wp-content\/uploads\/2013\/08\/contato.jpg\"  alt=\"contato P\u00e1tina em madeira \u00e9 uma \u00f3tima t\u00e9cnica de pintura para o seu m\u00f3vel\"  width=\"640\" height=\"315\" srcset=\"http:\/\/tatianaleal.com.br\/decoracao\/wp-content\/uploads\/2013\/08\/contato.jpg 640w, http:\/\/tatianaleal.com.br\/decoracao\/wp-content\/uploads\/2013\/08\/contato-300x148.jpg 300w\" sizes=\"(max-width: 640px) 100vw, 640px\" \/><\/a><figcaption class=\"wp-caption-text\"><a href=\"http:\/\/tatianaleal.com.br\/decoracao\/contato\/\" target=\"_blank\" rel=\"noopener\">Entre em contato por email ou pelo whats App clique aqui.<\/a><\/figcaption><\/figure>\n<h3>Voc\u00ea quer aprender a fazer p\u00e1tina em madeira e tamb\u00e9m outras t\u00e9cnicas similares?<\/h3>\n<p style=\"text-align: left;\">No livro virtual\u00a0<strong>Manual P\u00e1tina e cia,<\/strong>\u00a0voc\u00ea vai aprender a fazer v\u00e1rios tipos de <strong>p\u00e1tina<\/strong>, com um passo-a-passo bem detalhado, ilustrado, com dicas e segredos para se obter um resultado satisfat\u00f3rio. Com conte\u00fado did\u00e1tico, vou mostrar como faz a prepara\u00e7\u00e3o da pe\u00e7a, os tipos de tintas, teoria de cores e muito mais. \u00c9 um manual que vai te guiar para facilitar o trabalho artesanal e tamb\u00e9m visando diminuir gastos \u00a0excessivos com tintas que muitas vezes n\u00e3o \u00e9 adequada.<\/p>\n<p><iframe width=\"1075\" height=\"806\" src=\"https:\/\/www.youtube.com\/embed\/SzTol_OP4tA?start=15&#038;feature=oembed\" frameborder=\"0\" allow=\"autoplay; encrypted-media\" allowfullscreen><\/iframe><\/p>\n<figure id=\"attachment_5202\" class=\"wp-caption aligncenter\" style=\"max-width: 300px\"><a href=\"https:\/\/pages.hotmart.com\/t3167435t\/manual-patina-e-cia\/\" target=\"_blank\" rel=\"noopener\"><img  title=\"\" loading=\"lazy\" decoding=\"async\" class=\"wp-image-5202 size-medium\" src=\"http:\/\/tatianaleal.com.br\/decoracao\/wp-content\/uploads\/2018\/04\/capa-manual-patina-e-cia-300x272.jpg\"  alt=\"capa-manual-patina-e-cia-300x272 P\u00e1tina em madeira \u00e9 uma \u00f3tima t\u00e9cnica de pintura para o seu m\u00f3vel\"  width=\"300\" height=\"272\" srcset=\"http:\/\/tatianaleal.com.br\/decoracao\/wp-content\/uploads\/2018\/04\/capa-manual-patina-e-cia-300x272.jpg 300w, http:\/\/tatianaleal.com.br\/decoracao\/wp-content\/uploads\/2018\/04\/capa-manual-patina-e-cia.jpg 550w\" sizes=\"(max-width: 300px) 100vw, 300px\" \/><\/a><figcaption class=\"wp-caption-text\">Saiba mais sobre o livro virtual Manual P\u00e1tina e Cia clicando na imagem acima.<\/figcaption><\/figure>\n<p style=\"text-align: left;\">Voc\u00ea pode ter um acabamento excelente fazendo o processo correto e usando a sua criatividade que \u00e9 o mais importante nesse processo de repagina\u00e7\u00e3o. Receba gr\u00e1tis as minhas <strong>7 dicas de pintura em m\u00f3veis<\/strong> e\u00a0 as novidades referente ao mundo da decora\u00e7\u00e3o de interiores e pinturas especiais. <strong><a href=\"http:\/\/tatianaleal.com.br\/decoracao\/receba-ja-as-7-dicas-de-pintura-em-moveis\/\" target=\"_blank\" rel=\"noopener\"><span style=\"color: #339966;\">Clique aqui e se inscreva!<\/span><\/a><\/strong><\/p>\n<hr \/>\n<p style=\"text-align: left;\"><em><span style=\"color: #000000;\">Veja mais dicas e artigos sobre <strong>pinturas especiais<\/strong> e <strong>dicas de decora\u00e7\u00e3o<\/strong> no menu ao lado. N\u00e3o esque\u00e7a na hora de r<strong>epaginar seu m\u00f3vel antigo<\/strong> a <strong>p\u00e1tina em madeira<\/strong> \u00e9 uma \u00f3tima op\u00e7\u00e3o de acabamento. Como sugest\u00e3o, abaixo tem um artigo completo sobre essa t\u00e9cnica maravilhosa. Um abra\u00e7o!<\/span><\/em><\/p>\n<h5><a href=\"http:\/\/tatianaleal.com.br\/decoracao\/como-fazer-patina-em-moveis-passo-a-passo\/\" target=\"_blank\" rel=\"noopener\"><strong><span style=\"color: #339966;\">&gt;Como fazer p\u00e1tina em m\u00f3veis passo-a-passo. Tudo sobre P\u00e1tina&#8230;(leia mais)<\/span><\/strong><\/a><\/h5>\n","protected":false},"excerpt":{"rendered":"<p>A princ\u00edpio a p\u00e1tina em madeira tinha como objetivo imitar o m\u00f3vel antigo, valorizando alguns de seus aspectos caracter\u00edsticos, como o desgaste das cores e as lascas. Hoje, no entanto, a t\u00e9cnica conquista a admira\u00e7\u00e3o de quem gosta dos estilos mais modernos, com cores fortes na superf\u00edcie trabalhada. Em madeira, f\u00f3rmica, cer\u00e2mica ou ferro, o efeito pode ser surpreendente. A p\u00e1tina\u00a0em m\u00f3veis \u00e9 uma t\u00e9cnica excelente para recuperar pe\u00e7as\u00a0antigas, que est\u00e3o muito desgastados, com lascas ou buracos.Tamb\u00e9m \u00e9 poss\u00edvel fazer um m\u00f3vel sem adornos parecer <a href=\"http:\/\/tatianaleal.com.br\/decoracao\/servicos\/patina-em-madeira\/\" class=\"more-link\"><span>Continue<\/span>\u2192<\/a><\/p>\n","protected":false},"author":1,"featured_media":3951,"parent":2208,"menu_order":0,"comment_status":"closed","ping_status":"closed","template":"","meta":{"_monsterinsights_skip_tracking":false,"_monsterinsights_sitenote_active":false,"_monsterinsights_sitenote_note":"","_monsterinsights_sitenote_category":0,"_joinchat":[],"footnotes":"","_links_to":"","_links_to_target":""},"class_list":{"0":"entry","1":"page","2":"publish","3":"author-admin","4":"post-2212","6":"has-post-thumbnail"},"yoast_head":"<!-- This site is optimized with the Yoast SEO plugin v27.2 - https:\/\/yoast.com\/product\/yoast-seo-wordpress\/ -->\n<title>P\u00e1tina<\/title>\n<meta name=\"description\" content=\"P\u00e1tina em madeira e v\u00e1rios tipos dessa t\u00e9cnica de pintura no blog.Acesse e receba as 7 dicas de restaura\u00e7\u00e3o de m\u00f3veis gr\u00e1tis! Servi\u00e7os,cursos, artigos,etc.\" \/>\n<meta name=\"robots\" content=\"index, follow, max-snippet:-1, max-image-preview:large, max-video-preview:-1\" \/>\n<link rel=\"canonical\" href=\"http:\/\/tatianaleal.com.br\/decoracao\/servicos\/patina-em-madeira\/\" \/>\n<meta property=\"og:locale\" content=\"pt_BR\" \/>\n<meta property=\"og:type\" content=\"article\" \/>\n<meta property=\"og:title\" content=\"P\u00e1tina\" \/>\n<meta property=\"og:description\" content=\"P\u00e1tina em madeira e v\u00e1rios tipos dessa t\u00e9cnica de pintura no blog.Acesse e receba as 7 dicas de restaura\u00e7\u00e3o de m\u00f3veis gr\u00e1tis! Servi\u00e7os,cursos, artigos,etc.\" \/>\n<meta property=\"og:url\" content=\"http:\/\/tatianaleal.com.br\/decoracao\/servicos\/patina-em-madeira\/\" \/>\n<meta property=\"og:site_name\" content=\"Pinturas especiais\" \/>\n<meta property=\"article:modified_time\" content=\"2018-05-03T23:01:55+00:00\" \/>\n<meta property=\"og:image\" content=\"http:\/\/tatianaleal.com.br\/decoracao\/wp-content\/uploads\/2013\/08\/crian\u00e7as.png\" \/>\n\t<meta property=\"og:image:width\" content=\"445\" \/>\n\t<meta property=\"og:image:height\" content=\"486\" \/>\n\t<meta property=\"og:image:type\" content=\"image\/png\" \/>\n<meta name=\"twitter:label1\" content=\"Est. tempo de leitura\" \/>\n\t<meta name=\"twitter:data1\" content=\"4 minutos\" \/>\n<script type=\"application\/ld+json\" class=\"yoast-schema-graph\">{\"@context\":\"https:\/\/schema.org\",\"@graph\":[{\"@type\":\"WebPage\",\"@id\":\"http:\/\/tatianaleal.com.br\/decoracao\/servicos\/patina-em-madeira\/\",\"url\":\"http:\/\/tatianaleal.com.br\/decoracao\/servicos\/patina-em-madeira\/\",\"name\":\"P\u00e1tina\",\"isPartOf\":{\"@id\":\"https:\/\/tatianaleal.com.br\/decoracao\/#website\"},\"primaryImageOfPage\":{\"@id\":\"http:\/\/tatianaleal.com.br\/decoracao\/servicos\/patina-em-madeira\/#primaryimage\"},\"image\":{\"@id\":\"http:\/\/tatianaleal.com.br\/decoracao\/servicos\/patina-em-madeira\/#primaryimage\"},\"thumbnailUrl\":\"http:\/\/tatianaleal.com.br\/decoracao\/wp-content\/uploads\/2013\/08\/crian\u00e7as.png\",\"datePublished\":\"2013-08-13T16:27:58+00:00\",\"dateModified\":\"2018-05-03T23:01:55+00:00\",\"description\":\"P\u00e1tina em madeira e v\u00e1rios tipos dessa t\u00e9cnica de pintura no blog.Acesse e receba as 7 dicas de restaura\u00e7\u00e3o de m\u00f3veis gr\u00e1tis! Servi\u00e7os,cursos, artigos,etc.\",\"breadcrumb\":{\"@id\":\"http:\/\/tatianaleal.com.br\/decoracao\/servicos\/patina-em-madeira\/#breadcrumb\"},\"inLanguage\":\"pt-BR\",\"potentialAction\":[{\"@type\":\"ReadAction\",\"target\":[\"http:\/\/tatianaleal.com.br\/decoracao\/servicos\/patina-em-madeira\/\"]}]},{\"@type\":\"ImageObject\",\"inLanguage\":\"pt-BR\",\"@id\":\"http:\/\/tatianaleal.com.br\/decoracao\/servicos\/patina-em-madeira\/#primaryimage\",\"url\":\"http:\/\/tatianaleal.com.br\/decoracao\/wp-content\/uploads\/2013\/08\/crian\u00e7as.png\",\"contentUrl\":\"http:\/\/tatianaleal.com.br\/decoracao\/wp-content\/uploads\/2013\/08\/crian\u00e7as.png\",\"width\":445,\"height\":486},{\"@type\":\"BreadcrumbList\",\"@id\":\"http:\/\/tatianaleal.com.br\/decoracao\/servicos\/patina-em-madeira\/#breadcrumb\",\"itemListElement\":[{\"@type\":\"ListItem\",\"position\":1,\"name\":\"Home\",\"item\":\"https:\/\/tatianaleal.com.br\/decoracao\/\"},{\"@type\":\"ListItem\",\"position\":2,\"name\":\"Nossos servi\u00e7os\",\"item\":\"https:\/\/tatianaleal.com.br\/decoracao\/servicos\/\"},{\"@type\":\"ListItem\",\"position\":3,\"name\":\"P\u00e1tina em madeira \u00e9 uma \u00f3tima t\u00e9cnica de pintura para o seu m\u00f3vel\"}]},{\"@type\":\"WebSite\",\"@id\":\"https:\/\/tatianaleal.com.br\/decoracao\/#website\",\"url\":\"https:\/\/tatianaleal.com.br\/decoracao\/\",\"name\":\"Ateli\u00ea TL\",\"description\":\"Arte, restaura\u00e7\u00e3o de m\u00f3veis, decora\u00e7\u00e3o\",\"alternateName\":\"Pinturas decorativas\",\"potentialAction\":[{\"@type\":\"SearchAction\",\"target\":{\"@type\":\"EntryPoint\",\"urlTemplate\":\"https:\/\/tatianaleal.com.br\/decoracao\/?s={search_term_string}\"},\"query-input\":{\"@type\":\"PropertyValueSpecification\",\"valueRequired\":true,\"valueName\":\"search_term_string\"}}],\"inLanguage\":\"pt-BR\"}]}<\/script>\n<!-- \/ Yoast SEO plugin. -->","yoast_head_json":{"title":"P\u00e1tina","description":"P\u00e1tina em madeira e v\u00e1rios tipos dessa t\u00e9cnica de pintura no blog.Acesse e receba as 7 dicas de restaura\u00e7\u00e3o de m\u00f3veis gr\u00e1tis! Servi\u00e7os,cursos, artigos,etc.","robots":{"index":"index","follow":"follow","max-snippet":"max-snippet:-1","max-image-preview":"max-image-preview:large","max-video-preview":"max-video-preview:-1"},"canonical":"http:\/\/tatianaleal.com.br\/decoracao\/servicos\/patina-em-madeira\/","og_locale":"pt_BR","og_type":"article","og_title":"P\u00e1tina","og_description":"P\u00e1tina em madeira e v\u00e1rios tipos dessa t\u00e9cnica de pintura no blog.Acesse e receba as 7 dicas de restaura\u00e7\u00e3o de m\u00f3veis gr\u00e1tis! Servi\u00e7os,cursos, artigos,etc.","og_url":"http:\/\/tatianaleal.com.br\/decoracao\/servicos\/patina-em-madeira\/","og_site_name":"Pinturas especiais","article_modified_time":"2018-05-03T23:01:55+00:00","og_image":[{"width":445,"height":486,"url":"http:\/\/tatianaleal.com.br\/decoracao\/wp-content\/uploads\/2013\/08\/crian\u00e7as.png","type":"image\/png"}],"twitter_misc":{"Est. tempo de leitura":"4 minutos"},"schema":{"@context":"https:\/\/schema.org","@graph":[{"@type":"WebPage","@id":"http:\/\/tatianaleal.com.br\/decoracao\/servicos\/patina-em-madeira\/","url":"http:\/\/tatianaleal.com.br\/decoracao\/servicos\/patina-em-madeira\/","name":"P\u00e1tina","isPartOf":{"@id":"https:\/\/tatianaleal.com.br\/decoracao\/#website"},"primaryImageOfPage":{"@id":"http:\/\/tatianaleal.com.br\/decoracao\/servicos\/patina-em-madeira\/#primaryimage"},"image":{"@id":"http:\/\/tatianaleal.com.br\/decoracao\/servicos\/patina-em-madeira\/#primaryimage"},"thumbnailUrl":"http:\/\/tatianaleal.com.br\/decoracao\/wp-content\/uploads\/2013\/08\/crian\u00e7as.png","datePublished":"2013-08-13T16:27:58+00:00","dateModified":"2018-05-03T23:01:55+00:00","description":"P\u00e1tina em madeira e v\u00e1rios tipos dessa t\u00e9cnica de pintura no blog.Acesse e receba as 7 dicas de restaura\u00e7\u00e3o de m\u00f3veis gr\u00e1tis! Servi\u00e7os,cursos, artigos,etc.","breadcrumb":{"@id":"http:\/\/tatianaleal.com.br\/decoracao\/servicos\/patina-em-madeira\/#breadcrumb"},"inLanguage":"pt-BR","potentialAction":[{"@type":"ReadAction","target":["http:\/\/tatianaleal.com.br\/decoracao\/servicos\/patina-em-madeira\/"]}]},{"@type":"ImageObject","inLanguage":"pt-BR","@id":"http:\/\/tatianaleal.com.br\/decoracao\/servicos\/patina-em-madeira\/#primaryimage","url":"http:\/\/tatianaleal.com.br\/decoracao\/wp-content\/uploads\/2013\/08\/crian\u00e7as.png","contentUrl":"http:\/\/tatianaleal.com.br\/decoracao\/wp-content\/uploads\/2013\/08\/crian\u00e7as.png","width":445,"height":486},{"@type":"BreadcrumbList","@id":"http:\/\/tatianaleal.com.br\/decoracao\/servicos\/patina-em-madeira\/#breadcrumb","itemListElement":[{"@type":"ListItem","position":1,"name":"Home","item":"https:\/\/tatianaleal.com.br\/decoracao\/"},{"@type":"ListItem","position":2,"name":"Nossos servi\u00e7os","item":"https:\/\/tatianaleal.com.br\/decoracao\/servicos\/"},{"@type":"ListItem","position":3,"name":"P\u00e1tina em madeira \u00e9 uma \u00f3tima t\u00e9cnica de pintura para o seu m\u00f3vel"}]},{"@type":"WebSite","@id":"https:\/\/tatianaleal.com.br\/decoracao\/#website","url":"https:\/\/tatianaleal.com.br\/decoracao\/","name":"Ateli\u00ea TL","description":"Arte, restaura\u00e7\u00e3o de m\u00f3veis, decora\u00e7\u00e3o","alternateName":"Pinturas decorativas","potentialAction":[{"@type":"SearchAction","target":{"@type":"EntryPoint","urlTemplate":"https:\/\/tatianaleal.com.br\/decoracao\/?s={search_term_string}"},"query-input":{"@type":"PropertyValueSpecification","valueRequired":true,"valueName":"search_term_string"}}],"inLanguage":"pt-BR"}]}},"_links":{"self":[{"href":"http:\/\/tatianaleal.com.br\/decoracao\/wp-json\/wp\/v2\/pages\/2212","targetHints":{"allow":["GET"]}}],"collection":[{"href":"http:\/\/tatianaleal.com.br\/decoracao\/wp-json\/wp\/v2\/pages"}],"about":[{"href":"http:\/\/tatianaleal.com.br\/decoracao\/wp-json\/wp\/v2\/types\/page"}],"author":[{"embeddable":true,"href":"http:\/\/tatianaleal.com.br\/decoracao\/wp-json\/wp\/v2\/users\/1"}],"replies":[{"embeddable":true,"href":"http:\/\/tatianaleal.com.br\/decoracao\/wp-json\/wp\/v2\/comments?post=2212"}],"version-history":[{"count":55,"href":"http:\/\/tatianaleal.com.br\/decoracao\/wp-json\/wp\/v2\/pages\/2212\/revisions"}],"predecessor-version":[{"id":5514,"href":"http:\/\/tatianaleal.com.br\/decoracao\/wp-json\/wp\/v2\/pages\/2212\/revisions\/5514"}],"up":[{"embeddable":true,"href":"http:\/\/tatianaleal.com.br\/decoracao\/wp-json\/wp\/v2\/pages\/2208"}],"wp:featuredmedia":[{"embeddable":true,"href":"http:\/\/tatianaleal.com.br\/decoracao\/wp-json\/wp\/v2\/media\/3951"}],"wp:attachment":[{"href":"http:\/\/tatianaleal.com.br\/decoracao\/wp-json\/wp\/v2\/media?parent=2212"}],"curies":[{"name":"wp","href":"https:\/\/api.w.org\/{rel}","templated":true}]}}