{"id":2210,"date":"2013-08-13T16:27:44","date_gmt":"2013-08-13T16:27:44","guid":{"rendered":"http:\/\/tatianaleal.com.br\/decoracao\/?page_id=2210"},"modified":"2018-04-26T23:56:57","modified_gmt":"2018-04-27T02:56:57","slug":"restauracao-de-moveis","status":"publish","type":"page","link":"http:\/\/tatianaleal.com.br\/decoracao\/servicos\/restauracao-de-moveis\/","title":{"rendered":"Restaura\u00e7\u00e3o de m\u00f3veis"},"content":{"rendered":"<h1><\/h1>\n<p style=\"text-align: center;\">Veja esse video sobre <strong>restaura\u00e7\u00e3o de m\u00f3veis<\/strong> antigos restaurados:<\/p>\n<p><a href=\"https:\/\/www.youtube.com\/watch?v=CGwCtJFpXu4\" rel=\"attachment wp-att-4551\"><img fetchpriority=\"high\" decoding=\"async\" class=\"aligncenter wp-image-4551 size-full\"  title=\"\"  src=\"http:\/\/tatianaleal.com.br\/decoracao\/wp-content\/uploads\/2013\/08\/restauracao-de-moveis.png\"  alt=\"restauracao-de-moveis Restaura\u00e7\u00e3o de m\u00f3veis\"  width=\"839\" height=\"473\" srcset=\"http:\/\/tatianaleal.com.br\/decoracao\/wp-content\/uploads\/2013\/08\/restauracao-de-moveis.png 839w, http:\/\/tatianaleal.com.br\/decoracao\/wp-content\/uploads\/2013\/08\/restauracao-de-moveis-300x169.png 300w, http:\/\/tatianaleal.com.br\/decoracao\/wp-content\/uploads\/2013\/08\/restauracao-de-moveis-768x433.png 768w\" sizes=\"(max-width: 839px) 100vw, 839px\" \/><\/a><\/p>\n<p>&nbsp;<\/p>\n<h3 style=\"text-align: center;\">Veja abaixo esses\u00a0m\u00f3veis antigos restaurados:<\/h3>\n\n\t\t\t<div id='2210-1' class='gallery gallery-2210 gallery-columns-3 gallery-size-thumbnail' itemscope itemtype='http:\/\/schema.org\/ImageGallery'>\n\t\t\t\t<div class='gallery-row gallery-col-3 gallery-clear'>\n\t\t\t\t\t<figure class='gallery-item col-3' itemprop='associatedMedia' itemscope itemtype='http:\/\/schema.org\/ImageObject'>\n\t\t\t\t\t\t<div class='gallery-icon landscape'><a href='http:\/\/tatianaleal.com.br\/decoracao\/servicos\/restauracao-de-moveis\/10603328_445962708878649_7024095072728936267_n-3\/' itemprop=\"contentURL\"><img  title=\"\" decoding=\"async\" width=\"150\" height=\"150\" src=\"http:\/\/tatianaleal.com.br\/decoracao\/wp-content\/uploads\/2015\/01\/10603328_445962708878649_7024095072728936267_n1-150x150.jpg\" class=\"attachment-thumbnail size-thumbnail\"  alt=\"10603328_445962708878649_7024095072728936267_n1-150x150 Restaura\u00e7\u00e3o de m\u00f3veis\"  srcset=\"http:\/\/tatianaleal.com.br\/decoracao\/wp-content\/uploads\/2015\/01\/10603328_445962708878649_7024095072728936267_n1-150x150.jpg 150w, http:\/\/tatianaleal.com.br\/decoracao\/wp-content\/uploads\/2015\/01\/10603328_445962708878649_7024095072728936267_n1-55x55.jpg 55w\" sizes=\"(max-width: 150px) 100vw, 150px\" itemprop=\"thumbnail\" \/><\/a><\/div>\n\t\t\t\t\t\t<figcaption class='gallery-caption' itemprop='caption'>Cristaleira<\/figcaption>\n\t\t\t\t\t<\/figure>\n\t\t\t\t\t<figure class='gallery-item col-3' itemprop='associatedMedia' itemscope itemtype='http:\/\/schema.org\/ImageObject'>\n\t\t\t\t\t\t<div class='gallery-icon landscape'><a href='http:\/\/tatianaleal.com.br\/decoracao\/100_1475-2\/' itemprop=\"contentURL\"><img  title=\"\" decoding=\"async\" width=\"150\" height=\"150\" src=\"http:\/\/tatianaleal.com.br\/decoracao\/wp-content\/uploads\/2015\/01\/100_1475-150x150.jpg\" class=\"attachment-thumbnail size-thumbnail\"  alt=\"100_1475-150x150 Restaura\u00e7\u00e3o de m\u00f3veis\"  srcset=\"http:\/\/tatianaleal.com.br\/decoracao\/wp-content\/uploads\/2015\/01\/100_1475-150x150.jpg 150w, http:\/\/tatianaleal.com.br\/decoracao\/wp-content\/uploads\/2015\/01\/100_1475-55x55.jpg 55w\" sizes=\"(max-width: 150px) 100vw, 150px\" itemprop=\"thumbnail\" \/><\/a><\/div>\n\t\t\t\t\t\t<figcaption class='gallery-caption' itemprop='caption'>Molduras eg\u00edpcias com a t\u00e9cnica Doura\u00e7\u00e3o<\/figcaption>\n\t\t\t\t\t<\/figure>\n\t\t\t\t\t<figure class='gallery-item col-3' itemprop='associatedMedia' itemscope itemtype='http:\/\/schema.org\/ImageObject'>\n\t\t\t\t\t\t<div class='gallery-icon landscape'><a href='http:\/\/tatianaleal.com.br\/decoracao\/100_1439-2\/' itemprop=\"contentURL\"><img  title=\"\" loading=\"lazy\" decoding=\"async\" width=\"150\" height=\"150\" src=\"http:\/\/tatianaleal.com.br\/decoracao\/wp-content\/uploads\/2015\/01\/100_1439-150x150.jpg\" class=\"attachment-thumbnail size-thumbnail\"  alt=\"100_1439-150x150 Restaura\u00e7\u00e3o de m\u00f3veis\"  srcset=\"http:\/\/tatianaleal.com.br\/decoracao\/wp-content\/uploads\/2015\/01\/100_1439-150x150.jpg 150w, http:\/\/tatianaleal.com.br\/decoracao\/wp-content\/uploads\/2015\/01\/100_1439-55x55.jpg 55w\" sizes=\"(max-width: 150px) 100vw, 150px\" itemprop=\"thumbnail\" \/><\/a><\/div>\n\t\t\t\t\t\t<figcaption class='gallery-caption' itemprop='caption'>Mesa de centro<\/figcaption>\n\t\t\t\t\t<\/figure>\n\t\t\t\t<\/div>\n\t\t\t\t<div class='gallery-row gallery-col-3 gallery-clear'>\n\t\t\t\t\t<figure class='gallery-item col-3' itemprop='associatedMedia' itemscope itemtype='http:\/\/schema.org\/ImageObject'>\n\t\t\t\t\t\t<div class='gallery-icon landscape'><a href='http:\/\/tatianaleal.com.br\/decoracao\/servicos\/restauracao-de-moveis\/10624844_446375388837381_5914364407373272910_n\/' itemprop=\"contentURL\"><img  title=\"\" loading=\"lazy\" decoding=\"async\" width=\"150\" height=\"150\" src=\"http:\/\/tatianaleal.com.br\/decoracao\/wp-content\/uploads\/2013\/08\/10624844_446375388837381_5914364407373272910_n-150x150.jpg\" class=\"attachment-thumbnail size-thumbnail\"  alt=\"10624844_446375388837381_5914364407373272910_n-150x150 Restaura\u00e7\u00e3o de m\u00f3veis\"  srcset=\"http:\/\/tatianaleal.com.br\/decoracao\/wp-content\/uploads\/2013\/08\/10624844_446375388837381_5914364407373272910_n-150x150.jpg 150w, http:\/\/tatianaleal.com.br\/decoracao\/wp-content\/uploads\/2013\/08\/10624844_446375388837381_5914364407373272910_n-55x55.jpg 55w\" sizes=\"(max-width: 150px) 100vw, 150px\" itemprop=\"thumbnail\" \/><\/a><\/div>\n\t\t\t\t\t\t<figcaption class='gallery-caption' itemprop='caption'>Comoda eg\u00edpcia<\/figcaption>\n\t\t\t\t\t<\/figure>\n\t\t\t\t\t<figure class='gallery-item col-3' itemprop='associatedMedia' itemscope itemtype='http:\/\/schema.org\/ImageObject'>\n\t\t\t\t\t\t<div class='gallery-icon landscape'><a href='http:\/\/tatianaleal.com.br\/decoracao\/servicos\/restauracao-de-moveis\/100_1486\/' itemprop=\"contentURL\"><img  title=\"\" loading=\"lazy\" decoding=\"async\" width=\"150\" height=\"150\" src=\"http:\/\/tatianaleal.com.br\/decoracao\/wp-content\/uploads\/2013\/08\/100_1486-150x150.jpg\" class=\"attachment-thumbnail size-thumbnail\"  alt=\"100_1486-150x150 Restaura\u00e7\u00e3o de m\u00f3veis\"  srcset=\"http:\/\/tatianaleal.com.br\/decoracao\/wp-content\/uploads\/2013\/08\/100_1486-150x150.jpg 150w, http:\/\/tatianaleal.com.br\/decoracao\/wp-content\/uploads\/2013\/08\/100_1486-55x55.jpg 55w\" sizes=\"(max-width: 150px) 100vw, 150px\" itemprop=\"thumbnail\" \/><\/a><\/div>\n\t\t\t\t\t\t<figcaption class='gallery-caption' itemprop='caption'>M\u00f3vel eg\u00edpcio<\/figcaption>\n\t\t\t\t\t<\/figure>\n\t\t\t\t\t<figure class='gallery-item col-3' itemprop='associatedMedia' itemscope itemtype='http:\/\/schema.org\/ImageObject'>\n\t\t\t\t\t\t<div class='gallery-icon landscape'><a href='http:\/\/tatianaleal.com.br\/decoracao\/servicos\/restauracao-de-moveis\/100_2313\/' itemprop=\"contentURL\"><img  title=\"\" loading=\"lazy\" decoding=\"async\" width=\"150\" height=\"150\" src=\"http:\/\/tatianaleal.com.br\/decoracao\/wp-content\/uploads\/2013\/08\/100_2313-150x150.jpg\" class=\"attachment-thumbnail size-thumbnail\"  alt=\"100_2313-150x150 Restaura\u00e7\u00e3o de m\u00f3veis\"  srcset=\"http:\/\/tatianaleal.com.br\/decoracao\/wp-content\/uploads\/2013\/08\/100_2313-150x150.jpg 150w, http:\/\/tatianaleal.com.br\/decoracao\/wp-content\/uploads\/2013\/08\/100_2313-55x55.jpg 55w\" sizes=\"(max-width: 150px) 100vw, 150px\" itemprop=\"thumbnail\" \/><\/a><\/div>\n\t\t\t\t\t\t<figcaption class='gallery-caption' itemprop='caption'>Poltrona<\/figcaption>\n\t\t\t\t\t<\/figure>\n\t\t\t\t<\/div>\n\t\t\t\t<div class='gallery-row gallery-col-3 gallery-clear'>\n\t\t\t\t\t<figure class='gallery-item col-3' itemprop='associatedMedia' itemscope itemtype='http:\/\/schema.org\/ImageObject'>\n\t\t\t\t\t\t<div class='gallery-icon landscape'><a href='http:\/\/tatianaleal.com.br\/decoracao\/servicos\/restauracao-de-moveis\/100_2335\/' itemprop=\"contentURL\"><img  title=\"\" loading=\"lazy\" decoding=\"async\" width=\"150\" height=\"150\" src=\"http:\/\/tatianaleal.com.br\/decoracao\/wp-content\/uploads\/2013\/08\/100_2335-150x150.jpg\" class=\"attachment-thumbnail size-thumbnail\"  alt=\"100_2335-150x150 Restaura\u00e7\u00e3o de m\u00f3veis\"  srcset=\"http:\/\/tatianaleal.com.br\/decoracao\/wp-content\/uploads\/2013\/08\/100_2335-150x150.jpg 150w, http:\/\/tatianaleal.com.br\/decoracao\/wp-content\/uploads\/2013\/08\/100_2335-55x55.jpg 55w\" sizes=\"(max-width: 150px) 100vw, 150px\" itemprop=\"thumbnail\" \/><\/a><\/div>\n\t\t\t\t\t\t<figcaption class='gallery-caption' itemprop='caption'>Pil\u00e3o<\/figcaption>\n\t\t\t\t\t<\/figure>\n\t\t\t\t\t<figure class='gallery-item col-3' itemprop='associatedMedia' itemscope itemtype='http:\/\/schema.org\/ImageObject'>\n\t\t\t\t\t\t<div class='gallery-icon landscape'><a href='http:\/\/tatianaleal.com.br\/decoracao\/servicos\/restauracao-de-moveis\/100_2337\/' itemprop=\"contentURL\"><img  title=\"\" loading=\"lazy\" decoding=\"async\" width=\"150\" height=\"150\" src=\"http:\/\/tatianaleal.com.br\/decoracao\/wp-content\/uploads\/2013\/08\/100_2337-150x150.jpg\" class=\"attachment-thumbnail size-thumbnail\"  alt=\"100_2337-150x150 Restaura\u00e7\u00e3o de m\u00f3veis\"  srcset=\"http:\/\/tatianaleal.com.br\/decoracao\/wp-content\/uploads\/2013\/08\/100_2337-150x150.jpg 150w, http:\/\/tatianaleal.com.br\/decoracao\/wp-content\/uploads\/2013\/08\/100_2337-55x55.jpg 55w\" sizes=\"(max-width: 150px) 100vw, 150px\" itemprop=\"thumbnail\" \/><\/a><\/div>\n\t\t\t\t\t\t<figcaption class='gallery-caption' itemprop='caption'>Aparador<\/figcaption>\n\t\t\t\t\t<\/figure>\n\t\t\t\t\t<figure class='gallery-item col-3' itemprop='associatedMedia' itemscope itemtype='http:\/\/schema.org\/ImageObject'>\n\t\t\t\t\t\t<div class='gallery-icon landscape'><a href='http:\/\/tatianaleal.com.br\/decoracao\/servicos\/restauracao-de-moveis\/100_2341\/' itemprop=\"contentURL\"><img  title=\"\" loading=\"lazy\" decoding=\"async\" width=\"150\" height=\"150\" src=\"http:\/\/tatianaleal.com.br\/decoracao\/wp-content\/uploads\/2013\/08\/100_2341-150x150.jpg\" class=\"attachment-thumbnail size-thumbnail\"  alt=\"100_2341-150x150 Restaura\u00e7\u00e3o de m\u00f3veis\"  srcset=\"http:\/\/tatianaleal.com.br\/decoracao\/wp-content\/uploads\/2013\/08\/100_2341-150x150.jpg 150w, http:\/\/tatianaleal.com.br\/decoracao\/wp-content\/uploads\/2013\/08\/100_2341-55x55.jpg 55w\" sizes=\"(max-width: 150px) 100vw, 150px\" itemprop=\"thumbnail\" \/><\/a><\/div>\n\t\t\t\t\t\t<figcaption class='gallery-caption' itemprop='caption'>Cadeira de balan\u00e7o<\/figcaption>\n\t\t\t\t\t<\/figure>\n\t\t\t\t<\/div>\n\t\t\t\t<div class='gallery-row gallery-col-3 gallery-clear'>\n\t\t\t\t\t<figure class='gallery-item col-3' itemprop='associatedMedia' itemscope itemtype='http:\/\/schema.org\/ImageObject'>\n\t\t\t\t\t\t<div class='gallery-icon landscape'><a href='http:\/\/tatianaleal.com.br\/decoracao\/servicos\/restauracao-de-moveis\/100_2342\/' itemprop=\"contentURL\"><img  title=\"\" loading=\"lazy\" decoding=\"async\" width=\"150\" height=\"150\" src=\"http:\/\/tatianaleal.com.br\/decoracao\/wp-content\/uploads\/2013\/08\/100_2342-150x150.jpg\" class=\"attachment-thumbnail size-thumbnail\"  alt=\"100_2342-150x150 Restaura\u00e7\u00e3o de m\u00f3veis\"  srcset=\"http:\/\/tatianaleal.com.br\/decoracao\/wp-content\/uploads\/2013\/08\/100_2342-150x150.jpg 150w, http:\/\/tatianaleal.com.br\/decoracao\/wp-content\/uploads\/2013\/08\/100_2342-55x55.jpg 55w\" sizes=\"(max-width: 150px) 100vw, 150px\" itemprop=\"thumbnail\" \/><\/a><\/div>\n\t\t\t\t\t\t<figcaption class='gallery-caption' itemprop='caption'>Carrinho de ch\u00e1<\/figcaption>\n\t\t\t\t\t<\/figure>\n\t\t\t<\/div>\n\t\t\t<\/div><!-- .gallery -->\n\n<p style=\"text-align: center;\"><a href=\"http:\/\/loja.pinturademoveis.com.br\/cursodepinturaonline\/\" target=\"_blank\" rel=\"noopener\"><img  title=\"\" loading=\"lazy\" decoding=\"async\" class=\"aligncenter wp-image-5147 size-full\" src=\"http:\/\/tatianaleal.com.br\/decoracao\/wp-content\/uploads\/2015\/02\/curso-de-pintura-online.png\"  alt=\"curso-de-pintura-online Restaura\u00e7\u00e3o de m\u00f3veis\"  width=\"800\" height=\"299\" srcset=\"http:\/\/tatianaleal.com.br\/decoracao\/wp-content\/uploads\/2015\/02\/curso-de-pintura-online.png 800w, http:\/\/tatianaleal.com.br\/decoracao\/wp-content\/uploads\/2015\/02\/curso-de-pintura-online-300x112.png 300w, http:\/\/tatianaleal.com.br\/decoracao\/wp-content\/uploads\/2015\/02\/curso-de-pintura-online-768x287.png 768w\" sizes=\"(max-width: 800px) 100vw, 800px\" \/><\/a><\/p>\n","protected":false},"excerpt":{"rendered":"<p>Veja esse video sobre restaura\u00e7\u00e3o de m\u00f3veis antigos restaurados: &nbsp; Veja abaixo esses\u00a0m\u00f3veis antigos restaurados:<\/p>\n","protected":false},"author":1,"featured_media":0,"parent":2208,"menu_order":0,"comment_status":"open","ping_status":"open","template":"","meta":{"_monsterinsights_skip_tracking":false,"_monsterinsights_sitenote_active":false,"_monsterinsights_sitenote_note":"","_monsterinsights_sitenote_category":0,"_joinchat":[],"footnotes":"","_links_to":"","_links_to_target":""},"class_list":["entry","page","publish","author-admin","post-2210"],"yoast_head":"<!-- This site is optimized with the Yoast SEO plugin v27.2 - https:\/\/yoast.com\/product\/yoast-seo-wordpress\/ -->\n<title>Restaura\u00e7\u00e3o de m\u00f3veis, renove o seu m\u00f3vel antigo!<\/title>\n<meta name=\"description\" content=\"Servi\u00e7os de restauro de m\u00f3veis antigos, P\u00e1tina, Marmoriza\u00e7\u00e3o, curso online, e muito mais, em SP. Dicas de pintura e decora\u00e7\u00e3o...\" \/>\n<meta name=\"robots\" content=\"index, follow, max-snippet:-1, max-image-preview:large, max-video-preview:-1\" \/>\n<link rel=\"canonical\" href=\"http:\/\/tatianaleal.com.br\/decoracao\/servicos\/restauracao-de-moveis\/\" \/>\n<meta property=\"og:locale\" content=\"pt_BR\" \/>\n<meta property=\"og:type\" content=\"article\" \/>\n<meta property=\"og:title\" content=\"Restaura\u00e7\u00e3o de m\u00f3veis, renove o seu m\u00f3vel antigo!\" \/>\n<meta property=\"og:description\" content=\"Servi\u00e7os de restauro de m\u00f3veis antigos, P\u00e1tina, Marmoriza\u00e7\u00e3o, curso online, e muito mais, em SP. Dicas de pintura e decora\u00e7\u00e3o...\" \/>\n<meta property=\"og:url\" content=\"http:\/\/tatianaleal.com.br\/decoracao\/servicos\/restauracao-de-moveis\/\" \/>\n<meta property=\"og:site_name\" content=\"Pinturas especiais\" \/>\n<meta property=\"article:modified_time\" content=\"2018-04-27T02:56:57+00:00\" \/>\n<meta property=\"og:image\" content=\"http:\/\/tatianaleal.com.br\/decoracao\/wp-content\/uploads\/2015\/01\/10603328_445962708878649_7024095072728936267_n1-150x150.jpg\" \/>\n<script type=\"application\/ld+json\" class=\"yoast-schema-graph\">{\"@context\":\"https:\/\/schema.org\",\"@graph\":[{\"@type\":\"WebPage\",\"@id\":\"http:\/\/tatianaleal.com.br\/decoracao\/servicos\/restauracao-de-moveis\/\",\"url\":\"http:\/\/tatianaleal.com.br\/decoracao\/servicos\/restauracao-de-moveis\/\",\"name\":\"Restaura\u00e7\u00e3o de m\u00f3veis, renove o seu m\u00f3vel antigo!\",\"isPartOf\":{\"@id\":\"https:\/\/tatianaleal.com.br\/decoracao\/#website\"},\"primaryImageOfPage\":{\"@id\":\"http:\/\/tatianaleal.com.br\/decoracao\/servicos\/restauracao-de-moveis\/#primaryimage\"},\"image\":{\"@id\":\"http:\/\/tatianaleal.com.br\/decoracao\/servicos\/restauracao-de-moveis\/#primaryimage\"},\"thumbnailUrl\":\"http:\/\/tatianaleal.com.br\/decoracao\/wp-content\/uploads\/2013\/08\/restauracao-de-moveis.png\",\"datePublished\":\"2013-08-13T16:27:44+00:00\",\"dateModified\":\"2018-04-27T02:56:57+00:00\",\"description\":\"Servi\u00e7os de restauro de m\u00f3veis antigos, P\u00e1tina, Marmoriza\u00e7\u00e3o, curso online, e muito mais, em SP. Dicas de pintura e decora\u00e7\u00e3o...\",\"breadcrumb\":{\"@id\":\"http:\/\/tatianaleal.com.br\/decoracao\/servicos\/restauracao-de-moveis\/#breadcrumb\"},\"inLanguage\":\"pt-BR\",\"potentialAction\":[{\"@type\":\"ReadAction\",\"target\":[\"http:\/\/tatianaleal.com.br\/decoracao\/servicos\/restauracao-de-moveis\/\"]}]},{\"@type\":\"ImageObject\",\"inLanguage\":\"pt-BR\",\"@id\":\"http:\/\/tatianaleal.com.br\/decoracao\/servicos\/restauracao-de-moveis\/#primaryimage\",\"url\":\"http:\/\/tatianaleal.com.br\/decoracao\/wp-content\/uploads\/2013\/08\/restauracao-de-moveis.png\",\"contentUrl\":\"http:\/\/tatianaleal.com.br\/decoracao\/wp-content\/uploads\/2013\/08\/restauracao-de-moveis.png\",\"width\":839,\"height\":473},{\"@type\":\"BreadcrumbList\",\"@id\":\"http:\/\/tatianaleal.com.br\/decoracao\/servicos\/restauracao-de-moveis\/#breadcrumb\",\"itemListElement\":[{\"@type\":\"ListItem\",\"position\":1,\"name\":\"Home\",\"item\":\"https:\/\/tatianaleal.com.br\/decoracao\/\"},{\"@type\":\"ListItem\",\"position\":2,\"name\":\"Nossos servi\u00e7os\",\"item\":\"https:\/\/tatianaleal.com.br\/decoracao\/servicos\/\"},{\"@type\":\"ListItem\",\"position\":3,\"name\":\"Restaura\u00e7\u00e3o de m\u00f3veis\"}]},{\"@type\":\"WebSite\",\"@id\":\"https:\/\/tatianaleal.com.br\/decoracao\/#website\",\"url\":\"https:\/\/tatianaleal.com.br\/decoracao\/\",\"name\":\"Ateli\u00ea TL\",\"description\":\"Arte, restaura\u00e7\u00e3o de m\u00f3veis, decora\u00e7\u00e3o\",\"alternateName\":\"Pinturas decorativas\",\"potentialAction\":[{\"@type\":\"SearchAction\",\"target\":{\"@type\":\"EntryPoint\",\"urlTemplate\":\"https:\/\/tatianaleal.com.br\/decoracao\/?s={search_term_string}\"},\"query-input\":{\"@type\":\"PropertyValueSpecification\",\"valueRequired\":true,\"valueName\":\"search_term_string\"}}],\"inLanguage\":\"pt-BR\"}]}<\/script>\n<!-- \/ Yoast SEO plugin. -->","yoast_head_json":{"title":"Restaura\u00e7\u00e3o de m\u00f3veis, renove o seu m\u00f3vel antigo!","description":"Servi\u00e7os de restauro de m\u00f3veis antigos, P\u00e1tina, Marmoriza\u00e7\u00e3o, curso online, e muito mais, em SP. Dicas de pintura e decora\u00e7\u00e3o...","robots":{"index":"index","follow":"follow","max-snippet":"max-snippet:-1","max-image-preview":"max-image-preview:large","max-video-preview":"max-video-preview:-1"},"canonical":"http:\/\/tatianaleal.com.br\/decoracao\/servicos\/restauracao-de-moveis\/","og_locale":"pt_BR","og_type":"article","og_title":"Restaura\u00e7\u00e3o de m\u00f3veis, renove o seu m\u00f3vel antigo!","og_description":"Servi\u00e7os de restauro de m\u00f3veis antigos, P\u00e1tina, Marmoriza\u00e7\u00e3o, curso online, e muito mais, em SP. Dicas de pintura e decora\u00e7\u00e3o...","og_url":"http:\/\/tatianaleal.com.br\/decoracao\/servicos\/restauracao-de-moveis\/","og_site_name":"Pinturas especiais","article_modified_time":"2018-04-27T02:56:57+00:00","og_image":[{"url":"http:\/\/tatianaleal.com.br\/decoracao\/wp-content\/uploads\/2015\/01\/10603328_445962708878649_7024095072728936267_n1-150x150.jpg","type":"","width":"","height":""}],"schema":{"@context":"https:\/\/schema.org","@graph":[{"@type":"WebPage","@id":"http:\/\/tatianaleal.com.br\/decoracao\/servicos\/restauracao-de-moveis\/","url":"http:\/\/tatianaleal.com.br\/decoracao\/servicos\/restauracao-de-moveis\/","name":"Restaura\u00e7\u00e3o de m\u00f3veis, renove o seu m\u00f3vel antigo!","isPartOf":{"@id":"https:\/\/tatianaleal.com.br\/decoracao\/#website"},"primaryImageOfPage":{"@id":"http:\/\/tatianaleal.com.br\/decoracao\/servicos\/restauracao-de-moveis\/#primaryimage"},"image":{"@id":"http:\/\/tatianaleal.com.br\/decoracao\/servicos\/restauracao-de-moveis\/#primaryimage"},"thumbnailUrl":"http:\/\/tatianaleal.com.br\/decoracao\/wp-content\/uploads\/2013\/08\/restauracao-de-moveis.png","datePublished":"2013-08-13T16:27:44+00:00","dateModified":"2018-04-27T02:56:57+00:00","description":"Servi\u00e7os de restauro de m\u00f3veis antigos, P\u00e1tina, Marmoriza\u00e7\u00e3o, curso online, e muito mais, em SP. Dicas de pintura e decora\u00e7\u00e3o...","breadcrumb":{"@id":"http:\/\/tatianaleal.com.br\/decoracao\/servicos\/restauracao-de-moveis\/#breadcrumb"},"inLanguage":"pt-BR","potentialAction":[{"@type":"ReadAction","target":["http:\/\/tatianaleal.com.br\/decoracao\/servicos\/restauracao-de-moveis\/"]}]},{"@type":"ImageObject","inLanguage":"pt-BR","@id":"http:\/\/tatianaleal.com.br\/decoracao\/servicos\/restauracao-de-moveis\/#primaryimage","url":"http:\/\/tatianaleal.com.br\/decoracao\/wp-content\/uploads\/2013\/08\/restauracao-de-moveis.png","contentUrl":"http:\/\/tatianaleal.com.br\/decoracao\/wp-content\/uploads\/2013\/08\/restauracao-de-moveis.png","width":839,"height":473},{"@type":"BreadcrumbList","@id":"http:\/\/tatianaleal.com.br\/decoracao\/servicos\/restauracao-de-moveis\/#breadcrumb","itemListElement":[{"@type":"ListItem","position":1,"name":"Home","item":"https:\/\/tatianaleal.com.br\/decoracao\/"},{"@type":"ListItem","position":2,"name":"Nossos servi\u00e7os","item":"https:\/\/tatianaleal.com.br\/decoracao\/servicos\/"},{"@type":"ListItem","position":3,"name":"Restaura\u00e7\u00e3o de m\u00f3veis"}]},{"@type":"WebSite","@id":"https:\/\/tatianaleal.com.br\/decoracao\/#website","url":"https:\/\/tatianaleal.com.br\/decoracao\/","name":"Ateli\u00ea TL","description":"Arte, restaura\u00e7\u00e3o de m\u00f3veis, decora\u00e7\u00e3o","alternateName":"Pinturas decorativas","potentialAction":[{"@type":"SearchAction","target":{"@type":"EntryPoint","urlTemplate":"https:\/\/tatianaleal.com.br\/decoracao\/?s={search_term_string}"},"query-input":{"@type":"PropertyValueSpecification","valueRequired":true,"valueName":"search_term_string"}}],"inLanguage":"pt-BR"}]}},"_links":{"self":[{"href":"http:\/\/tatianaleal.com.br\/decoracao\/wp-json\/wp\/v2\/pages\/2210","targetHints":{"allow":["GET"]}}],"collection":[{"href":"http:\/\/tatianaleal.com.br\/decoracao\/wp-json\/wp\/v2\/pages"}],"about":[{"href":"http:\/\/tatianaleal.com.br\/decoracao\/wp-json\/wp\/v2\/types\/page"}],"author":[{"embeddable":true,"href":"http:\/\/tatianaleal.com.br\/decoracao\/wp-json\/wp\/v2\/users\/1"}],"replies":[{"embeddable":true,"href":"http:\/\/tatianaleal.com.br\/decoracao\/wp-json\/wp\/v2\/comments?post=2210"}],"version-history":[{"count":21,"href":"http:\/\/tatianaleal.com.br\/decoracao\/wp-json\/wp\/v2\/pages\/2210\/revisions"}],"predecessor-version":[{"id":5266,"href":"http:\/\/tatianaleal.com.br\/decoracao\/wp-json\/wp\/v2\/pages\/2210\/revisions\/5266"}],"up":[{"embeddable":true,"href":"http:\/\/tatianaleal.com.br\/decoracao\/wp-json\/wp\/v2\/pages\/2208"}],"wp:attachment":[{"href":"http:\/\/tatianaleal.com.br\/decoracao\/wp-json\/wp\/v2\/media?parent=2210"}],"curies":[{"name":"wp","href":"https:\/\/api.w.org\/{rel}","templated":true}]}}